{"id":3825,"date":"2022-03-29T10:44:00","date_gmt":"2022-03-29T08:44:00","guid":{"rendered":"https:\/\/btl.com.pl\/?post_type=product&#038;p=3825"},"modified":"2022-06-03T14:14:13","modified_gmt":"2022-06-03T12:14:13","slug":"zestaw-do-zagospodarowania-padlych-zwierzat","status":"publish","type":"product","link":"https:\/\/www.btl.com.pl\/en\/produkty\/weterynaria\/zestawy-do-zagospodarowania-padlych-zwierzat\/zestaw-do-zagospodarowania-padlych-zwierzat\/","title":{"rendered":"Zestaw do zagospodarowania pad\u0142ych zwierz\u0105t"},"content":{"rendered":"<p>Zestaw do zagospodarowania UPPZ lub pad\u0142ych zwierz\u0105t.<\/p>\n<p>W sk\u0142ad zestawu wchodz\u0105:<\/p>\n<ul>\n<li>worek z czarnej folii<\/li>\n<li>para r\u0119kawiczek<\/li>\n<li>zapi\u0119cie paskowe plastikowe<\/li>\n<li>etykieta<\/li>\n<\/ul>","protected":false},"excerpt":{"rendered":"<p>Zestaw do zagospodarowania UPPZ lub pad\u0142ych zwierz\u0105t. W sk\u0142ad zestawu wchodz\u0105: worek z czarnej folii para r\u0119kawiczek zapi\u0119cie paskowe plastikowe etykieta<\/p>","protected":false},"featured_media":0,"template":"","meta":[],"product_brand":[],"product_cat":[80,93],"product_tag":[],"class_list":{"0":"post-3825","1":"product","2":"type-product","3":"status-publish","5":"product_cat-weterynaria","6":"product_cat-zestawy-do-zagospodarowania-padlych-zwierzat","8":"first","9":"instock","10":"shipping-taxable","11":"product-type-simple"},"_links":{"self":[{"href":"https:\/\/www.btl.com.pl\/en\/wp-json\/wp\/v2\/product\/3825","targetHints":{"allow":["GET"]}}],"collection":[{"href":"https:\/\/www.btl.com.pl\/en\/wp-json\/wp\/v2\/product"}],"about":[{"href":"https:\/\/www.btl.com.pl\/en\/wp-json\/wp\/v2\/types\/product"}],"version-history":[{"count":2,"href":"https:\/\/www.btl.com.pl\/en\/wp-json\/wp\/v2\/product\/3825\/revisions"}],"predecessor-version":[{"id":3931,"href":"https:\/\/www.btl.com.pl\/en\/wp-json\/wp\/v2\/product\/3825\/revisions\/3931"}],"wp:attachment":[{"href":"https:\/\/www.btl.com.pl\/en\/wp-json\/wp\/v2\/media?parent=3825"}],"wp:term":[{"taxonomy":"product_brand","embeddable":true,"href":"https:\/\/www.btl.com.pl\/en\/wp-json\/wp\/v2\/product_brand?post=3825"},{"taxonomy":"product_cat","embeddable":true,"href":"https:\/\/www.btl.com.pl\/en\/wp-json\/wp\/v2\/product_cat?post=3825"},{"taxonomy":"product_tag","embeddable":true,"href":"https:\/\/www.btl.com.pl\/en\/wp-json\/wp\/v2\/product_tag?post=3825"}],"curies":[{"name":"wp","href":"https:\/\/api.w.org\/{rel}","templated":true}]}}