{"id":3821,"date":"2022-03-29T10:39:17","date_gmt":"2022-03-29T08:39:17","guid":{"rendered":"https:\/\/btl.com.pl\/?post_type=product&#038;p=3821"},"modified":"2022-06-05T11:50:04","modified_gmt":"2022-06-05T09:50:04","slug":"sterylne-woreczki-na-proby-z-polem-do-opisu","status":"publish","type":"product","link":"https:\/\/www.btl.com.pl\/en\/produkty\/weterynaria\/zestawy-do-badania-tusz-zwierzat-w-kierunku-salmonella\/sterylne-woreczki-na-proby-z-polem-do-opisu\/","title":{"rendered":"Sterylne woreczki na pr\u00f3by z polem do opisu"},"content":{"rendered":"<div class=\"block block-type-3\">\n<div class=\"row\">\n<div class=\"col-sm-12\">\n<div>nr katalogowy: <strong>HTS 65125<\/strong><\/div>\n<p><strong>Zastosowanie:<\/strong><\/p>\n<div>\n<p>Sterylny woreczek na pr\u00f3by o\u00a0wymiarach: 65 mm*125 mm<br \/>\n<strong>Wielko\u015b\u0107 opakowania:<\/strong><br \/>\n1 szt.<\/p>\n<\/div>\n<\/div>\n<\/div>\n<\/div>\n<div class=\"block block-type-3\">\n<div class=\"row\">\n<div class=\"col-sm-0\"><\/div>\n<div class=\"col-sm-12\">\n<div>nr katalogowy: <strong>HTS 1523<\/strong><\/div>\n<p><strong>Zastosowanie:<\/strong><\/p>\n<div>\n<p>Sterylny woreczek na pr\u00f3by o\u00a0pojemno\u015bci\u00a0710 ml,<br \/>\nwymiary: 150 mm*230 mm<br \/>\n<strong>Wielko\u015b\u0107 opakowania:<\/strong><br \/>\n1 szt.<\/p>\n<\/div>\n<\/div>\n<\/div>\n<\/div>\n<div class=\"block block-type-3\">\n<div class=\"row\">\n<div class=\"col-sm-0\"><\/div>\n<div class=\"col-sm-12\">\n<div>nr katalogowy: <strong>HTS 115230<\/strong><\/div>\n<p><strong>Zastosowanie:<\/strong><\/p>\n<div>\n<p>Sterylny woreczek na pr\u00f3by o\u00a0pojemno\u015bci\u00a0532 ml,<br \/>\nwymiary: 115 mm*230 mm<br \/>\n<strong>Wielko\u015b\u0107 opakowania:<\/strong><br \/>\n1 szt.<\/p>\n<\/div>\n<\/div>\n<\/div>\n<\/div>\n<div class=\"block block-type-3\">\n<div class=\"row\">\n<div class=\"col-sm-0\"><\/div>\n<div class=\"col-sm-12\">\n<div>nr katalogowy: <strong>HTS 75190<\/strong><\/div>\n<p><strong>Zastosowanie:<\/strong><\/p>\n<div>\n<p>Sterylny woreczek na pr\u00f3by o\u00a0pojemno\u015bci 118 ml\u00a0stoj\u0105cy,<br \/>\nwymiary: 75 mm*185 mm<br \/>\n<strong>Wielko\u015b\u0107 opakowania:<\/strong><br \/>\n1 szt.<\/p>\n<\/div>\n<\/div>\n<\/div>\n<\/div>\n<div class=\"block block-type-3\">\n<div class=\"row\">\n<div class=\"col-sm-0\"><\/div>\n<div class=\"col-sm-12\">\n<div>nr katalogowy: <strong>HTS 1930<\/strong><\/div>\n<p><strong>Zastosowanie:<\/strong><\/p>\n<div>\n<p>Sterylny woreczek na pr\u00f3by o\u00a0pojemno\u015bci 1627\u00a0ml,<br \/>\nwymiary: 190 mm*300 mm<br \/>\n<strong>Wielko\u015b\u0107 opakowania:<\/strong><br \/>\n1 szt.<\/p>\n<\/div>\n<\/div>\n<\/div>\n<\/div>","protected":false},"excerpt":{"rendered":"<p>nr katalogowy: HTS 65125 Zastosowanie: Sterylny woreczek na pr\u00f3by o\u00a0wymiarach: 65 mm*125 mm Wielko\u015b\u0107 opakowania: 1 szt. nr katalogowy: HTS 1523 Zastosowanie: Sterylny woreczek na pr\u00f3by o\u00a0pojemno\u015bci\u00a0710 ml, wymiary: 150 mm*230 mm Wielko\u015b\u0107 opakowania: 1 szt. nr katalogowy: HTS 115230 Zastosowanie: Sterylny woreczek na pr\u00f3by o\u00a0pojemno\u015bci\u00a0532 ml, wymiary: 115 mm*230 mm Wielko\u015b\u0107 opakowania: 1 szt. [&hellip;]<\/p>\n","protected":false},"featured_media":0,"template":"","meta":[],"product_brand":[],"product_cat":[80,90],"product_tag":[],"class_list":{"0":"post-3821","1":"product","2":"type-product","3":"status-publish","5":"product_cat-weterynaria","6":"product_cat-zestawy-do-badania-tusz-zwierzat-w-kierunku-salmonella","8":"first","9":"instock","10":"shipping-taxable","11":"product-type-simple"},"_links":{"self":[{"href":"https:\/\/www.btl.com.pl\/en\/wp-json\/wp\/v2\/product\/3821","targetHints":{"allow":["GET"]}}],"collection":[{"href":"https:\/\/www.btl.com.pl\/en\/wp-json\/wp\/v2\/product"}],"about":[{"href":"https:\/\/www.btl.com.pl\/en\/wp-json\/wp\/v2\/types\/product"}],"version-history":[{"count":2,"href":"https:\/\/www.btl.com.pl\/en\/wp-json\/wp\/v2\/product\/3821\/revisions"}],"predecessor-version":[{"id":3939,"href":"https:\/\/www.btl.com.pl\/en\/wp-json\/wp\/v2\/product\/3821\/revisions\/3939"}],"wp:attachment":[{"href":"https:\/\/www.btl.com.pl\/en\/wp-json\/wp\/v2\/media?parent=3821"}],"wp:term":[{"taxonomy":"product_brand","embeddable":true,"href":"https:\/\/www.btl.com.pl\/en\/wp-json\/wp\/v2\/product_brand?post=3821"},{"taxonomy":"product_cat","embeddable":true,"href":"https:\/\/www.btl.com.pl\/en\/wp-json\/wp\/v2\/product_cat?post=3821"},{"taxonomy":"product_tag","embeddable":true,"href":"https:\/\/www.btl.com.pl\/en\/wp-json\/wp\/v2\/product_tag?post=3821"}],"curies":[{"name":"wp","href":"https:\/\/api.w.org\/{rel}","templated":true}]}}