{"id":3817,"date":"2022-03-29T10:37:14","date_gmt":"2022-03-29T08:37:14","guid":{"rendered":"https:\/\/btl.com.pl\/?post_type=product&#038;p=3817"},"modified":"2022-06-05T11:50:33","modified_gmt":"2022-06-05T09:50:33","slug":"szablony-wielokrotnego-uzytku-ws-004","status":"publish","type":"product","link":"https:\/\/www.btl.com.pl\/en\/produkty\/weterynaria\/zestawy-do-badania-tusz-zwierzat-w-kierunku-salmonella\/szablony-wielokrotnego-uzytku-ws-004\/","title":{"rendered":"Szablony wielokrotnego u\u017cytku WS-004"},"content":{"rendered":"<div>nr katalogowy: <strong>WS-004<\/strong><\/div>\n<p><strong>Zastosowanie:<\/strong><\/p>\n<div>\n<p>Sterylny szablon wielokrotnego u\u017cytku o powierzchni otworu wewn\u0119trznego\u00a050 cm<sup>2 <\/sup>s\u0142u\u017cy do pobierania wymaz\u00f3w z tusz zwierz\u0105t w kierunku <em>Salmonella<\/em> zgodnie z norm\u0105 PN-ISO 17604. Szablon wykonany jest ze stali nierdzewnej pozwala na pobranie wymazu o powierzchni\u00a050 cm<sup>2<\/sup>.<br \/>\n<strong>Wielko\u015b\u0107 opakowania:<\/strong><br \/>\n1 szt.<\/p>\n<\/div>","protected":false},"excerpt":{"rendered":"<p>nr katalogowy: WS-004 Zastosowanie: Sterylny szablon wielokrotnego u\u017cytku o powierzchni otworu wewn\u0119trznego\u00a050 cm2 s\u0142u\u017cy do pobierania wymaz\u00f3w z tusz zwierz\u0105t w kierunku Salmonella zgodnie z norm\u0105 PN-ISO 17604. Szablon wykonany jest ze stali nierdzewnej pozwala na pobranie wymazu o powierzchni\u00a050 cm2. Wielko\u015b\u0107 opakowania: 1 szt.<\/p>","protected":false},"featured_media":0,"template":"","meta":[],"product_brand":[],"product_cat":[80,90],"product_tag":[],"class_list":{"0":"post-3817","1":"product","2":"type-product","3":"status-publish","5":"product_cat-weterynaria","6":"product_cat-zestawy-do-badania-tusz-zwierzat-w-kierunku-salmonella","8":"first","9":"instock","10":"shipping-taxable","11":"product-type-simple"},"_links":{"self":[{"href":"https:\/\/www.btl.com.pl\/en\/wp-json\/wp\/v2\/product\/3817","targetHints":{"allow":["GET"]}}],"collection":[{"href":"https:\/\/www.btl.com.pl\/en\/wp-json\/wp\/v2\/product"}],"about":[{"href":"https:\/\/www.btl.com.pl\/en\/wp-json\/wp\/v2\/types\/product"}],"version-history":[{"count":3,"href":"https:\/\/www.btl.com.pl\/en\/wp-json\/wp\/v2\/product\/3817\/revisions"}],"predecessor-version":[{"id":3944,"href":"https:\/\/www.btl.com.pl\/en\/wp-json\/wp\/v2\/product\/3817\/revisions\/3944"}],"wp:attachment":[{"href":"https:\/\/www.btl.com.pl\/en\/wp-json\/wp\/v2\/media?parent=3817"}],"wp:term":[{"taxonomy":"product_brand","embeddable":true,"href":"https:\/\/www.btl.com.pl\/en\/wp-json\/wp\/v2\/product_brand?post=3817"},{"taxonomy":"product_cat","embeddable":true,"href":"https:\/\/www.btl.com.pl\/en\/wp-json\/wp\/v2\/product_cat?post=3817"},{"taxonomy":"product_tag","embeddable":true,"href":"https:\/\/www.btl.com.pl\/en\/wp-json\/wp\/v2\/product_tag?post=3817"}],"curies":[{"name":"wp","href":"https:\/\/api.w.org\/{rel}","templated":true}]}}