{"id":3815,"date":"2022-03-29T10:36:15","date_gmt":"2022-03-29T08:36:15","guid":{"rendered":"https:\/\/btl.com.pl\/?post_type=product&#038;p=3815"},"modified":"2022-06-03T14:17:21","modified_gmt":"2022-06-03T12:17:21","slug":"szablony-wielokrotnego-uzytku-ws-003","status":"publish","type":"product","link":"https:\/\/www.btl.com.pl\/en\/produkty\/weterynaria\/zestawy-do-badania-tusz-zwierzat-w-kierunku-salmonella\/szablony-wielokrotnego-uzytku-ws-003\/","title":{"rendered":"Szablony wielokrotnego u\u017cytku WS-003"},"content":{"rendered":"<div>nr katalogowy: <strong>WS-003<\/strong><\/div>\n<p><strong>Zastosowanie:<\/strong><\/p>\n<div>\n<p>Sterylny szablon wielokrotnego u\u017cytku o powierzchni otworu wewn\u0119trznego 100 cm<sup>2 <\/sup>s\u0142u\u017cy do pobierania wymaz\u00f3w z tusz zwierz\u0105t w kierunku <em>Salmonella<\/em> zgodnie z norm\u0105 PN-ISO 17604. Szablon wykonany jest ze stali nierdzewnej pozwala na pobranie wymazu o powierzchni 100 cm<sup>2<\/sup>.<br \/>\n<strong>Wielko\u015b\u0107 opakowania:<\/strong><br \/>\n1 szt.<\/p>\n<\/div>","protected":false},"excerpt":{"rendered":"<p>nr katalogowy: WS-003 Zastosowanie: Sterylny szablon wielokrotnego u\u017cytku o powierzchni otworu wewn\u0119trznego 100 cm2 s\u0142u\u017cy do pobierania wymaz\u00f3w z tusz zwierz\u0105t w kierunku Salmonella zgodnie z norm\u0105 PN-ISO 17604. Szablon wykonany jest ze stali nierdzewnej pozwala na pobranie wymazu o powierzchni 100 cm2. Wielko\u015b\u0107 opakowania: 1 szt.<\/p>","protected":false},"featured_media":0,"template":"","meta":[],"product_brand":[],"product_cat":[80,90],"product_tag":[],"class_list":{"0":"post-3815","1":"product","2":"type-product","3":"status-publish","5":"product_cat-weterynaria","6":"product_cat-zestawy-do-badania-tusz-zwierzat-w-kierunku-salmonella","8":"first","9":"instock","10":"shipping-taxable","11":"product-type-simple"},"_links":{"self":[{"href":"https:\/\/www.btl.com.pl\/en\/wp-json\/wp\/v2\/product\/3815","targetHints":{"allow":["GET"]}}],"collection":[{"href":"https:\/\/www.btl.com.pl\/en\/wp-json\/wp\/v2\/product"}],"about":[{"href":"https:\/\/www.btl.com.pl\/en\/wp-json\/wp\/v2\/types\/product"}],"version-history":[{"count":3,"href":"https:\/\/www.btl.com.pl\/en\/wp-json\/wp\/v2\/product\/3815\/revisions"}],"predecessor-version":[{"id":3937,"href":"https:\/\/www.btl.com.pl\/en\/wp-json\/wp\/v2\/product\/3815\/revisions\/3937"}],"wp:attachment":[{"href":"https:\/\/www.btl.com.pl\/en\/wp-json\/wp\/v2\/media?parent=3815"}],"wp:term":[{"taxonomy":"product_brand","embeddable":true,"href":"https:\/\/www.btl.com.pl\/en\/wp-json\/wp\/v2\/product_brand?post=3815"},{"taxonomy":"product_cat","embeddable":true,"href":"https:\/\/www.btl.com.pl\/en\/wp-json\/wp\/v2\/product_cat?post=3815"},{"taxonomy":"product_tag","embeddable":true,"href":"https:\/\/www.btl.com.pl\/en\/wp-json\/wp\/v2\/product_tag?post=3815"}],"curies":[{"name":"wp","href":"https:\/\/api.w.org\/{rel}","templated":true}]}}