{"id":3813,"date":"2022-03-29T10:34:41","date_gmt":"2022-03-29T08:34:41","guid":{"rendered":"https:\/\/btl.com.pl\/?post_type=product&#038;p=3813"},"modified":"2022-06-05T12:58:52","modified_gmt":"2022-06-05T10:58:52","slug":"roztwor-fizjologiczny-chlorku-sodu-i-peptonu-ws-000","status":"publish","type":"product","link":"https:\/\/www.btl.com.pl\/en\/produkty\/weterynaria\/zestawy-do-badania-tusz-zwierzat-w-kierunku-salmonella\/roztwor-fizjologiczny-chlorku-sodu-i-peptonu-ws-000\/","title":{"rendered":"Roztw\u00f3r fizjologiczny chlorku sodu i peptonu WS-000"},"content":{"rendered":"<div>nr katalogowy: <strong>WS-000<\/strong><\/div>\n<p><strong>Zastosowanie:<\/strong><\/p>\n<div>\n<p>Roztw\u00f3r fizjologiczny chlorku sodu i peptonu przeznaczony do bada\u0144 tusz zwierz\u0105t w kierunku<em>Salmonella<\/em> zgodnie z norm\u0105 PN-ISO 17604. Roztw\u00f3r\u00a0\u0142\u0105czy w sobie ochronne w\u0142a\u015bciwosci peptonu oraz zapobiega szokowi i uszkodzeniu jakim mog\u0105\u00a0ulec drobnoustroje, dzi\u0119ki odpowiedniemu poziomowi chlorku sodu.<br \/>\n<strong>Wielko\u015b\u0107 opakowania:<br \/>\n<\/strong>1 szt &#8211; 10ml<\/p>\n<\/div>","protected":false},"excerpt":{"rendered":"<p>nr katalogowy: WS-000 Zastosowanie: Roztw\u00f3r fizjologiczny chlorku sodu i peptonu przeznaczony do bada\u0144 tusz zwierz\u0105t w kierunkuSalmonella zgodnie z norm\u0105 PN-ISO 17604. Roztw\u00f3r\u00a0\u0142\u0105czy w sobie ochronne w\u0142a\u015bciwosci peptonu oraz zapobiega szokowi i uszkodzeniu jakim mog\u0105\u00a0ulec drobnoustroje, dzi\u0119ki odpowiedniemu poziomowi chlorku sodu. Wielko\u015b\u0107 opakowania: 1 szt &#8211; 10ml<\/p>","protected":false},"featured_media":0,"template":"","meta":[],"product_brand":[],"product_cat":[80,90],"product_tag":[],"class_list":{"0":"post-3813","1":"product","2":"type-product","3":"status-publish","5":"product_cat-weterynaria","6":"product_cat-zestawy-do-badania-tusz-zwierzat-w-kierunku-salmonella","8":"first","9":"instock","10":"shipping-taxable","11":"product-type-simple"},"_links":{"self":[{"href":"https:\/\/www.btl.com.pl\/en\/wp-json\/wp\/v2\/product\/3813","targetHints":{"allow":["GET"]}}],"collection":[{"href":"https:\/\/www.btl.com.pl\/en\/wp-json\/wp\/v2\/product"}],"about":[{"href":"https:\/\/www.btl.com.pl\/en\/wp-json\/wp\/v2\/types\/product"}],"version-history":[{"count":2,"href":"https:\/\/www.btl.com.pl\/en\/wp-json\/wp\/v2\/product\/3813\/revisions"}],"predecessor-version":[{"id":3941,"href":"https:\/\/www.btl.com.pl\/en\/wp-json\/wp\/v2\/product\/3813\/revisions\/3941"}],"wp:attachment":[{"href":"https:\/\/www.btl.com.pl\/en\/wp-json\/wp\/v2\/media?parent=3813"}],"wp:term":[{"taxonomy":"product_brand","embeddable":true,"href":"https:\/\/www.btl.com.pl\/en\/wp-json\/wp\/v2\/product_brand?post=3813"},{"taxonomy":"product_cat","embeddable":true,"href":"https:\/\/www.btl.com.pl\/en\/wp-json\/wp\/v2\/product_cat?post=3813"},{"taxonomy":"product_tag","embeddable":true,"href":"https:\/\/www.btl.com.pl\/en\/wp-json\/wp\/v2\/product_tag?post=3813"}],"curies":[{"name":"wp","href":"https:\/\/api.w.org\/{rel}","templated":true}]}}