{"id":3809,"date":"2022-03-29T10:23:12","date_gmt":"2022-03-29T08:23:12","guid":{"rendered":"https:\/\/btl.com.pl\/?post_type=product&#038;p=3809"},"modified":"2022-06-06T16:25:28","modified_gmt":"2022-06-06T14:25:28","slug":"zestaw-do-mikrobiologicznych-badan-tusz-zwierzat-w-kierunku-listeria-monocytogenes-nr-katalogowy-ws-kj2","status":"publish","type":"product","link":"https:\/\/www.btl.com.pl\/en\/produkty\/weterynaria\/zestawy-do-badania-tusz-zwierzat-w-kierunku-salmonella\/zestaw-do-mikrobiologicznych-badan-tusz-zwierzat-w-kierunku-listeria-monocytogenes-nr-katalogowy-ws-kj2\/","title":{"rendered":"Zestaw do mikrobiologicznych bada\u0144 tusz zwierz\u0105t w kierunku listeria monocytogenes, nr katalogowy: WS-KJ2"},"content":{"rendered":"<div>nr katalogowy: <strong>WS-KJ2<\/strong><\/div>\n<p><strong>Zastosowanie:<\/strong><\/p>\n<div>\n<p>Zestaw przeznaczony do pobierania wymaz\u00f3w mikrobiologicznych z powierzchni oraz tusz zwierz\u0105t w kierunku bada\u0144 na Listeria spp.<\/p>\n<p><strong>Zestaw zawiera:\u00a0<\/strong><\/p>\n<ul>\n<li>g\u0105bk\u0119 steryln\u0105 umieszczon\u0105 w sterylnym plastikowym woreczku &#8211; 1 szt.<\/li>\n<li>roztw\u00f3r fizjologiczny chlorku sodu i peptonu &#8211; 10 ml &#8211; 1 szt.<\/li>\n<li>r\u0119kawiczki sterylne &#8211; 1 szt.<\/li>\n<li>szablon sterylny jednorazowego u\u017cytku z otworem wewn\u0119trznym 50 cm<sup>2 <\/sup>i 100 cm<sup>2<\/sup>\u00a0&#8211; 1 szt.<\/li>\n<\/ul>\n<p><strong>Wielko\u015b\u0107 opakowania<\/strong><\/p>\n<p>1 zestaw<\/p>\n<\/div>","protected":false},"excerpt":{"rendered":"<p>nr katalogowy: WS-KJ2 Zastosowanie: Zestaw przeznaczony do pobierania wymaz\u00f3w mikrobiologicznych z powierzchni oraz tusz zwierz\u0105t w kierunku bada\u0144 na Listeria spp. Zestaw zawiera:\u00a0 g\u0105bk\u0119 steryln\u0105 umieszczon\u0105 w sterylnym plastikowym woreczku &#8211; 1 szt. roztw\u00f3r fizjologiczny chlorku sodu i peptonu &#8211; 10 ml &#8211; 1 szt. r\u0119kawiczki sterylne &#8211; 1 szt. szablon sterylny jednorazowego u\u017cytku z [&hellip;]<\/p>\n","protected":false},"featured_media":0,"template":"","meta":[],"product_brand":[],"product_cat":[80,90],"product_tag":[],"class_list":{"0":"post-3809","1":"product","2":"type-product","3":"status-publish","5":"product_cat-weterynaria","6":"product_cat-zestawy-do-badania-tusz-zwierzat-w-kierunku-salmonella","8":"first","9":"instock","10":"shipping-taxable","11":"product-type-simple"},"_links":{"self":[{"href":"https:\/\/www.btl.com.pl\/en\/wp-json\/wp\/v2\/product\/3809","targetHints":{"allow":["GET"]}}],"collection":[{"href":"https:\/\/www.btl.com.pl\/en\/wp-json\/wp\/v2\/product"}],"about":[{"href":"https:\/\/www.btl.com.pl\/en\/wp-json\/wp\/v2\/types\/product"}],"version-history":[{"count":2,"href":"https:\/\/www.btl.com.pl\/en\/wp-json\/wp\/v2\/product\/3809\/revisions"}],"predecessor-version":[{"id":3945,"href":"https:\/\/www.btl.com.pl\/en\/wp-json\/wp\/v2\/product\/3809\/revisions\/3945"}],"wp:attachment":[{"href":"https:\/\/www.btl.com.pl\/en\/wp-json\/wp\/v2\/media?parent=3809"}],"wp:term":[{"taxonomy":"product_brand","embeddable":true,"href":"https:\/\/www.btl.com.pl\/en\/wp-json\/wp\/v2\/product_brand?post=3809"},{"taxonomy":"product_cat","embeddable":true,"href":"https:\/\/www.btl.com.pl\/en\/wp-json\/wp\/v2\/product_cat?post=3809"},{"taxonomy":"product_tag","embeddable":true,"href":"https:\/\/www.btl.com.pl\/en\/wp-json\/wp\/v2\/product_tag?post=3809"}],"curies":[{"name":"wp","href":"https:\/\/api.w.org\/{rel}","templated":true}]}}