{"id":3805,"date":"2022-03-29T10:18:54","date_gmt":"2022-03-29T08:18:54","guid":{"rendered":"https:\/\/btl.com.pl\/?post_type=product&#038;p=3805"},"modified":"2022-06-13T16:34:11","modified_gmt":"2022-06-13T14:34:11","slug":"zestaw-do-mikrobiologicznych-badan-tusz-zwierzat-w-kierunku-salmonella-ws-kj","status":"publish","type":"product","link":"https:\/\/www.btl.com.pl\/en\/produkty\/weterynaria\/zestawy-do-badania-tusz-zwierzat-w-kierunku-salmonella\/zestaw-do-mikrobiologicznych-badan-tusz-zwierzat-w-kierunku-salmonella-ws-kj\/","title":{"rendered":"Zestaw do mikrobiologicznych bada\u0144 tusz zwierz\u0105t w kierunku salmonella WS-KJ"},"content":{"rendered":"<div>nr katalogowy: <strong>WS-KJ<\/strong><\/div>\n<p><strong>Zastosowanie:<\/strong><\/p>\n<div>\n<p>Zestaw s\u0142u\u017cy do mikrobiologicznych bada\u0144 tusz w kierunku S<em>almonella<\/em> zgodnie z norm\u0105 PN-ISO 17604.<br \/>\n<strong>Zestaw zawiera:<br \/>\n\u00b7<\/strong> g\u0105bka sterylna umieszczona w sterylnym plastikowym woreczku\u00a0&#8211; 1 szt.<br \/>\n<strong>\u00b7<\/strong> roztw\u00f3r fizjologiczny chlorku sodu i peptonu \u2013 25 ml\u00a0&#8211; 1 szt.<br \/>\n<strong>\u00b7<\/strong> r\u0119kawiczki sterylne\u00a0\u00a0&#8211; 1 szt.<br \/>\n<strong>\u00b7<\/strong> szablon sterylny jednorazowego u\u017cytku z otworem wewn\u0119trznym 50 cm\u00b2 i 100 cm\u00b2 &#8211; 1 szt.<br \/>\n<strong>Wielko\u015b\u0107 opakowania:<\/strong><br \/>\n1 zestaw<\/p>\n<\/div>","protected":false},"excerpt":{"rendered":"<p>nr katalogowy: WS-KJ Zastosowanie: Zestaw s\u0142u\u017cy do mikrobiologicznych bada\u0144 tusz w kierunku Salmonella zgodnie z norm\u0105 PN-ISO 17604. Zestaw zawiera: \u00b7 g\u0105bka sterylna umieszczona w sterylnym plastikowym woreczku\u00a0&#8211; 1 szt. \u00b7 roztw\u00f3r fizjologiczny chlorku sodu i peptonu \u2013 25 ml\u00a0&#8211; 1 szt. \u00b7 r\u0119kawiczki sterylne\u00a0\u00a0&#8211; 1 szt. \u00b7 szablon sterylny jednorazowego u\u017cytku z otworem wewn\u0119trznym [&hellip;]<\/p>\n","protected":false},"featured_media":0,"template":"","meta":[],"product_brand":[],"product_cat":[80,90],"product_tag":[],"class_list":{"0":"post-3805","1":"product","2":"type-product","3":"status-publish","5":"product_cat-weterynaria","6":"product_cat-zestawy-do-badania-tusz-zwierzat-w-kierunku-salmonella","8":"first","9":"instock","10":"shipping-taxable","11":"product-type-simple"},"_links":{"self":[{"href":"https:\/\/www.btl.com.pl\/en\/wp-json\/wp\/v2\/product\/3805","targetHints":{"allow":["GET"]}}],"collection":[{"href":"https:\/\/www.btl.com.pl\/en\/wp-json\/wp\/v2\/product"}],"about":[{"href":"https:\/\/www.btl.com.pl\/en\/wp-json\/wp\/v2\/types\/product"}],"version-history":[{"count":2,"href":"https:\/\/www.btl.com.pl\/en\/wp-json\/wp\/v2\/product\/3805\/revisions"}],"predecessor-version":[{"id":3948,"href":"https:\/\/www.btl.com.pl\/en\/wp-json\/wp\/v2\/product\/3805\/revisions\/3948"}],"wp:attachment":[{"href":"https:\/\/www.btl.com.pl\/en\/wp-json\/wp\/v2\/media?parent=3805"}],"wp:term":[{"taxonomy":"product_brand","embeddable":true,"href":"https:\/\/www.btl.com.pl\/en\/wp-json\/wp\/v2\/product_brand?post=3805"},{"taxonomy":"product_cat","embeddable":true,"href":"https:\/\/www.btl.com.pl\/en\/wp-json\/wp\/v2\/product_cat?post=3805"},{"taxonomy":"product_tag","embeddable":true,"href":"https:\/\/www.btl.com.pl\/en\/wp-json\/wp\/v2\/product_tag?post=3805"}],"curies":[{"name":"wp","href":"https:\/\/api.w.org\/{rel}","templated":true}]}}