{"id":3799,"date":"2022-03-29T10:11:31","date_gmt":"2022-03-29T08:11:31","guid":{"rendered":"https:\/\/btl.com.pl\/?post_type=product&#038;p=3799"},"modified":"2022-06-13T16:35:03","modified_gmt":"2022-06-13T14:35:03","slug":"buciki-z-wlokniny-sterylne-wsd-007","status":"publish","type":"product","link":"https:\/\/www.btl.com.pl\/en\/produkty\/weterynaria\/zestawy-do-badania-ferm-drobiu-w-kierunku-salmonella\/buciki-z-wlokniny-sterylne-wsd-007\/","title":{"rendered":"Buciki z w\u0142\u00f3kniny &#8211; sterylne WSD-007"},"content":{"rendered":"<div>nr katalogowy: <strong>WSD-007<\/strong><\/div>\n<p><strong>Zastosowanie:<\/strong><\/p>\n<div>\n<p>Sterylne buciki z\u00a0w\u0142\u00f3kniny s\u0142u\u017c\u0105 do wymaz\u00f3w podeszwowych na fermach drobiu w kierunku<em>Salmonella.<br \/>\n<\/em><strong>Wielko\u015b\u0107 opakowania:<br \/>\n<\/strong>1 para<\/p>\n<\/div>","protected":false},"excerpt":{"rendered":"<p>nr katalogowy: WSD-007 Zastosowanie: Sterylne buciki z\u00a0w\u0142\u00f3kniny s\u0142u\u017c\u0105 do wymaz\u00f3w podeszwowych na fermach drobiu w kierunkuSalmonella. Wielko\u015b\u0107 opakowania: 1 para<\/p>","protected":false},"featured_media":0,"template":"","meta":[],"product_brand":[],"product_cat":[80,91],"product_tag":[],"class_list":{"0":"post-3799","1":"product","2":"type-product","3":"status-publish","5":"product_cat-weterynaria","6":"product_cat-zestawy-do-badania-ferm-drobiu-w-kierunku-salmonella","8":"first","9":"instock","10":"shipping-taxable","11":"product-type-simple"},"_links":{"self":[{"href":"https:\/\/www.btl.com.pl\/en\/wp-json\/wp\/v2\/product\/3799","targetHints":{"allow":["GET"]}}],"collection":[{"href":"https:\/\/www.btl.com.pl\/en\/wp-json\/wp\/v2\/product"}],"about":[{"href":"https:\/\/www.btl.com.pl\/en\/wp-json\/wp\/v2\/types\/product"}],"version-history":[{"count":2,"href":"https:\/\/www.btl.com.pl\/en\/wp-json\/wp\/v2\/product\/3799\/revisions"}],"predecessor-version":[{"id":3949,"href":"https:\/\/www.btl.com.pl\/en\/wp-json\/wp\/v2\/product\/3799\/revisions\/3949"}],"wp:attachment":[{"href":"https:\/\/www.btl.com.pl\/en\/wp-json\/wp\/v2\/media?parent=3799"}],"wp:term":[{"taxonomy":"product_brand","embeddable":true,"href":"https:\/\/www.btl.com.pl\/en\/wp-json\/wp\/v2\/product_brand?post=3799"},{"taxonomy":"product_cat","embeddable":true,"href":"https:\/\/www.btl.com.pl\/en\/wp-json\/wp\/v2\/product_cat?post=3799"},{"taxonomy":"product_tag","embeddable":true,"href":"https:\/\/www.btl.com.pl\/en\/wp-json\/wp\/v2\/product_tag?post=3799"}],"curies":[{"name":"wp","href":"https:\/\/api.w.org\/{rel}","templated":true}]}}