{"id":3794,"date":"2022-03-29T10:08:57","date_gmt":"2022-03-29T08:08:57","guid":{"rendered":"https:\/\/btl.com.pl\/?post_type=product&#038;p=3794"},"modified":"2022-03-29T10:09:21","modified_gmt":"2022-03-29T08:09:21","slug":"zestaw-do-wymazow-podeszwowych-z-bucikiem-z-wlokniny-podwojny-wsd-zw2-wsd-zw2","status":"publish","type":"product","link":"https:\/\/www.btl.com.pl\/en\/produkty\/weterynaria\/zestawy-do-badania-ferm-drobiu-w-kierunku-salmonella\/zestaw-do-wymazow-podeszwowych-z-bucikiem-z-wlokniny-podwojny-wsd-zw2-wsd-zw2\/","title":{"rendered":"ZESTAW DO WYMAZ\u00d3W PODESZWOWYCH Z BUCIKIEM Z W\u0141\u00d3KNINY \u2013 PODW\u00d3JNY WSD-ZW2."},"content":{"rendered":"<div>nr katalogowy: <strong>WSD-ZW2<\/strong><\/div>\n<p><strong>Zastosowanie:<\/strong><\/p>\n<div>\n<p>Kompleksowe zestawy do mikrobiologicznego monitorowania ferm drobiu w kierunku <em>Salmonella<\/em>.<br \/>\n<strong>Zestaw zawiera:<br \/>\n\u00b7<\/strong>\u00a0Sterylne buciki z\u00a0w\u0142\u00f3kniny &#8211; 2 para<br \/>\n<strong>\u00b7<\/strong>\u00a0Sterylny woreczek na pr\u00f3by &#8211; 1 szt.<br \/>\n<strong>\u00b7<\/strong>\u00a0P\u0142yn do zwil\u017cania 5 ml &#8211;\u00a04 szt.<br \/>\n<strong>\u00b7<\/strong>\u00a0Sterylne r\u0119kawiczki &#8211; 1 para<br \/>\n<strong>\u00b7\u00a0<\/strong>Ochraniacze na buty- 1 para<br \/>\n<strong>Wielko\u015b\u0107 opakowania:<\/strong><br \/>\n1 zestaw<\/p>\n<\/div>","protected":false},"excerpt":{"rendered":"<p>nr katalogowy: WSD-ZW2 Zastosowanie: Kompleksowe zestawy do mikrobiologicznego monitorowania ferm drobiu w kierunku Salmonella. Zestaw zawiera: \u00b7\u00a0Sterylne buciki z\u00a0w\u0142\u00f3kniny &#8211; 2 para \u00b7\u00a0Sterylny woreczek na pr\u00f3by &#8211; 1 szt. \u00b7\u00a0P\u0142yn do zwil\u017cania 5 ml &#8211;\u00a04 szt. \u00b7\u00a0Sterylne r\u0119kawiczki &#8211; 1 para \u00b7\u00a0Ochraniacze na buty- 1 para Wielko\u015b\u0107 opakowania: 1 zestaw<\/p>","protected":false},"featured_media":0,"template":"","meta":[],"product_brand":[],"product_cat":[80,91],"product_tag":[],"class_list":{"0":"post-3794","1":"product","2":"type-product","3":"status-publish","5":"product_cat-weterynaria","6":"product_cat-zestawy-do-badania-ferm-drobiu-w-kierunku-salmonella","8":"first","9":"instock","10":"shipping-taxable","11":"product-type-simple"},"_links":{"self":[{"href":"https:\/\/www.btl.com.pl\/en\/wp-json\/wp\/v2\/product\/3794","targetHints":{"allow":["GET"]}}],"collection":[{"href":"https:\/\/www.btl.com.pl\/en\/wp-json\/wp\/v2\/product"}],"about":[{"href":"https:\/\/www.btl.com.pl\/en\/wp-json\/wp\/v2\/types\/product"}],"version-history":[{"count":2,"href":"https:\/\/www.btl.com.pl\/en\/wp-json\/wp\/v2\/product\/3794\/revisions"}],"predecessor-version":[{"id":3796,"href":"https:\/\/www.btl.com.pl\/en\/wp-json\/wp\/v2\/product\/3794\/revisions\/3796"}],"wp:attachment":[{"href":"https:\/\/www.btl.com.pl\/en\/wp-json\/wp\/v2\/media?parent=3794"}],"wp:term":[{"taxonomy":"product_brand","embeddable":true,"href":"https:\/\/www.btl.com.pl\/en\/wp-json\/wp\/v2\/product_brand?post=3794"},{"taxonomy":"product_cat","embeddable":true,"href":"https:\/\/www.btl.com.pl\/en\/wp-json\/wp\/v2\/product_cat?post=3794"},{"taxonomy":"product_tag","embeddable":true,"href":"https:\/\/www.btl.com.pl\/en\/wp-json\/wp\/v2\/product_tag?post=3794"}],"curies":[{"name":"wp","href":"https:\/\/api.w.org\/{rel}","templated":true}]}}