{"id":3786,"date":"2022-03-29T10:02:41","date_gmt":"2022-03-29T08:02:41","guid":{"rendered":"https:\/\/btl.com.pl\/?post_type=product&#038;p=3786"},"modified":"2022-03-29T10:02:41","modified_gmt":"2022-03-29T08:02:41","slug":"automat-do-zakladania-ochraniaczy-na-buty","status":"publish","type":"product","link":"https:\/\/www.btl.com.pl\/en\/produkty\/weterynaria\/urzadzenia-dedykowane\/automat-do-zakladania-ochraniaczy-na-buty\/","title":{"rendered":"AUTOMAT DO ZAK\u0141ADANIA OCHRANIACZY NA BUTY"},"content":{"rendered":"<p>Dyspenser obuwia ochronnego.\u00a0Urz\u0105dzenie zapewnia faktyczn\u0105 jednorazowo\u015b\u0107 ochraniacza. Brak r\u0119cznego manipulowania przy nak\u0142adaniu ochraniaczy chroni\u0105 d\u0142onie \u00a0przed zabrudzeniem i dalszym przenoszeniem zanieczyszcze\u0144.<\/p>","protected":false},"excerpt":{"rendered":"<p>Dyspenser obuwia ochronnego.\u00a0Urz\u0105dzenie zapewnia faktyczn\u0105 jednorazowo\u015b\u0107 ochraniacza. Brak r\u0119cznego manipulowania przy nak\u0142adaniu ochraniaczy chroni\u0105 d\u0142onie \u00a0przed zabrudzeniem i dalszym przenoszeniem zanieczyszcze\u0144.<\/p>","protected":false},"featured_media":0,"template":"","meta":[],"product_brand":[],"product_cat":[96,80],"product_tag":[],"class_list":{"0":"post-3786","1":"product","2":"type-product","3":"status-publish","5":"product_cat-urzadzenia-dedykowane","6":"product_cat-weterynaria","8":"first","9":"instock","10":"shipping-taxable","11":"product-type-simple"},"_links":{"self":[{"href":"https:\/\/www.btl.com.pl\/en\/wp-json\/wp\/v2\/product\/3786","targetHints":{"allow":["GET"]}}],"collection":[{"href":"https:\/\/www.btl.com.pl\/en\/wp-json\/wp\/v2\/product"}],"about":[{"href":"https:\/\/www.btl.com.pl\/en\/wp-json\/wp\/v2\/types\/product"}],"version-history":[{"count":1,"href":"https:\/\/www.btl.com.pl\/en\/wp-json\/wp\/v2\/product\/3786\/revisions"}],"predecessor-version":[{"id":3787,"href":"https:\/\/www.btl.com.pl\/en\/wp-json\/wp\/v2\/product\/3786\/revisions\/3787"}],"wp:attachment":[{"href":"https:\/\/www.btl.com.pl\/en\/wp-json\/wp\/v2\/media?parent=3786"}],"wp:term":[{"taxonomy":"product_brand","embeddable":true,"href":"https:\/\/www.btl.com.pl\/en\/wp-json\/wp\/v2\/product_brand?post=3786"},{"taxonomy":"product_cat","embeddable":true,"href":"https:\/\/www.btl.com.pl\/en\/wp-json\/wp\/v2\/product_cat?post=3786"},{"taxonomy":"product_tag","embeddable":true,"href":"https:\/\/www.btl.com.pl\/en\/wp-json\/wp\/v2\/product_tag?post=3786"}],"curies":[{"name":"wp","href":"https:\/\/api.w.org\/{rel}","templated":true}]}}