{"id":3778,"date":"2022-03-29T09:58:35","date_gmt":"2022-03-29T07:58:35","guid":{"rendered":"https:\/\/btl.com.pl\/?post_type=product&#038;p=3778"},"modified":"2022-03-29T09:58:35","modified_gmt":"2022-03-29T07:58:35","slug":"wagi-precyzyjne-radwag","status":"publish","type":"product","link":"https:\/\/www.btl.com.pl\/en\/produkty\/weterynaria\/urzadzenia-dedykowane\/wagi-precyzyjne-radwag\/","title":{"rendered":"WEIGHING SCALE PRECISE RADWAG"},"content":{"rendered":"<div class=\"block block-type-3\">\n<div class=\"row\">\n<div class=\"col-sm-8\">\n<p><strong>Waga precyzyjna RADWAG WLC 2\/A2<\/strong><br \/>\n&#8211; obci\u0105\u017cenie maksymalne 2 kg<br \/>\n&#8211; dok\u0142adno\u015b\u0107 odczytu 0,01 g<br \/>\n&#8211; szalka 195&#215;195 mm<br \/>\n&#8211; kalibracja zewn\u0119trzna<br \/>\n&#8211; brak legalizacji<\/p>\n<\/div>\n<\/div>\n<\/div>\n<div class=\"block block-type-3\">\n<div class=\"row\">\n<div class=\"col-sm-4\">\n<figure><\/figure>\n<\/div>\n<div class=\"col-sm-8\">\n<p><strong>Waga precyzyjna RADWAG WLC 2.X2<\/strong><br \/>\n&#8211; obci\u0105\u017cenie maksymalne 2 kg<br \/>\n&#8211; dok\u0142adno\u015b\u0107 odczytu 0,01 g<br \/>\n<strong>&#8211; wy\u015bwietlacz pojemno\u015bciowy<\/strong><br \/>\n&#8211; szalka 195&#215;195 mm<br \/>\n&#8211; kalibracja zewn\u0119trzna<br \/>\n&#8211; brak legalizacji<\/p>\n<\/div>\n<\/div>\n<\/div>\n<div class=\"block block-type-3\">\n<div class=\"row\">\n<div class=\"col-sm-4\">\n<figure><\/figure>\n<\/div>\n<div class=\"col-sm-8\">\n<p><strong>Waga precyzyjna RADWAG WLC 2.X2.C<\/strong><br \/>\n&#8211; obci\u0105\u017cenie maksymalne 2 kg<br \/>\n&#8211; dok\u0142adno\u015b\u0107 odczytu 0,01 g<br \/>\n<strong>&#8211; wy\u015bwietlacz pojemno\u015bciowy<\/strong><br \/>\n&#8211; szalka 195&#215;195 mm<br \/>\n<strong>&#8211; kalibracja wewn\u0119trzna<\/strong><br \/>\n&#8211; brak legalizacji<\/p>\n<\/div>\n<\/div>\n<\/div>\n<div class=\"block block-type-3\">\n<div class=\"row\">\n<div class=\"col-sm-4\">\n<figure><\/figure>\n<\/div>\n<div class=\"col-sm-8\">\n<p><strong>Waga precyzyjna RADWAG PS 2100.R1<\/strong><br \/>\n&#8211; obci\u0105\u017cenie maksymalne 2,1 kg<br \/>\n&#8211; dok\u0142adno\u015b\u0107 odczytu 0,01 g<br \/>\n&#8211; szalka 195&#215;195 mm<br \/>\n<strong>&#8211; kalibracja wewn\u0119trzna<\/strong><br \/>\n&#8211; brak legalizacji<\/p>\n<\/div>\n<\/div>\n<\/div>\n<div class=\"block block-type-3\">\n<div class=\"row\">\n<div class=\"col-sm-4\">\n<figure><\/figure>\n<\/div>\n<div class=\"col-sm-8\">\n<p><strong>Waga precyzyjna RADWAG PS 2100.R2<\/strong><br \/>\n&#8211; obci\u0105\u017cenie maksymalne 2,1 kg<br \/>\n&#8211; dok\u0142adno\u015b\u0107 odczytu 0,01 g<br \/>\n&#8211; szalka 195&#215;195 mm<br \/>\n&#8211; kalibracja wewn\u0119trzna<br \/>\n&#8211;<strong> legalizacja<\/strong><\/p>\n<\/div>\n<\/div>\n<\/div>","protected":false},"excerpt":{"rendered":"<p>Waga precyzyjna RADWAG WLC 2\/A2 &#8211; obci\u0105\u017cenie maksymalne 2 kg &#8211; dok\u0142adno\u015b\u0107 odczytu 0,01 g &#8211; szalka 195&#215;195 mm &#8211; kalibracja zewn\u0119trzna &#8211; brak legalizacji Waga precyzyjna RADWAG WLC 2.X2 &#8211; obci\u0105\u017cenie maksymalne 2 kg &#8211; dok\u0142adno\u015b\u0107 odczytu 0,01 g &#8211; wy\u015bwietlacz pojemno\u015bciowy &#8211; szalka 195&#215;195 mm &#8211; kalibracja zewn\u0119trzna &#8211; brak legalizacji Waga precyzyjna [&hellip;]<\/p>\n","protected":false},"featured_media":0,"template":"","meta":[],"product_brand":[],"product_cat":[96,80],"product_tag":[],"class_list":{"0":"post-3778","1":"product","2":"type-product","3":"status-publish","5":"product_cat-urzadzenia-dedykowane","6":"product_cat-weterynaria","8":"first","9":"instock","10":"shipping-taxable","11":"product-type-simple"},"_links":{"self":[{"href":"https:\/\/www.btl.com.pl\/en\/wp-json\/wp\/v2\/product\/3778","targetHints":{"allow":["GET"]}}],"collection":[{"href":"https:\/\/www.btl.com.pl\/en\/wp-json\/wp\/v2\/product"}],"about":[{"href":"https:\/\/www.btl.com.pl\/en\/wp-json\/wp\/v2\/types\/product"}],"version-history":[{"count":1,"href":"https:\/\/www.btl.com.pl\/en\/wp-json\/wp\/v2\/product\/3778\/revisions"}],"predecessor-version":[{"id":3779,"href":"https:\/\/www.btl.com.pl\/en\/wp-json\/wp\/v2\/product\/3778\/revisions\/3779"}],"wp:attachment":[{"href":"https:\/\/www.btl.com.pl\/en\/wp-json\/wp\/v2\/media?parent=3778"}],"wp:term":[{"taxonomy":"product_brand","embeddable":true,"href":"https:\/\/www.btl.com.pl\/en\/wp-json\/wp\/v2\/product_brand?post=3778"},{"taxonomy":"product_cat","embeddable":true,"href":"https:\/\/www.btl.com.pl\/en\/wp-json\/wp\/v2\/product_cat?post=3778"},{"taxonomy":"product_tag","embeddable":true,"href":"https:\/\/www.btl.com.pl\/en\/wp-json\/wp\/v2\/product_tag?post=3778"}],"curies":[{"name":"wp","href":"https:\/\/api.w.org\/{rel}","templated":true}]}}