{"id":3776,"date":"2022-03-29T09:57:17","date_gmt":"2022-03-29T07:57:17","guid":{"rendered":"https:\/\/btl.com.pl\/?post_type=product&#038;p=3776"},"modified":"2022-03-29T09:57:18","modified_gmt":"2022-03-29T07:57:18","slug":"mieszadlo-magnetyczne-silnikowe-z-grzaniem-i-stabilizacja-temperatury-cieczy-1600-obr-min","status":"publish","type":"product","link":"https:\/\/www.btl.com.pl\/en\/produkty\/weterynaria\/urzadzenia-dedykowane\/mieszadlo-magnetyczne-silnikowe-z-grzaniem-i-stabilizacja-temperatury-cieczy-1600-obr-min\/","title":{"rendered":"MIESZAD\u0141O MAGNETYCZNE SILNIKOWE Z GRZANIEM I STABILIZACJ\u0104 TEMPERATURY CIECZY &#8211; 1600 OBR.\/MIN."},"content":{"rendered":"<p><strong>MS 11 HS \u2013 1600 obr.\/min.\u00a0<\/strong><br \/>\n<strong>Mieszad\u0142o magnetyczne silnikowe z grzaniem i stabilizacj\u0105 temperatury cieczy<\/strong><br \/>\n<strong>Dane techniczne:<\/strong><br \/>\nObroty regulowane \u2013 100-1600 obr.\/min.<br \/>\nP\u0142ynna regulacja mocy grzania \u2013 20-180 W<br \/>\nStabilizacja temperatury mieszanej cieczy \u2013 20-99\u00baC<br \/>\nDok\u0142. stab. (w zale\u017cno\u015bci od masy cieczy) \u2013 \u00b11-3\u00baC<br \/>\n\u015arednica p\u0142yty grzejnej \u2013 150 mm<br \/>\nMax. temperatura p\u0142yty \u2013 ~350\u00baC<br \/>\nMax. obj\u0119to\u015b\u0107 cieczy \u2013 4 litry<br \/>\nWymiary \u2013 200 x 200 x 150 mm<br \/>\nMasa \u2013 3.9 kg<br \/>\nStatyw \u2013 400 mm<br \/>\n<strong>Opis produktu:<\/strong><br \/>\nMieszad\u0142o magnetyczne typu MS 11 HS \u2013 1600 jest prostym i wygodnym w obs\u0142udze urz\u0105dzeniem do\u00a0sporz\u0105dzania roztwor\u00f3w cia\u0142 sta\u0142ych i mieszania cieczy z mo\u017cliwo\u015bci\u0105 podgrzewania i utrzymywania \u017c\u0105danej temperatury. Elektroniczna regulacja pr\u0119dko\u015bci obrotowej zapewnia stabilno\u015b\u0107 pracy nawet\u00a0podczas zmiany obci\u0105\u017cenia. Statyw ze stali nierdzewnej pozwala stabilnie zamocowa\u0107 sond\u0119\u00a0temperatury lub dodatkowe oprzyrz\u0105dowanie. Znajduje ono zastosowanie w analitycznych\u00a0laboratoriach medycznych, biochemicznych, chemicznych, w aptekach i wsz\u0119dzie tam, gdzie zachodzi\u00a0konieczno\u015b\u0107 intensywnego mieszania cieczy. Mieszad\u0142o o podwy\u017cszonych obrotach jest szczeg\u00f3lnie\u00a0u\u017cyteczne do prac w laboratoriach weterynaryjnych.<br \/>\n<strong>WZORCOWANIE:<\/strong><br \/>\njednopunktowe wzorcowanie regulatora temperatury w temp. 46\u00baC<br \/>\n+ \u015bwiadectwo wzorcowania (przeznaczone dla akredytowanych laboratori\u00f3w badaj\u0105cych mi\u0119so na\u00a0obecno\u015b\u0107 w\u0142o\u015bni)<\/p>","protected":false},"excerpt":{"rendered":"<p>MS 11 HS \u2013 1600 obr.\/min.\u00a0 Mieszad\u0142o magnetyczne silnikowe z grzaniem i stabilizacj\u0105 temperatury cieczy Dane techniczne: Obroty regulowane \u2013 100-1600 obr.\/min. P\u0142ynna regulacja mocy grzania \u2013 20-180 W Stabilizacja temperatury mieszanej cieczy \u2013 20-99\u00baC Dok\u0142. stab. (w zale\u017cno\u015bci od masy cieczy) \u2013 \u00b11-3\u00baC \u015arednica p\u0142yty grzejnej \u2013 150 mm Max. temperatura p\u0142yty \u2013 ~350\u00baC [&hellip;]<\/p>\n","protected":false},"featured_media":0,"template":"","meta":[],"product_brand":[],"product_cat":[96,80],"product_tag":[],"class_list":{"0":"post-3776","1":"product","2":"type-product","3":"status-publish","5":"product_cat-urzadzenia-dedykowane","6":"product_cat-weterynaria","8":"first","9":"instock","10":"shipping-taxable","11":"product-type-simple"},"_links":{"self":[{"href":"https:\/\/www.btl.com.pl\/en\/wp-json\/wp\/v2\/product\/3776","targetHints":{"allow":["GET"]}}],"collection":[{"href":"https:\/\/www.btl.com.pl\/en\/wp-json\/wp\/v2\/product"}],"about":[{"href":"https:\/\/www.btl.com.pl\/en\/wp-json\/wp\/v2\/types\/product"}],"version-history":[{"count":1,"href":"https:\/\/www.btl.com.pl\/en\/wp-json\/wp\/v2\/product\/3776\/revisions"}],"predecessor-version":[{"id":3777,"href":"https:\/\/www.btl.com.pl\/en\/wp-json\/wp\/v2\/product\/3776\/revisions\/3777"}],"wp:attachment":[{"href":"https:\/\/www.btl.com.pl\/en\/wp-json\/wp\/v2\/media?parent=3776"}],"wp:term":[{"taxonomy":"product_brand","embeddable":true,"href":"https:\/\/www.btl.com.pl\/en\/wp-json\/wp\/v2\/product_brand?post=3776"},{"taxonomy":"product_cat","embeddable":true,"href":"https:\/\/www.btl.com.pl\/en\/wp-json\/wp\/v2\/product_cat?post=3776"},{"taxonomy":"product_tag","embeddable":true,"href":"https:\/\/www.btl.com.pl\/en\/wp-json\/wp\/v2\/product_tag?post=3776"}],"curies":[{"name":"wp","href":"https:\/\/api.w.org\/{rel}","templated":true}]}}