{"id":3766,"date":"2022-03-29T09:50:25","date_gmt":"2022-03-29T07:50:25","guid":{"rendered":"https:\/\/btl.com.pl\/?post_type=product&#038;p=3766"},"modified":"2022-03-29T09:50:25","modified_gmt":"2022-03-29T07:50:25","slug":"rodac-contact-test-do-wykrywania-i-oznaczania-liczby-komorek-escherichia-coli-pr-0340","status":"publish","type":"product","link":"https:\/\/www.btl.com.pl\/en\/produkty\/weterynaria\/testy-do-kontroli-czystosci-powierzchni-i-powietrza\/rodac-contact-test-do-wykrywania-i-oznaczania-liczby-komorek-escherichia-coli-pr-0340\/","title":{"rendered":"RODAC CONTACT TEST FOR ESCHERICHIA COLI.PR 0340"},"content":{"rendered":"<div>nr katalogowy: <strong>PR 0340<\/strong><\/div>\n<p><strong>P\u0142ytki odciskowe s\u0142u\u017c\u0105 g\u0142\u00f3wnie do kontroli zanieczyszczenia mikrobiologicznego powierzchni (np. sto\u0142\u00f3w, sprz\u0119tu, \u015bcian) metod\u0105 kontaktow\u0105.<\/strong><\/p>\n<div><strong>Zastosowanie:<\/strong><br \/>\nPod\u0142o\u017ce chromogenne do wykrywania i oznaczania liczby kom\u00f3rek <em>Escherichia coli<\/em> w produktach spo\u017cywczych.<br \/>\n<strong>Wielko\u015b\u0107 opakowania:<\/strong><br \/>\n20 p\u0142ytek<\/div>","protected":false},"excerpt":{"rendered":"<p>nr katalogowy: PR 0340 P\u0142ytki odciskowe s\u0142u\u017c\u0105 g\u0142\u00f3wnie do kontroli zanieczyszczenia mikrobiologicznego powierzchni (np. sto\u0142\u00f3w, sprz\u0119tu, \u015bcian) metod\u0105 kontaktow\u0105. Zastosowanie: Pod\u0142o\u017ce chromogenne do wykrywania i oznaczania liczby kom\u00f3rek Escherichia coli w produktach spo\u017cywczych. Wielko\u015b\u0107 opakowania: 20 p\u0142ytek<\/p>","protected":false},"featured_media":0,"template":"","meta":[],"product_brand":[],"product_cat":[89,80],"product_tag":[],"class_list":{"0":"post-3766","1":"product","2":"type-product","3":"status-publish","5":"product_cat-testy-do-kontroli-czystosci-powierzchni-i-powietrza","6":"product_cat-weterynaria","8":"first","9":"instock","10":"shipping-taxable","11":"product-type-simple"},"_links":{"self":[{"href":"https:\/\/www.btl.com.pl\/en\/wp-json\/wp\/v2\/product\/3766","targetHints":{"allow":["GET"]}}],"collection":[{"href":"https:\/\/www.btl.com.pl\/en\/wp-json\/wp\/v2\/product"}],"about":[{"href":"https:\/\/www.btl.com.pl\/en\/wp-json\/wp\/v2\/types\/product"}],"version-history":[{"count":1,"href":"https:\/\/www.btl.com.pl\/en\/wp-json\/wp\/v2\/product\/3766\/revisions"}],"predecessor-version":[{"id":3767,"href":"https:\/\/www.btl.com.pl\/en\/wp-json\/wp\/v2\/product\/3766\/revisions\/3767"}],"wp:attachment":[{"href":"https:\/\/www.btl.com.pl\/en\/wp-json\/wp\/v2\/media?parent=3766"}],"wp:term":[{"taxonomy":"product_brand","embeddable":true,"href":"https:\/\/www.btl.com.pl\/en\/wp-json\/wp\/v2\/product_brand?post=3766"},{"taxonomy":"product_cat","embeddable":true,"href":"https:\/\/www.btl.com.pl\/en\/wp-json\/wp\/v2\/product_cat?post=3766"},{"taxonomy":"product_tag","embeddable":true,"href":"https:\/\/www.btl.com.pl\/en\/wp-json\/wp\/v2\/product_tag?post=3766"}],"curies":[{"name":"wp","href":"https:\/\/api.w.org\/{rel}","templated":true}]}}