{"id":3760,"date":"2022-03-29T09:47:02","date_gmt":"2022-03-29T07:47:02","guid":{"rendered":"https:\/\/btl.com.pl\/?post_type=product&#038;p=3760"},"modified":"2022-03-29T09:47:02","modified_gmt":"2022-03-29T07:47:02","slug":"rodac-contact-test-do-izolacji-i-roznicowania-shigella-salmonella-i-bakterii-z-gr-coli-pr-0008","status":"publish","type":"product","link":"https:\/\/www.btl.com.pl\/en\/produkty\/weterynaria\/testy-do-kontroli-czystosci-powierzchni-i-powietrza\/rodac-contact-test-do-izolacji-i-roznicowania-shigella-salmonella-i-bakterii-z-gr-coli-pr-0008\/","title":{"rendered":"RODAC CONTACT TEST FOR SHIGELLA, SALMONELLA, COLI. PR 0008"},"content":{"rendered":"<p>nr katalogowy: <strong>PR 0008<\/strong><\/p>\n<p><strong>P\u0142ytki odciskowe s\u0142u\u017c\u0105 g\u0142\u00f3wnie do kontroli zanieczyszczenia mikrobiologicznego powierzchni (np. sto\u0142\u00f3w, sprz\u0119tu, \u015bcian) metod\u0105 kontaktow\u0105 oraz powietrza metod\u0105 sedymentacyjn\u0105.<\/strong><\/p>\n<p><strong>Zastosowanie:<\/strong><br \/>\nPod\u0142o\u017ce wybi\u00f3rcze do wst\u0119pnej kontroli obecno\u015bci Shigella, Salmonella i bakterii z grupy coli.\u00a0Pod\u0142o\u017ce ma charakter wybi\u00f3rczy w stosunku do wi\u0119kszo\u015bci bakterii gram-dodatnich, dzi\u0119ki obecno\u015bci soli \u017c\u00f3\u0142ci i fioletu krystalicznego.<br \/>\n<strong>Wielko\u015b\u0107 opakowania:<\/strong><br \/>\n20 p\u0142ytek<\/p>","protected":false},"excerpt":{"rendered":"<p>nr katalogowy: PR 0008 P\u0142ytki odciskowe s\u0142u\u017c\u0105 g\u0142\u00f3wnie do kontroli zanieczyszczenia mikrobiologicznego powierzchni (np. sto\u0142\u00f3w, sprz\u0119tu, \u015bcian) metod\u0105 kontaktow\u0105 oraz powietrza metod\u0105 sedymentacyjn\u0105. Zastosowanie: Pod\u0142o\u017ce wybi\u00f3rcze do wst\u0119pnej kontroli obecno\u015bci Shigella, Salmonella i bakterii z grupy coli.\u00a0Pod\u0142o\u017ce ma charakter wybi\u00f3rczy w stosunku do wi\u0119kszo\u015bci bakterii gram-dodatnich, dzi\u0119ki obecno\u015bci soli \u017c\u00f3\u0142ci i fioletu krystalicznego. Wielko\u015b\u0107 opakowania: [&hellip;]<\/p>\n","protected":false},"featured_media":0,"template":"","meta":[],"product_brand":[],"product_cat":[89,80],"product_tag":[],"class_list":{"0":"post-3760","1":"product","2":"type-product","3":"status-publish","5":"product_cat-testy-do-kontroli-czystosci-powierzchni-i-powietrza","6":"product_cat-weterynaria","8":"first","9":"instock","10":"shipping-taxable","11":"product-type-simple"},"_links":{"self":[{"href":"https:\/\/www.btl.com.pl\/en\/wp-json\/wp\/v2\/product\/3760","targetHints":{"allow":["GET"]}}],"collection":[{"href":"https:\/\/www.btl.com.pl\/en\/wp-json\/wp\/v2\/product"}],"about":[{"href":"https:\/\/www.btl.com.pl\/en\/wp-json\/wp\/v2\/types\/product"}],"version-history":[{"count":1,"href":"https:\/\/www.btl.com.pl\/en\/wp-json\/wp\/v2\/product\/3760\/revisions"}],"predecessor-version":[{"id":3761,"href":"https:\/\/www.btl.com.pl\/en\/wp-json\/wp\/v2\/product\/3760\/revisions\/3761"}],"wp:attachment":[{"href":"https:\/\/www.btl.com.pl\/en\/wp-json\/wp\/v2\/media?parent=3760"}],"wp:term":[{"taxonomy":"product_brand","embeddable":true,"href":"https:\/\/www.btl.com.pl\/en\/wp-json\/wp\/v2\/product_brand?post=3760"},{"taxonomy":"product_cat","embeddable":true,"href":"https:\/\/www.btl.com.pl\/en\/wp-json\/wp\/v2\/product_cat?post=3760"},{"taxonomy":"product_tag","embeddable":true,"href":"https:\/\/www.btl.com.pl\/en\/wp-json\/wp\/v2\/product_tag?post=3760"}],"curies":[{"name":"wp","href":"https:\/\/api.w.org\/{rel}","templated":true}]}}