{"id":3758,"date":"2022-03-29T09:37:56","date_gmt":"2022-03-29T07:37:56","guid":{"rendered":"https:\/\/btl.com.pl\/?post_type=product&#038;p=3758"},"modified":"2022-03-29T09:37:56","modified_gmt":"2022-03-29T07:37:56","slug":"rodac-contact-test-do-izolacji-i-roznicowania-gronkowcow-chorobotworczych-pr-0011n","status":"publish","type":"product","link":"https:\/\/www.btl.com.pl\/en\/produkty\/weterynaria\/testy-do-kontroli-czystosci-powierzchni-i-powietrza\/rodac-contact-test-do-izolacji-i-roznicowania-gronkowcow-chorobotworczych-pr-0011n\/","title":{"rendered":"RODAC CONTACT TEST FOR PATOGENIC STAPHYLOCOCCOCUS\nPR 0011N"},"content":{"rendered":"<p>nr katalogowy: <strong>PR 0011N<\/strong><\/p>\n<p><strong>P\u0142ytki odciskowe s\u0142u\u017c\u0105 g\u0142\u00f3wnie do kontroli zanieczyszczenia mikrobiologicznego powierzchni (np. sto\u0142\u00f3w, sprz\u0119tu, \u015bcian) metod\u0105 kontaktow\u0105 oraz powietrza metod\u0105 sedymentacyjn\u0105.<\/strong> <strong>Pod\u0142o\u017ce to dadatkowo zawiera substancje neutralizuj\u0105ce dzia\u0142anie zwi\u0105zk\u00f3w zawartych w preparatach dezynfekcyjnych hamuj\u0105cych wzrost mikroorganizm\u00f3w .<\/strong><\/p>\n<p><strong>Zastosowanie:<br \/>\n<\/strong>Pod\u0142o\u017ce wybi\u00f3rcze do izolowania i wykrywania gronkowc\u00f3w chorobotw\u00f3rczych. Pod\u0142o\u017ce to ma chrakter wybi\u00f3rczy ze wzgledu na wysok\u0105 zawarto\u015b\u0107 soli w pod\u0142o\u017cu, s\u0105 w stanie rosn\u0105\u0107 na nim organizmy halofilne w tym gronkowce.<br \/>\n<strong>Wielko\u015b\u0107 opakowania:<br \/>\n<\/strong>20 p\u0142ytek<\/p>","protected":false},"excerpt":{"rendered":"<p>nr katalogowy: PR 0011N P\u0142ytki odciskowe s\u0142u\u017c\u0105 g\u0142\u00f3wnie do kontroli zanieczyszczenia mikrobiologicznego powierzchni (np. sto\u0142\u00f3w, sprz\u0119tu, \u015bcian) metod\u0105 kontaktow\u0105 oraz powietrza metod\u0105 sedymentacyjn\u0105. Pod\u0142o\u017ce to dadatkowo zawiera substancje neutralizuj\u0105ce dzia\u0142anie zwi\u0105zk\u00f3w zawartych w preparatach dezynfekcyjnych hamuj\u0105cych wzrost mikroorganizm\u00f3w . Zastosowanie: Pod\u0142o\u017ce wybi\u00f3rcze do izolowania i wykrywania gronkowc\u00f3w chorobotw\u00f3rczych. Pod\u0142o\u017ce to ma chrakter wybi\u00f3rczy ze wzgledu [&hellip;]<\/p>\n","protected":false},"featured_media":0,"template":"","meta":[],"product_brand":[],"product_cat":[89,80],"product_tag":[],"class_list":{"0":"post-3758","1":"product","2":"type-product","3":"status-publish","5":"product_cat-testy-do-kontroli-czystosci-powierzchni-i-powietrza","6":"product_cat-weterynaria","8":"first","9":"instock","10":"shipping-taxable","11":"product-type-simple"},"_links":{"self":[{"href":"https:\/\/www.btl.com.pl\/en\/wp-json\/wp\/v2\/product\/3758","targetHints":{"allow":["GET"]}}],"collection":[{"href":"https:\/\/www.btl.com.pl\/en\/wp-json\/wp\/v2\/product"}],"about":[{"href":"https:\/\/www.btl.com.pl\/en\/wp-json\/wp\/v2\/types\/product"}],"version-history":[{"count":1,"href":"https:\/\/www.btl.com.pl\/en\/wp-json\/wp\/v2\/product\/3758\/revisions"}],"predecessor-version":[{"id":3759,"href":"https:\/\/www.btl.com.pl\/en\/wp-json\/wp\/v2\/product\/3758\/revisions\/3759"}],"wp:attachment":[{"href":"https:\/\/www.btl.com.pl\/en\/wp-json\/wp\/v2\/media?parent=3758"}],"wp:term":[{"taxonomy":"product_brand","embeddable":true,"href":"https:\/\/www.btl.com.pl\/en\/wp-json\/wp\/v2\/product_brand?post=3758"},{"taxonomy":"product_cat","embeddable":true,"href":"https:\/\/www.btl.com.pl\/en\/wp-json\/wp\/v2\/product_cat?post=3758"},{"taxonomy":"product_tag","embeddable":true,"href":"https:\/\/www.btl.com.pl\/en\/wp-json\/wp\/v2\/product_tag?post=3758"}],"curies":[{"name":"wp","href":"https:\/\/api.w.org\/{rel}","templated":true}]}}