{"id":3752,"date":"2022-03-29T09:35:22","date_gmt":"2022-03-29T07:35:22","guid":{"rendered":"https:\/\/btl.com.pl\/?post_type=product&#038;p=3752"},"modified":"2022-03-29T09:35:22","modified_gmt":"2022-03-29T07:35:22","slug":"rodac-contact-test-do-izolacji-i-roznicowania-bakterii-z-rodzaju-pseudomonas-pr-0178","status":"publish","type":"product","link":"https:\/\/www.btl.com.pl\/en\/produkty\/weterynaria\/testy-do-kontroli-czystosci-powierzchni-i-powietrza\/rodac-contact-test-do-izolacji-i-roznicowania-bakterii-z-rodzaju-pseudomonas-pr-0178\/","title":{"rendered":"RODAC CONTACT TEST FOR PSEUDOMINAS. PR 0178"},"content":{"rendered":"<p>nr katalogowy: <strong>PR 0178<\/strong><\/p>\n<p><strong>P\u0142ytki odciskowe s\u0142u\u017c\u0105 g\u0142\u00f3wnie do kontroli zanieczyszczenia mikrobiologicznego powierzchni (np. sto\u0142\u00f3w, sprz\u0119tu, \u015bcian) metod\u0105 kontaktow\u0105 oraz powietrza metod\u0105 sedymentacyjn\u0105.<\/strong><\/p>\n<p><strong>Zastosowanie:<br \/>\n<\/strong>Pod\u0142o\u017ce stosowane do izolacji i r\u00f3\u017cnicowania <em>Pseudomonas aeruginosa. <\/em>Pod\u0142o\u017ce ma charakter wybi\u00f3rczy dzi\u0119ki obecno\u015bci cetrymidu, kt\u00f3ry hamuje wzrost wi\u0119kszo\u015bci mikroflory towarzysz\u0105cej.<br \/>\n<strong>Wielko\u015b\u0107 opakowania:<br \/>\n<\/strong>20 p\u0142ytek<\/p>","protected":false},"excerpt":{"rendered":"<p>nr katalogowy: PR 0178 P\u0142ytki odciskowe s\u0142u\u017c\u0105 g\u0142\u00f3wnie do kontroli zanieczyszczenia mikrobiologicznego powierzchni (np. sto\u0142\u00f3w, sprz\u0119tu, \u015bcian) metod\u0105 kontaktow\u0105 oraz powietrza metod\u0105 sedymentacyjn\u0105. Zastosowanie: Pod\u0142o\u017ce stosowane do izolacji i r\u00f3\u017cnicowania Pseudomonas aeruginosa. Pod\u0142o\u017ce ma charakter wybi\u00f3rczy dzi\u0119ki obecno\u015bci cetrymidu, kt\u00f3ry hamuje wzrost wi\u0119kszo\u015bci mikroflory towarzysz\u0105cej. Wielko\u015b\u0107 opakowania: 20 p\u0142ytek<\/p>","protected":false},"featured_media":0,"template":"","meta":[],"product_brand":[],"product_cat":[89,80],"product_tag":[],"class_list":{"0":"post-3752","1":"product","2":"type-product","3":"status-publish","5":"product_cat-testy-do-kontroli-czystosci-powierzchni-i-powietrza","6":"product_cat-weterynaria","8":"first","9":"instock","10":"shipping-taxable","11":"product-type-simple"},"_links":{"self":[{"href":"https:\/\/www.btl.com.pl\/en\/wp-json\/wp\/v2\/product\/3752","targetHints":{"allow":["GET"]}}],"collection":[{"href":"https:\/\/www.btl.com.pl\/en\/wp-json\/wp\/v2\/product"}],"about":[{"href":"https:\/\/www.btl.com.pl\/en\/wp-json\/wp\/v2\/types\/product"}],"version-history":[{"count":1,"href":"https:\/\/www.btl.com.pl\/en\/wp-json\/wp\/v2\/product\/3752\/revisions"}],"predecessor-version":[{"id":3753,"href":"https:\/\/www.btl.com.pl\/en\/wp-json\/wp\/v2\/product\/3752\/revisions\/3753"}],"wp:attachment":[{"href":"https:\/\/www.btl.com.pl\/en\/wp-json\/wp\/v2\/media?parent=3752"}],"wp:term":[{"taxonomy":"product_brand","embeddable":true,"href":"https:\/\/www.btl.com.pl\/en\/wp-json\/wp\/v2\/product_brand?post=3752"},{"taxonomy":"product_cat","embeddable":true,"href":"https:\/\/www.btl.com.pl\/en\/wp-json\/wp\/v2\/product_cat?post=3752"},{"taxonomy":"product_tag","embeddable":true,"href":"https:\/\/www.btl.com.pl\/en\/wp-json\/wp\/v2\/product_tag?post=3752"}],"curies":[{"name":"wp","href":"https:\/\/api.w.org\/{rel}","templated":true}]}}