{"id":3750,"date":"2022-03-29T09:34:17","date_gmt":"2022-03-29T07:34:17","guid":{"rendered":"https:\/\/btl.com.pl\/?post_type=product&#038;p=3750"},"modified":"2022-03-29T09:34:17","modified_gmt":"2022-03-29T07:34:17","slug":"rodac-contact-test-z-neutralizatorami-do-oznaczania-liczby-bakterii-z-rodziny-enterobacteriaceae-pr-0256n","status":"publish","type":"product","link":"https:\/\/www.btl.com.pl\/en\/produkty\/weterynaria\/testy-do-kontroli-czystosci-powierzchni-i-powietrza\/rodac-contact-test-z-neutralizatorami-do-oznaczania-liczby-bakterii-z-rodziny-enterobacteriaceae-pr-0256n\/","title":{"rendered":"RODAC CONTACT TEST WITH NEUTRALIZATORS FOR ENTEROBACTERIACEAE. PR 0256N"},"content":{"rendered":"<p>nr katalogowy: <strong>PR0256N<\/strong><\/p>\n<p><strong>P\u0142ytki odciskowe s\u0142u\u017c\u0105 g\u0142\u00f3wnie do kontroli zanieczyszczenia mikrobiologicznego powierzchni (np. sto\u0142\u00f3w, sprz\u0119tu, \u015bcian) metod\u0105 kontaktow\u0105.<\/strong> <strong>Pod\u0142o\u017ce to dadatkowo zawiera substancje neutralizuj\u0105ce dzia\u0142anie zwi\u0105zk\u00f3w zawartych w preparatach dezynfekcyjnych hamuj\u0105cych wzrost mikroorganizm\u00f3w.<\/strong><\/p>\n<p><strong>Zastosowanie:<br \/>\n<\/strong>Pod\u0142o\u017ce wybi\u00f3rcze do izolacji i okre\u015blania liczby bakterii z rodziny <em>Enterobacteriaceae<\/em>.<br \/>\n<strong>Wielko\u015b\u0107 opakowania:<br \/>\n<\/strong>20 p\u0142ytek<\/p>","protected":false},"excerpt":{"rendered":"<p>nr katalogowy: PR0256N P\u0142ytki odciskowe s\u0142u\u017c\u0105 g\u0142\u00f3wnie do kontroli zanieczyszczenia mikrobiologicznego powierzchni (np. sto\u0142\u00f3w, sprz\u0119tu, \u015bcian) metod\u0105 kontaktow\u0105. Pod\u0142o\u017ce to dadatkowo zawiera substancje neutralizuj\u0105ce dzia\u0142anie zwi\u0105zk\u00f3w zawartych w preparatach dezynfekcyjnych hamuj\u0105cych wzrost mikroorganizm\u00f3w. Zastosowanie: Pod\u0142o\u017ce wybi\u00f3rcze do izolacji i okre\u015blania liczby bakterii z rodziny Enterobacteriaceae. Wielko\u015b\u0107 opakowania: 20 p\u0142ytek<\/p>","protected":false},"featured_media":0,"template":"","meta":[],"product_brand":[],"product_cat":[89,80],"product_tag":[],"class_list":{"0":"post-3750","1":"product","2":"type-product","3":"status-publish","5":"product_cat-testy-do-kontroli-czystosci-powierzchni-i-powietrza","6":"product_cat-weterynaria","8":"first","9":"instock","10":"shipping-taxable","11":"product-type-simple"},"_links":{"self":[{"href":"https:\/\/www.btl.com.pl\/en\/wp-json\/wp\/v2\/product\/3750","targetHints":{"allow":["GET"]}}],"collection":[{"href":"https:\/\/www.btl.com.pl\/en\/wp-json\/wp\/v2\/product"}],"about":[{"href":"https:\/\/www.btl.com.pl\/en\/wp-json\/wp\/v2\/types\/product"}],"version-history":[{"count":1,"href":"https:\/\/www.btl.com.pl\/en\/wp-json\/wp\/v2\/product\/3750\/revisions"}],"predecessor-version":[{"id":3751,"href":"https:\/\/www.btl.com.pl\/en\/wp-json\/wp\/v2\/product\/3750\/revisions\/3751"}],"wp:attachment":[{"href":"https:\/\/www.btl.com.pl\/en\/wp-json\/wp\/v2\/media?parent=3750"}],"wp:term":[{"taxonomy":"product_brand","embeddable":true,"href":"https:\/\/www.btl.com.pl\/en\/wp-json\/wp\/v2\/product_brand?post=3750"},{"taxonomy":"product_cat","embeddable":true,"href":"https:\/\/www.btl.com.pl\/en\/wp-json\/wp\/v2\/product_cat?post=3750"},{"taxonomy":"product_tag","embeddable":true,"href":"https:\/\/www.btl.com.pl\/en\/wp-json\/wp\/v2\/product_tag?post=3750"}],"curies":[{"name":"wp","href":"https:\/\/api.w.org\/{rel}","templated":true}]}}