{"id":3744,"date":"2022-03-29T09:30:52","date_gmt":"2022-03-29T07:30:52","guid":{"rendered":"https:\/\/btl.com.pl\/?post_type=product&#038;p=3744"},"modified":"2022-03-29T09:30:52","modified_gmt":"2022-03-29T07:30:52","slug":"rodac-contact-test-do-oznaczania-ogolnej-liczby-drobnoustrojow-pr-0090","status":"publish","type":"product","link":"https:\/\/www.btl.com.pl\/en\/produkty\/weterynaria\/testy-do-kontroli-czystosci-powierzchni-i-powietrza\/rodac-contact-test-do-oznaczania-ogolnej-liczby-drobnoustrojow-pr-0090\/","title":{"rendered":"RODAC CONTACT TEST FOR TOTAL COUNT. PR 0090"},"content":{"rendered":"<p>nr katalogowy: <strong>PR 0090<\/strong><\/p>\n<p><strong>P\u0142ytki odciskowe s\u0142u\u017c\u0105 g\u0142\u00f3wnie do kontroli zanieczyszczenia mikrobiologicznego powierzchni (np. sto\u0142\u00f3w, sprz\u0119tu, \u015bcian) metod\u0105 kontaktow\u0105 oraz powietrza metod\u0105 sedymentacyjn\u0105.<\/strong><\/p>\n<p><strong>Zastosowanie:<\/strong><br \/>\nSk\u0142ad pod\u0142o\u017ca zosta\u0142 tak dopracowany, aby zapewni\u0107 optymalny wzrost bakterii. Pod\u0142o\u017ce b\u0119d\u0105ce \u017ar\u00f3d\u0142em w\u0119gla, azotu, minera\u0142\u00f3w, zawiera pepton kazeinowy i sojowy. Mieszanina tych dw\u00f3ch pepton\u00f3w umo\u017cliwia wzrost szerokiego zakresu mikroorganizm\u00f3w.<br \/>\n<strong>Wielko\u015b\u0107 opakowania:<\/strong><br \/>\n20 p\u0142ytek<\/p>","protected":false},"excerpt":{"rendered":"<p>nr katalogowy: PR 0090 P\u0142ytki odciskowe s\u0142u\u017c\u0105 g\u0142\u00f3wnie do kontroli zanieczyszczenia mikrobiologicznego powierzchni (np. sto\u0142\u00f3w, sprz\u0119tu, \u015bcian) metod\u0105 kontaktow\u0105 oraz powietrza metod\u0105 sedymentacyjn\u0105. Zastosowanie: Sk\u0142ad pod\u0142o\u017ca zosta\u0142 tak dopracowany, aby zapewni\u0107 optymalny wzrost bakterii. Pod\u0142o\u017ce b\u0119d\u0105ce \u017ar\u00f3d\u0142em w\u0119gla, azotu, minera\u0142\u00f3w, zawiera pepton kazeinowy i sojowy. Mieszanina tych dw\u00f3ch pepton\u00f3w umo\u017cliwia wzrost szerokiego zakresu mikroorganizm\u00f3w. Wielko\u015b\u0107 [&hellip;]<\/p>\n","protected":false},"featured_media":0,"template":"","meta":[],"product_brand":[],"product_cat":[89,80],"product_tag":[],"class_list":{"0":"post-3744","1":"product","2":"type-product","3":"status-publish","5":"product_cat-testy-do-kontroli-czystosci-powierzchni-i-powietrza","6":"product_cat-weterynaria","8":"first","9":"instock","10":"shipping-taxable","11":"product-type-simple"},"_links":{"self":[{"href":"https:\/\/www.btl.com.pl\/en\/wp-json\/wp\/v2\/product\/3744","targetHints":{"allow":["GET"]}}],"collection":[{"href":"https:\/\/www.btl.com.pl\/en\/wp-json\/wp\/v2\/product"}],"about":[{"href":"https:\/\/www.btl.com.pl\/en\/wp-json\/wp\/v2\/types\/product"}],"version-history":[{"count":1,"href":"https:\/\/www.btl.com.pl\/en\/wp-json\/wp\/v2\/product\/3744\/revisions"}],"predecessor-version":[{"id":3745,"href":"https:\/\/www.btl.com.pl\/en\/wp-json\/wp\/v2\/product\/3744\/revisions\/3745"}],"wp:attachment":[{"href":"https:\/\/www.btl.com.pl\/en\/wp-json\/wp\/v2\/media?parent=3744"}],"wp:term":[{"taxonomy":"product_brand","embeddable":true,"href":"https:\/\/www.btl.com.pl\/en\/wp-json\/wp\/v2\/product_brand?post=3744"},{"taxonomy":"product_cat","embeddable":true,"href":"https:\/\/www.btl.com.pl\/en\/wp-json\/wp\/v2\/product_cat?post=3744"},{"taxonomy":"product_tag","embeddable":true,"href":"https:\/\/www.btl.com.pl\/en\/wp-json\/wp\/v2\/product_tag?post=3744"}],"curies":[{"name":"wp","href":"https:\/\/api.w.org\/{rel}","templated":true}]}}