{"id":3742,"date":"2022-03-29T09:05:51","date_gmt":"2022-03-29T07:05:51","guid":{"rendered":"https:\/\/btl.com.pl\/?post_type=product&#038;p=3742"},"modified":"2022-03-29T09:05:51","modified_gmt":"2022-03-29T07:05:51","slug":"naturalny-plyn","status":"publish","type":"product","link":"https:\/\/www.btl.com.pl\/en\/produkty\/weterynaria\/srodki-do-ochrony-i-higieny-weterynaria\/naturalny-plyn\/","title":{"rendered":"NATURAL LIQUID"},"content":{"rendered":"<p><strong>NATURAL LIQUID<\/strong> do mycia okien, stali nierdzewnej, mebli wysokopo\u0142yskowych, CA\u0141KOWICIE BEZPIECZNY DLA ZDROWIA I \u015aRODOWISKA, hipoalergiczny, bezzapachowy. Skutecznie usuwa zanieczyszczenia z szyb, stali nierdzewnej, mebli, nie pozostawiaj\u0105c smug. \u00a0Polecany szczeg\u00f3lnie, gdy w otoczeniu czyszczonych powierzchni przebywaj\u0105 dzieci, osoby starsze, osoby ze sk\u0142onno\u015bci\u0105 do alergii ze wzgl\u0119du na neutralny dla organizmu sk\u0142ad P\u0142ynu.<\/p>\n<p>&nbsp;<\/p>\n<p>Pojemno\u015b\u0107: 500 ml<\/p>\n<p>pH 7,0<\/p>\n<p><strong>Sk\u0142ad<\/strong>: ca\u0142kowicie bezpieczne, naturalne rozpuszczalniki ekologiczne<\/p>\n<p><strong>Przechowywanie<\/strong>: w suchym pomieszczeniu, w temperaturze pokojowej.<\/p>\n<p><strong>Spos\u00f3b u\u017cycia<\/strong>: rozpyli\u0107 p\u0142yn bezpo\u015brednio na czyszczon\u0105 powierzchnie, nast\u0119pnie wytrze\u0107 do sucha \u015bciereczk\u0105 lub r\u0119cznikiem papierowym.<\/p>","protected":false},"excerpt":{"rendered":"<p>NATURALNY P\u0141YN do mycia okien, stali nierdzewnej, mebli wysokopo\u0142yskowych, CA\u0141KOWICIE BEZPIECZNY DLA ZDROWIA I \u015aRODOWISKA, hipoalergiczny, bezzapachowy. Skutecznie usuwa zanieczyszczenia z szyb, stali nierdzewnej, mebli, nie pozostawiaj\u0105c smug. \u00a0Polecany szczeg\u00f3lnie, gdy w otoczeniu czyszczonych powierzchni przebywaj\u0105 dzieci, osoby starsze, osoby ze sk\u0142onno\u015bci\u0105 do alergii ze wzgl\u0119du na neutralny dla organizmu sk\u0142ad P\u0142ynu. &nbsp; Pojemno\u015b\u0107: 500 [&hellip;]<\/p>\n","protected":false},"featured_media":0,"template":"","meta":[],"product_brand":[],"product_cat":[95,80],"product_tag":[],"class_list":{"0":"post-3742","1":"product","2":"type-product","3":"status-publish","5":"product_cat-srodki-do-ochrony-i-higieny-weterynaria","6":"product_cat-weterynaria","8":"first","9":"instock","10":"shipping-taxable","11":"product-type-simple"},"_links":{"self":[{"href":"https:\/\/www.btl.com.pl\/en\/wp-json\/wp\/v2\/product\/3742","targetHints":{"allow":["GET"]}}],"collection":[{"href":"https:\/\/www.btl.com.pl\/en\/wp-json\/wp\/v2\/product"}],"about":[{"href":"https:\/\/www.btl.com.pl\/en\/wp-json\/wp\/v2\/types\/product"}],"version-history":[{"count":1,"href":"https:\/\/www.btl.com.pl\/en\/wp-json\/wp\/v2\/product\/3742\/revisions"}],"predecessor-version":[{"id":3743,"href":"https:\/\/www.btl.com.pl\/en\/wp-json\/wp\/v2\/product\/3742\/revisions\/3743"}],"wp:attachment":[{"href":"https:\/\/www.btl.com.pl\/en\/wp-json\/wp\/v2\/media?parent=3742"}],"wp:term":[{"taxonomy":"product_brand","embeddable":true,"href":"https:\/\/www.btl.com.pl\/en\/wp-json\/wp\/v2\/product_brand?post=3742"},{"taxonomy":"product_cat","embeddable":true,"href":"https:\/\/www.btl.com.pl\/en\/wp-json\/wp\/v2\/product_cat?post=3742"},{"taxonomy":"product_tag","embeddable":true,"href":"https:\/\/www.btl.com.pl\/en\/wp-json\/wp\/v2\/product_tag?post=3742"}],"curies":[{"name":"wp","href":"https:\/\/api.w.org\/{rel}","templated":true}]}}