{"id":3740,"date":"2022-03-29T09:04:49","date_gmt":"2022-03-29T07:04:49","guid":{"rendered":"https:\/\/btl.com.pl\/?post_type=product&#038;p=3740"},"modified":"2022-03-29T09:04:49","modified_gmt":"2022-03-29T07:04:49","slug":"javel-vet-hdm8","status":"publish","type":"product","link":"https:\/\/www.btl.com.pl\/en\/produkty\/weterynaria\/srodki-do-ochrony-i-higieny-weterynaria\/javel-vet-hdm8\/","title":{"rendered":"JAVEL \u00ae VET.   HDM8"},"content":{"rendered":"<p>nr katalogowy: <strong>HDM8<\/strong><\/p>\n<p>Wygodny w stosowaniu produkt w postaci samorozpuszczaj\u0105cych si\u0119 tabletek.<\/p>\n<p><strong>Zastosowanie:<\/strong><\/p>\n<p>&nbsp;<\/p>\n<ul>\n<li>dezynfekcja powierzchni i sprz\u0119tu w plac\u00f3wkach s\u0142u\u017cby zdrowia, weterynarii i stacjach sanitarno \u2013 epidemiologicznych<\/li>\n<li>dezynfekcja powierzchni maj\u0105cych kontakt z \u017cywno\u015bci\u0105, urz\u0105dze\u0144 sanitarnych i kanalizacyjnych<\/li>\n<li>dezynfekcja wody pitnej oraz wody w basenach k\u0105pielowych<\/li>\n<li>dezynfekcja strzyk\u00f3w, wymion, aparat\u00f3w udojowych, r\u0105k dojarzy<\/li>\n<li>wykazuje r\u00f3wnie\u017c skuteczno\u015b\u0107 w stosunku do alg z rodzaju <strong>Prototheca<\/strong>, kt\u00f3re s\u0105 oporne na dzia\u0142anie wielu \u015brodk\u00f3w biob\u00f3jczych<\/li>\n<\/ul>\n<p><strong>Zalety stosowania:<\/strong><\/p>\n<p>&#8211; szerokie spektrum dzia\u0142ania (bakteriob\u00f3jcze, wirusob\u00f3jcze, grzybob\u00f3jcze, pr\u0105tkob\u00f3jcze, sporob\u00f3jcze)<\/p>\n<p>&#8211; roztw\u00f3r wodny posiada niewyczuwalny zapach chloru<\/p>\n<p>&#8211; dobra rozpuszczalno\u015b\u0107 preparatu nawet w twardej wodzie<\/p>\n<p>&#8211; niskie st\u0119\u017cenie u\u017cytkowe to niski koszt roztworu<\/p>\n<p>&#8211; trwa\u0142o\u015b\u0107 3 lata od daty produkcji umieszczonej na opakowaniu<\/p>\n<p><strong>Pozwolenia i atesty:<\/strong><\/p>\n<p>&nbsp;<\/p>\n<p>&#8211; pozwolenie\u00a0 Ministra Zdrowia RP<\/p>\n<ul>\n<li>skuteczno\u015b\u0107 dzia\u0142ania preparatu potwierdzona badaniami PZH w Warszawie, Laboratories ANIOS i IRM (COFRAC) we\u00a0 Francji<\/li>\n<\/ul>\n<p><strong>Opakowania:<\/strong><\/p>\n<p><strong>300 tabletek<\/strong><\/p>\n<p><strong>15 tabletek<\/strong><\/p>\n<p><strong>50 tabletek<\/strong><\/p>","protected":false},"excerpt":{"rendered":"<p>nr katalogowy: HDM8 Wygodny w stosowaniu produkt w postaci samorozpuszczaj\u0105cych si\u0119 tabletek. Zastosowanie: &nbsp; dezynfekcja powierzchni i sprz\u0119tu w plac\u00f3wkach s\u0142u\u017cby zdrowia, weterynarii i stacjach sanitarno \u2013 epidemiologicznych dezynfekcja powierzchni maj\u0105cych kontakt z \u017cywno\u015bci\u0105, urz\u0105dze\u0144 sanitarnych i kanalizacyjnych dezynfekcja wody pitnej oraz wody w basenach k\u0105pielowych dezynfekcja strzyk\u00f3w, wymion, aparat\u00f3w udojowych, r\u0105k dojarzy wykazuje r\u00f3wnie\u017c [&hellip;]<\/p>\n","protected":false},"featured_media":0,"template":"","meta":[],"product_brand":[],"product_cat":[95,80],"product_tag":[],"class_list":{"0":"post-3740","1":"product","2":"type-product","3":"status-publish","5":"product_cat-srodki-do-ochrony-i-higieny-weterynaria","6":"product_cat-weterynaria","8":"first","9":"instock","10":"shipping-taxable","11":"product-type-simple"},"_links":{"self":[{"href":"https:\/\/www.btl.com.pl\/en\/wp-json\/wp\/v2\/product\/3740","targetHints":{"allow":["GET"]}}],"collection":[{"href":"https:\/\/www.btl.com.pl\/en\/wp-json\/wp\/v2\/product"}],"about":[{"href":"https:\/\/www.btl.com.pl\/en\/wp-json\/wp\/v2\/types\/product"}],"version-history":[{"count":1,"href":"https:\/\/www.btl.com.pl\/en\/wp-json\/wp\/v2\/product\/3740\/revisions"}],"predecessor-version":[{"id":3741,"href":"https:\/\/www.btl.com.pl\/en\/wp-json\/wp\/v2\/product\/3740\/revisions\/3741"}],"wp:attachment":[{"href":"https:\/\/www.btl.com.pl\/en\/wp-json\/wp\/v2\/media?parent=3740"}],"wp:term":[{"taxonomy":"product_brand","embeddable":true,"href":"https:\/\/www.btl.com.pl\/en\/wp-json\/wp\/v2\/product_brand?post=3740"},{"taxonomy":"product_cat","embeddable":true,"href":"https:\/\/www.btl.com.pl\/en\/wp-json\/wp\/v2\/product_cat?post=3740"},{"taxonomy":"product_tag","embeddable":true,"href":"https:\/\/www.btl.com.pl\/en\/wp-json\/wp\/v2\/product_tag?post=3740"}],"curies":[{"name":"wp","href":"https:\/\/api.w.org\/{rel}","templated":true}]}}