{"id":3736,"date":"2022-03-29T09:02:17","date_gmt":"2022-03-29T07:02:17","guid":{"rendered":"https:\/\/btl.com.pl\/?post_type=product&#038;p=3736"},"modified":"2022-03-29T09:02:17","modified_gmt":"2022-03-29T07:02:17","slug":"desam-ox","status":"publish","type":"product","link":"https:\/\/www.btl.com.pl\/en\/produkty\/weterynaria\/srodki-do-ochrony-i-higieny-weterynaria\/desam-ox\/","title":{"rendered":"DESAM OX"},"content":{"rendered":"<p>Desam ox jest przeznaczony do dezynfekcji du\u017cych i ma\u0142ych powierzchni i sprz\u0119tu medycznego.<\/p>\n<p>Jest to p\u0142ynny koncentrat na bazie nadtlenku wodoru, przeznaczony do jednoczesnego mycia i dezynfekowania w zak\u0142adach opieki zdrowotnej, plac\u00f3wkach medycznych, domach opieki, gabinetach stomatologicznych i fizjoterapeutycznych, solariach, gabinetach odnowy biologicznej, si\u0142owniach, gabinetach tatua\u017cy i piercingu, w profilaktyce domowej (zapobieganie lub rozprzestrzenianie si\u0119 chor\u00f3b i infekcji) i profilaktyce og\u00f3lnej.<\/p>\n<p>Desam ox nie zawiera aldehyd\u00f3w ( nie dzia\u0142a uczulaj\u0105co na osoby wykonuj\u0105ce dezynfekcj\u0119 oraz przebywaj\u0105ce w pomieszczeniu po dezynfekcji).<\/p>\n<p>Desam ox dzia\u0142a bakteriob\u00f3jczo (bakteriob\u00f3jczo na\u00a0 gronkowca z\u0142ocistego, bakterie coli, pa\u0142eczki ropy b\u0142\u0119kitnej, enterokoki), grzybob\u00f3jczy (inaktywuje dro\u017cd\u017ce z rodzaju Candida albicans wywo\u0142uj\u0105ce kandydozy, dro\u017cd\u017cyce, z rodzaju Aspergillus wywo\u0142uj\u0105cy asprgilozy), pr\u0105tkob\u00f3jczy, (przeciwko pr\u0105tkom gru\u017alicy), inaktywuje adeno wirusy (wirusy powoduj\u0105ce cz\u0119sto bezobjawowe zaka\u017cenie g\u00f3rnych dr\u00f3g oddechowych i gard\u0142a), rota wirusy (najcz\u0119stsza przyczyna biegunek, zw\u0142aszcza u ma\u0142ych dzieci), wirusy zapalenia w\u0105troby typu B oraz wirusy HIV.<\/p>\n<p>G\u0142\u00f3wny sk\u0142adnik desam ox &#8211; nadtlenek wodoru, po wydzieleniu aktywnego tlenu i zako\u0144czonej dezynfekcji zamienia si\u0119 w tlen i wod\u0119, natomiast pozosta\u0142e zawarte w preparacie kationowe i niejonowe \u015brodki powierzchniowo czynne ulegaj\u0105 biodegradacji zgodnie z rozporz\u0105dzeniem o detergentach.<\/p>\n<p>Spos\u00f3b u\u017cycia Desam ox:<\/p>\n<p>Powierzchnie: \u015bciany, pod\u0142ogi, meble, oraz wszelkie inne\u00a0 wyposa\u017cenie sal, korytarzy i pokoi nale\u017cy zmy\u0107 roztworem preparatu. Przedmioty kt\u00f3re mo\u017cna najlepiej jest zanurzy\u0107 w roztworze i pozostawi\u0107 na czas 5 &#8211; 15 min. Po dezynfekcji zw\u0142aszcza du\u017cych powierzchni pomieszczenie nale\u017cy wywietrzy\u0107.<\/p>\n<p>Desam ox posiada pozytywn\u0105 opini\u0119 Instytutu Matki i Dziecka nr ZE\/K\/53\/2001<\/p>\n<table border=\"1\" cellspacing=\"1\" cellpadding=\"1\">\n<tbody>\n<tr>\n<td>Spektrum dzia\u0142ania<\/td>\n<td>St\u0119\u017cenie roztworu<\/td>\n<td>Dozowanie na 1l roztworu<\/td>\n<td>Czas dzia\u0142ania<\/td>\n<\/tr>\n<tr>\n<td>Bakterie, grzyby<\/td>\n<td>\u00a01%<\/td>\n<td>\u00a010ml<\/td>\n<td>\u00a015min<\/td>\n<\/tr>\n<tr>\n<td>Rota-wirus<br \/>\nWirus HBV\/HIV<\/td>\n<td>\u00a02%<br \/>\n2%<\/td>\n<td>\u00a020ml<br \/>\n20ml<\/td>\n<td>\u00a05min<br \/>\n5-30min<\/td>\n<\/tr>\n<tr>\n<td>Dezynfekcja w \u015brodowisku z wyst\u0119powaniem pr\u0105tk\u00f3w (TBC)<\/td>\n<td>\u00a01%<br \/>\n2%<\/td>\n<td>\u00a010ml<br \/>\n20ml<\/td>\n<td>\u00a060min<br \/>\n30min<\/td>\n<\/tr>\n<\/tbody>\n<\/table>\n<p>Atesty Desam ox<br \/>\nCertyfikat CE 1023 No. 04 0507 QS\/NB\/c<br \/>\nPozytywna opinia Instytutu Matki i Dziecka nr ZF\/K\/53\/2001<\/p>\n<p>Aktywno\u015b\u0107 mikrobiologiczna Desam ox:<\/p>\n<ul>\n<li>\u00a0\u00a0\u00a0 Bakterie (St.aureus, E.coli, Ps.aeruginosa, En.hirae) &#8211; EN 1040, EN 13727 MRSA<\/li>\n<li>\u00a0\u00a0\u00a0 Grzyby (Candida albicans, Aspergillus niger) &#8211; EN 1275, EN 13624<\/li>\n<li>\u00a0\u00a0\u00a0 Mycobacterium tuberculosis, Mycobacterium avium<\/li>\n<li>\u00a0\u00a0\u00a0 Wirusy<\/li>\n<li>\u00a0\u00a0\u00a0 Adeno wirus &#8211; prEN 14476<\/li>\n<li>\u00a0\u00a0\u00a0 Rota &#8211; wirus (human rotavirus strain Wa)<\/li>\n<li>\u00a0\u00a0\u00a0 HBV\/HIV<\/li>\n<li>\u00a0\u00a0\u00a0 E.coli bakteriofagi X 174<\/li>\n<\/ul>","protected":false},"excerpt":{"rendered":"<p>Desam ox jest przeznaczony do dezynfekcji du\u017cych i ma\u0142ych powierzchni i sprz\u0119tu medycznego. Jest to p\u0142ynny koncentrat na bazie nadtlenku wodoru, przeznaczony do jednoczesnego mycia i dezynfekowania w zak\u0142adach opieki zdrowotnej, plac\u00f3wkach medycznych, domach opieki, gabinetach stomatologicznych i fizjoterapeutycznych, solariach, gabinetach odnowy biologicznej, si\u0142owniach, gabinetach tatua\u017cy i piercingu, w profilaktyce domowej (zapobieganie lub rozprzestrzenianie si\u0119 [&hellip;]<\/p>\n","protected":false},"featured_media":0,"template":"","meta":[],"product_brand":[],"product_cat":[95,80],"product_tag":[],"class_list":{"0":"post-3736","1":"product","2":"type-product","3":"status-publish","5":"product_cat-srodki-do-ochrony-i-higieny-weterynaria","6":"product_cat-weterynaria","8":"first","9":"instock","10":"shipping-taxable","11":"product-type-simple"},"_links":{"self":[{"href":"https:\/\/www.btl.com.pl\/en\/wp-json\/wp\/v2\/product\/3736","targetHints":{"allow":["GET"]}}],"collection":[{"href":"https:\/\/www.btl.com.pl\/en\/wp-json\/wp\/v2\/product"}],"about":[{"href":"https:\/\/www.btl.com.pl\/en\/wp-json\/wp\/v2\/types\/product"}],"version-history":[{"count":1,"href":"https:\/\/www.btl.com.pl\/en\/wp-json\/wp\/v2\/product\/3736\/revisions"}],"predecessor-version":[{"id":3737,"href":"https:\/\/www.btl.com.pl\/en\/wp-json\/wp\/v2\/product\/3736\/revisions\/3737"}],"wp:attachment":[{"href":"https:\/\/www.btl.com.pl\/en\/wp-json\/wp\/v2\/media?parent=3736"}],"wp:term":[{"taxonomy":"product_brand","embeddable":true,"href":"https:\/\/www.btl.com.pl\/en\/wp-json\/wp\/v2\/product_brand?post=3736"},{"taxonomy":"product_cat","embeddable":true,"href":"https:\/\/www.btl.com.pl\/en\/wp-json\/wp\/v2\/product_cat?post=3736"},{"taxonomy":"product_tag","embeddable":true,"href":"https:\/\/www.btl.com.pl\/en\/wp-json\/wp\/v2\/product_tag?post=3736"}],"curies":[{"name":"wp","href":"https:\/\/api.w.org\/{rel}","templated":true}]}}