{"id":3734,"date":"2022-03-29T09:01:26","date_gmt":"2022-03-29T07:01:26","guid":{"rendered":"https:\/\/btl.com.pl\/?post_type=product&#038;p=3734"},"modified":"2022-03-29T09:01:27","modified_gmt":"2022-03-29T07:01:27","slug":"desderman-pure","status":"publish","type":"product","link":"https:\/\/www.btl.com.pl\/en\/produkty\/weterynaria\/srodki-do-ochrony-i-higieny-weterynaria\/desderman-pure\/","title":{"rendered":"DESDERMAN PURE"},"content":{"rendered":"<p><strong>Desderman pure jest alkoholowym preparatem do higienicznej i chirurgicznej dezynfekcji sk\u00f3ry r\u0105k.<\/strong><\/p>\n<p><strong>W\u0142a\u015bciwo\u015bci u\u017cytkowe<\/strong> <strong>preparatu <\/strong><strong>Desderman Pure:<\/strong><\/p>\n<p>Lek zawiera substancje pomocnicze nawil\u017caj\u0105ce i nat\u0142uszczaj\u0105ce, zapobiegaj\u0105ce wysuszaniu r\u0105k i utrzymuj\u0105ce elastyczno\u015b\u0107 sk\u00f3ry. Lek dzia\u0142a bakteriob\u00f3jczo, grzybob\u00f3jczo i wirusob\u00f3jczo.<\/p>\n<p>Skuteczno\u015b\u0107 mikrobiologiczna potwierdzona badaniami na:<\/p>\n<ul>\n<li>B (\u0142\u0105cznie z Tbc, MRSA),<\/li>\n<li>F,<\/li>\n<li>V (HIV, HBV, HCV, HAV, Rota, Adeno, Herpes simplex, Polio, Noro, SARS, Vaccinia).<\/li>\n<\/ul>\n<p><strong>Zalety preparatu <\/strong><strong>Desderman pure:<\/strong><\/p>\n<ul>\n<li>Dzia\u0142anie natychmiastowe,<\/li>\n<li>Szybkie wysychanie,<\/li>\n<li>Szerokie spektrum aktywno\u015bci biob\u00f3jczej,<\/li>\n<li><strong>Przed\u0142u\u017cony efekt dzia\u0142ania do 4. godzin,<\/strong><\/li>\n<li>Preparat nat\u0142uszcza i chroni sk\u00f3r\u0119,<\/li>\n<li>Pozostawia mi\u0142y zapach,<\/li>\n<li><strong>pH 6,0,<\/strong><\/li>\n<li>Autosterylny.<\/li>\n<\/ul>","protected":false},"excerpt":{"rendered":"<p>Desderman pure jest alkoholowym preparatem do higienicznej i chirurgicznej dezynfekcji sk\u00f3ry r\u0105k. W\u0142a\u015bciwo\u015bci u\u017cytkowe preparatu Desderman Pure: Lek zawiera substancje pomocnicze nawil\u017caj\u0105ce i nat\u0142uszczaj\u0105ce, zapobiegaj\u0105ce wysuszaniu r\u0105k i utrzymuj\u0105ce elastyczno\u015b\u0107 sk\u00f3ry. Lek dzia\u0142a bakteriob\u00f3jczo, grzybob\u00f3jczo i wirusob\u00f3jczo. Skuteczno\u015b\u0107 mikrobiologiczna potwierdzona badaniami na: B (\u0142\u0105cznie z Tbc, MRSA), F, V (HIV, HBV, HCV, HAV, Rota, Adeno, [&hellip;]<\/p>\n","protected":false},"featured_media":0,"template":"","meta":[],"product_brand":[],"product_cat":[95,80],"product_tag":[],"class_list":{"0":"post-3734","1":"product","2":"type-product","3":"status-publish","5":"product_cat-srodki-do-ochrony-i-higieny-weterynaria","6":"product_cat-weterynaria","8":"first","9":"instock","10":"shipping-taxable","11":"product-type-simple"},"_links":{"self":[{"href":"https:\/\/www.btl.com.pl\/en\/wp-json\/wp\/v2\/product\/3734","targetHints":{"allow":["GET"]}}],"collection":[{"href":"https:\/\/www.btl.com.pl\/en\/wp-json\/wp\/v2\/product"}],"about":[{"href":"https:\/\/www.btl.com.pl\/en\/wp-json\/wp\/v2\/types\/product"}],"version-history":[{"count":1,"href":"https:\/\/www.btl.com.pl\/en\/wp-json\/wp\/v2\/product\/3734\/revisions"}],"predecessor-version":[{"id":3735,"href":"https:\/\/www.btl.com.pl\/en\/wp-json\/wp\/v2\/product\/3734\/revisions\/3735"}],"wp:attachment":[{"href":"https:\/\/www.btl.com.pl\/en\/wp-json\/wp\/v2\/media?parent=3734"}],"wp:term":[{"taxonomy":"product_brand","embeddable":true,"href":"https:\/\/www.btl.com.pl\/en\/wp-json\/wp\/v2\/product_brand?post=3734"},{"taxonomy":"product_cat","embeddable":true,"href":"https:\/\/www.btl.com.pl\/en\/wp-json\/wp\/v2\/product_cat?post=3734"},{"taxonomy":"product_tag","embeddable":true,"href":"https:\/\/www.btl.com.pl\/en\/wp-json\/wp\/v2\/product_tag?post=3734"}],"curies":[{"name":"wp","href":"https:\/\/api.w.org\/{rel}","templated":true}]}}