{"id":3732,"date":"2022-03-29T09:00:37","date_gmt":"2022-03-29T07:00:37","guid":{"rendered":"https:\/\/btl.com.pl\/?post_type=product&#038;p=3732"},"modified":"2022-03-29T09:00:37","modified_gmt":"2022-03-29T07:00:37","slug":"virkon-s","status":"publish","type":"product","link":"https:\/\/www.btl.com.pl\/en\/produkty\/weterynaria\/srodki-do-ochrony-i-higieny-weterynaria\/virkon-s\/","title":{"rendered":"VIRKON S"},"content":{"rendered":"<p>Virkon S przeznaczony jest do stosowania w ka\u017cdych warunkach, gdzie konieczne jest przeprowadzenie, dok\u0142adnej i skutecznej dezynfekcji. Mo\u017ce by\u0107 stosowany w ogniskach chor\u00f3b zaka\u017anych w tym w zwalczaniu pryszczycy, ptasiej grypy.\u00a0W zalecanych st\u0119\u017ceniach preparat dzia\u0142a bakteriob\u00f3jczo, wirusob\u00f3jczo i grzybob\u00f3jczo.<\/p>\n<p>&nbsp;<\/p>\n<p><strong>Spos\u00f3b u\u017cycia:<\/strong><br \/>\nPreparat nale\u017cy stosowa\u0107 na powierzchnie wst\u0119pnie oczyszczone i umyte, zar\u00f3wno do przeprowadzenia dezynfekcji profilaktycznej jak i w warunkach zagro\u017cenia epizootycznego.<br \/>\nPreparat mo\u017ce by\u0107 nanoszony na odka\u017cane powierzchnie poprzez mycie, wycieranie, oprysk lub drobnokroplisty oprysk z u\u017cyciem aparat\u00f3w ci\u015bnieniowych.<\/p>\n<p><strong>Dezynfekcja profilaktyczna<\/strong>: stosowa\u0107 roztw\u00f3r 0,5-1,0 % (0,5\/1kg preparatu rozpu\u015bci\u0107 w 100 litrach letniej wody, 5,0\/10,0 g w 1 litrze letniej wody). Czas dzia\u0142ania 30 &#8211; 60 minut.<\/p>\n<p><strong>Dezynfekcja w ogniskach chor\u00f3b zaka\u017anych<\/strong>: stosowa\u0107 roztw\u00f3r 2,0 %, 300 ml\/m2, (2,0 kg na 100 litr\u00f3w letniej wody lub 20,0 g na 1 litr). Czas dzia\u0142ania 60 minut.<\/p>\n<p>W zwalczaniu wirusa pryszczycy preparat jest skuteczny ju\u017c w rozcie\u0144czeniu 1 : 1300, zalecane st\u0119\u017cenie &#8211; 0,5 &#8211; 1,0 %, czas dzia\u0142ania 30 &#8211; 60 minut. <strong>W zwalczaniu wirusa H5N1 ptasiej grypy preparat jest skuteczny w<br \/>\nrozcie\u0144czeniu 1:1000, zalecane st\u0119\u017cenie 1,0 %, czas dzia\u0142ania 60 minut.<\/strong><\/p>\n<p><strong>Baseny i maty dezynfekcyjne:<\/strong> 0,5 &#8211; 2,0 % roztw\u00f3r, wymienia\u0107 co dwa dni lub w miar\u0119 zanieczyszczenia..<\/p>\n<p><strong>Dezynfekcja wody pitnej dla drobiu:<\/strong> 1,0 kg na 1000 litr\u00f3w wody (0,1%).<\/p>\n<p><strong>Do dezynfekcji jaj wyl\u0119gowych:<\/strong> roztw\u00f3r 0,5-1,0 % w formie drobnokroplistego oprysku lub przez zanurzenie w roztworze na kilka sekund. Po 10 minutach op\u0142uka\u0107 w wodzie i osuszy\u0107.<br \/>\nPreparat mo\u017ce by\u0107 nanoszony na odka\u017cane powierzchnie poprzez mycie, wycieranie, oprysk lub drobnokroplisty oprysk z u\u017cyciem aparat\u00f3w ci\u015bnieniowych.<br \/>\nPrzy dezynfekcji powierzchni nale\u017cy u\u017cy\u0107 ok. 200-300 ml roztworu na 1 m2. Przy metodzie zamg\u0142awiania roztworem 0,5-1,0% w obecno\u015bci zwierz\u0105t stosuje si\u0119 1 litr roztworu na 100 m3<br \/>\npomieszczenia; stosowa\u0107 mechaniczne wytwornice aerozolowe. Trwa\u0142o\u015b\u0107 roztworu roboczego 5 dni. Zanik r\u00f3\u017cowej barwy roztworu \u015bwiadczy o utracie skuteczno\u015bci biob\u00f3jczej.<\/p>","protected":false},"excerpt":{"rendered":"<p>Virkon S przeznaczony jest do stosowania w ka\u017cdych warunkach, gdzie konieczne jest przeprowadzenie, dok\u0142adnej i skutecznej dezynfekcji. Mo\u017ce by\u0107 stosowany w ogniskach chor\u00f3b zaka\u017anych w tym w zwalczaniu pryszczycy, ptasiej grypy.\u00a0W zalecanych st\u0119\u017ceniach preparat dzia\u0142a bakteriob\u00f3jczo, wirusob\u00f3jczo i grzybob\u00f3jczo. &nbsp; Spos\u00f3b u\u017cycia: Preparat nale\u017cy stosowa\u0107 na powierzchnie wst\u0119pnie oczyszczone i umyte, zar\u00f3wno do przeprowadzenia dezynfekcji [&hellip;]<\/p>\n","protected":false},"featured_media":0,"template":"","meta":[],"product_brand":[],"product_cat":[95,80],"product_tag":[],"class_list":{"0":"post-3732","1":"product","2":"type-product","3":"status-publish","5":"product_cat-srodki-do-ochrony-i-higieny-weterynaria","6":"product_cat-weterynaria","8":"first","9":"instock","10":"shipping-taxable","11":"product-type-simple"},"_links":{"self":[{"href":"https:\/\/www.btl.com.pl\/en\/wp-json\/wp\/v2\/product\/3732","targetHints":{"allow":["GET"]}}],"collection":[{"href":"https:\/\/www.btl.com.pl\/en\/wp-json\/wp\/v2\/product"}],"about":[{"href":"https:\/\/www.btl.com.pl\/en\/wp-json\/wp\/v2\/types\/product"}],"version-history":[{"count":1,"href":"https:\/\/www.btl.com.pl\/en\/wp-json\/wp\/v2\/product\/3732\/revisions"}],"predecessor-version":[{"id":3733,"href":"https:\/\/www.btl.com.pl\/en\/wp-json\/wp\/v2\/product\/3732\/revisions\/3733"}],"wp:attachment":[{"href":"https:\/\/www.btl.com.pl\/en\/wp-json\/wp\/v2\/media?parent=3732"}],"wp:term":[{"taxonomy":"product_brand","embeddable":true,"href":"https:\/\/www.btl.com.pl\/en\/wp-json\/wp\/v2\/product_brand?post=3732"},{"taxonomy":"product_cat","embeddable":true,"href":"https:\/\/www.btl.com.pl\/en\/wp-json\/wp\/v2\/product_cat?post=3732"},{"taxonomy":"product_tag","embeddable":true,"href":"https:\/\/www.btl.com.pl\/en\/wp-json\/wp\/v2\/product_tag?post=3732"}],"curies":[{"name":"wp","href":"https:\/\/api.w.org\/{rel}","templated":true}]}}