{"id":3730,"date":"2022-03-29T08:58:54","date_gmt":"2022-03-29T06:58:54","guid":{"rendered":"https:\/\/btl.com.pl\/?post_type=product&#038;p=3730"},"modified":"2022-03-29T08:58:54","modified_gmt":"2022-03-29T06:58:54","slug":"trilux","status":"publish","type":"product","link":"https:\/\/www.btl.com.pl\/en\/produkty\/weterynaria\/srodki-do-ochrony-i-higieny-weterynaria\/trilux\/","title":{"rendered":"TRILUX"},"content":{"rendered":"<p>TRILUX jest odczynnikiem detergentowym przeznaczonym do mycia szk\u0142a laboratoryjnego w pracowniach diagnostycznych s\u0142u\u017cby zdrowia oraz w laboratoriach chemicznych i biochemicznych.<\/p>\n<p>Z powodzeniem mo\u017ce by\u0107 stosowany jako \u015brodek myj\u0105cy w gospodarstwach domowych.<\/p>\n<p><strong>TRILUX <\/strong>jest \u0142atwo wyp\u0142ukiwany z powierzchni szk\u0142a i tworzyw sztucznych, nie pozostawia zaciek\u00f3w, zm\u0119tnie\u0144 oraz \u015blad\u00f3w wp\u0142ywaj\u0105cych na przebieg reakcji biochemicznych, enzymatycznych i oznacze\u0144 analitycznych.<\/p>\n<p>Biodegradowalny, przyjazny \u015brodowisku. Bezpieczny dla sk\u00f3ry d\u0142oni. Ekonomiczny i wydajny.<\/p>\n<p>Sprzedawany w stabilnej butelce.<\/p>","protected":false},"excerpt":{"rendered":"<p>TRILUX jest odczynnikiem detergentowym przeznaczonym do mycia szk\u0142a laboratoryjnego w pracowniach diagnostycznych s\u0142u\u017cby zdrowia oraz w laboratoriach chemicznych i biochemicznych. Z powodzeniem mo\u017ce by\u0107 stosowany jako \u015brodek myj\u0105cy w gospodarstwach domowych. TRILUX jest \u0142atwo wyp\u0142ukiwany z powierzchni szk\u0142a i tworzyw sztucznych, nie pozostawia zaciek\u00f3w, zm\u0119tnie\u0144 oraz \u015blad\u00f3w wp\u0142ywaj\u0105cych na przebieg reakcji biochemicznych, enzymatycznych i oznacze\u0144 [&hellip;]<\/p>\n","protected":false},"featured_media":0,"template":"","meta":[],"product_brand":[],"product_cat":[95,80],"product_tag":[],"class_list":{"0":"post-3730","1":"product","2":"type-product","3":"status-publish","5":"product_cat-srodki-do-ochrony-i-higieny-weterynaria","6":"product_cat-weterynaria","8":"first","9":"instock","10":"shipping-taxable","11":"product-type-simple"},"_links":{"self":[{"href":"https:\/\/www.btl.com.pl\/en\/wp-json\/wp\/v2\/product\/3730","targetHints":{"allow":["GET"]}}],"collection":[{"href":"https:\/\/www.btl.com.pl\/en\/wp-json\/wp\/v2\/product"}],"about":[{"href":"https:\/\/www.btl.com.pl\/en\/wp-json\/wp\/v2\/types\/product"}],"version-history":[{"count":1,"href":"https:\/\/www.btl.com.pl\/en\/wp-json\/wp\/v2\/product\/3730\/revisions"}],"predecessor-version":[{"id":3731,"href":"https:\/\/www.btl.com.pl\/en\/wp-json\/wp\/v2\/product\/3730\/revisions\/3731"}],"wp:attachment":[{"href":"https:\/\/www.btl.com.pl\/en\/wp-json\/wp\/v2\/media?parent=3730"}],"wp:term":[{"taxonomy":"product_brand","embeddable":true,"href":"https:\/\/www.btl.com.pl\/en\/wp-json\/wp\/v2\/product_brand?post=3730"},{"taxonomy":"product_cat","embeddable":true,"href":"https:\/\/www.btl.com.pl\/en\/wp-json\/wp\/v2\/product_cat?post=3730"},{"taxonomy":"product_tag","embeddable":true,"href":"https:\/\/www.btl.com.pl\/en\/wp-json\/wp\/v2\/product_tag?post=3730"}],"curies":[{"name":"wp","href":"https:\/\/api.w.org\/{rel}","templated":true}]}}