{"id":3722,"date":"2022-03-29T08:50:14","date_gmt":"2022-03-29T06:50:14","guid":{"rendered":"https:\/\/btl.com.pl\/?post_type=product&#038;p=3722"},"modified":"2022-03-29T08:50:14","modified_gmt":"2022-03-29T06:50:14","slug":"cylindry-szklane","status":"publish","type":"product","link":"https:\/\/www.btl.com.pl\/en\/produkty\/weterynaria\/sprzet-do-wytrawiania-miesa\/cylindry-szklane\/","title":{"rendered":"CYLINDRY SZKLANE"},"content":{"rendered":"<div class=\"block block-type-3\">\n<div class=\"row\">\n<div class=\"col-sm-12\">\n<p>Cylinder miarowy KL B ze stopk\u0105 plastikow\u0105 oraz znacznikiem, skala niebieska o pojemno\u015bci 50 ml lub 100 ml<\/p>\n<\/div>\n<\/div>\n<\/div>\n<div class=\"block block-type-3\">\n<div class=\"row\">\n<div class=\"col-sm-0\"><\/div>\n<div class=\"col-sm-12\">\n<p>Cylinder miarowy kalibrowany KL A ze stopk\u0105 szklan\u0105 o pojemno\u015bci 50 ml lub 100 ml. Skala wykonana farba niebiesk\u0105.<\/p>\n<\/div>\n<\/div>\n<\/div>","protected":false},"excerpt":{"rendered":"<p>Cylinder miarowy KL B ze stopk\u0105 plastikow\u0105 oraz znacznikiem, skala niebieska o pojemno\u015bci 50 ml lub 100 ml Cylinder miarowy kalibrowany KL A ze stopk\u0105 szklan\u0105 o pojemno\u015bci 50 ml lub 100 ml. Skala wykonana farba niebiesk\u0105.<\/p>","protected":false},"featured_media":0,"template":"","meta":[],"product_brand":[],"product_cat":[88,80],"product_tag":[],"class_list":{"0":"post-3722","1":"product","2":"type-product","3":"status-publish","5":"product_cat-sprzet-do-wytrawiania-miesa","6":"product_cat-weterynaria","8":"first","9":"instock","10":"shipping-taxable","11":"product-type-simple"},"_links":{"self":[{"href":"https:\/\/www.btl.com.pl\/en\/wp-json\/wp\/v2\/product\/3722","targetHints":{"allow":["GET"]}}],"collection":[{"href":"https:\/\/www.btl.com.pl\/en\/wp-json\/wp\/v2\/product"}],"about":[{"href":"https:\/\/www.btl.com.pl\/en\/wp-json\/wp\/v2\/types\/product"}],"version-history":[{"count":1,"href":"https:\/\/www.btl.com.pl\/en\/wp-json\/wp\/v2\/product\/3722\/revisions"}],"predecessor-version":[{"id":3723,"href":"https:\/\/www.btl.com.pl\/en\/wp-json\/wp\/v2\/product\/3722\/revisions\/3723"}],"wp:attachment":[{"href":"https:\/\/www.btl.com.pl\/en\/wp-json\/wp\/v2\/media?parent=3722"}],"wp:term":[{"taxonomy":"product_brand","embeddable":true,"href":"https:\/\/www.btl.com.pl\/en\/wp-json\/wp\/v2\/product_brand?post=3722"},{"taxonomy":"product_cat","embeddable":true,"href":"https:\/\/www.btl.com.pl\/en\/wp-json\/wp\/v2\/product_cat?post=3722"},{"taxonomy":"product_tag","embeddable":true,"href":"https:\/\/www.btl.com.pl\/en\/wp-json\/wp\/v2\/product_tag?post=3722"}],"curies":[{"name":"wp","href":"https:\/\/api.w.org\/{rel}","templated":true}]}}