{"id":3712,"date":"2022-03-29T08:46:16","date_gmt":"2022-03-29T06:46:16","guid":{"rendered":"https:\/\/btl.com.pl\/?post_type=product&#038;p=3712"},"modified":"2022-03-29T08:46:17","modified_gmt":"2022-03-29T06:46:17","slug":"folia-aluminiowa","status":"publish","type":"product","link":"https:\/\/www.btl.com.pl\/en\/produkty\/weterynaria\/sprzet-do-wytrawiania-miesa\/folia-aluminiowa\/","title":{"rendered":"FOLIA ALUMINIOWA"},"content":{"rendered":"<p>Folia aluminiowa o grubo\u015bci 20 \u00b5m, szeroko\u015bci 30 cm, d\u0142ugo\u015bci 20 m.<\/p>","protected":false},"excerpt":{"rendered":"<p>Folia aluminiowa o grubo\u015bci 20 \u00b5m, szeroko\u015bci 30 cm, d\u0142ugo\u015bci 20 m.<\/p>","protected":false},"featured_media":0,"template":"","meta":[],"product_brand":[],"product_cat":[88,80],"product_tag":[],"class_list":{"0":"post-3712","1":"product","2":"type-product","3":"status-publish","5":"product_cat-sprzet-do-wytrawiania-miesa","6":"product_cat-weterynaria","8":"first","9":"instock","10":"shipping-taxable","11":"product-type-simple"},"_links":{"self":[{"href":"https:\/\/www.btl.com.pl\/en\/wp-json\/wp\/v2\/product\/3712","targetHints":{"allow":["GET"]}}],"collection":[{"href":"https:\/\/www.btl.com.pl\/en\/wp-json\/wp\/v2\/product"}],"about":[{"href":"https:\/\/www.btl.com.pl\/en\/wp-json\/wp\/v2\/types\/product"}],"version-history":[{"count":1,"href":"https:\/\/www.btl.com.pl\/en\/wp-json\/wp\/v2\/product\/3712\/revisions"}],"predecessor-version":[{"id":3713,"href":"https:\/\/www.btl.com.pl\/en\/wp-json\/wp\/v2\/product\/3712\/revisions\/3713"}],"wp:attachment":[{"href":"https:\/\/www.btl.com.pl\/en\/wp-json\/wp\/v2\/media?parent=3712"}],"wp:term":[{"taxonomy":"product_brand","embeddable":true,"href":"https:\/\/www.btl.com.pl\/en\/wp-json\/wp\/v2\/product_brand?post=3712"},{"taxonomy":"product_cat","embeddable":true,"href":"https:\/\/www.btl.com.pl\/en\/wp-json\/wp\/v2\/product_cat?post=3712"},{"taxonomy":"product_tag","embeddable":true,"href":"https:\/\/www.btl.com.pl\/en\/wp-json\/wp\/v2\/product_tag?post=3712"}],"curies":[{"name":"wp","href":"https:\/\/api.w.org\/{rel}","templated":true}]}}