{"id":3698,"date":"2022-03-29T08:38:22","date_gmt":"2022-03-29T06:38:22","guid":{"rendered":"https:\/\/btl.com.pl\/?post_type=product&#038;p=3698"},"modified":"2022-03-29T08:38:23","modified_gmt":"2022-03-29T06:38:23","slug":"sito-ze-stali-nierdzewnej-o-srednicy-zewnetrznej-11-cm-i-wielkosci-oczek-180-%ce%bcm","status":"publish","type":"product","link":"https:\/\/www.btl.com.pl\/en\/produkty\/weterynaria\/sprzet-do-wytrawiania-miesa\/sito-ze-stali-nierdzewnej-o-srednicy-zewnetrznej-11-cm-i-wielkosci-oczek-180-%ce%bcm\/","title":{"rendered":"SITO ZE STALI NIERDZEWNEJ O \u015aREDNICY ZEWN\u0118TRZNEJ 11 CM I WIELKO\u015aCI OCZEK 180 \u039cM"},"content":{"rendered":"<p>Sito ze stali nierdzewnej o \u015brednicy zewn\u0119trznej 11 cm i wielko\u015bci oczek 180 \u00b5m.<\/p>","protected":false},"excerpt":{"rendered":"<p>Sito ze stali nierdzewnej o \u015brednicy zewn\u0119trznej 11 cm i wielko\u015bci oczek 180 \u00b5m.<\/p>","protected":false},"featured_media":0,"template":"","meta":[],"product_brand":[],"product_cat":[88,80],"product_tag":[],"class_list":{"0":"post-3698","1":"product","2":"type-product","3":"status-publish","5":"product_cat-sprzet-do-wytrawiania-miesa","6":"product_cat-weterynaria","8":"first","9":"instock","10":"shipping-taxable","11":"product-type-simple"},"_links":{"self":[{"href":"https:\/\/www.btl.com.pl\/en\/wp-json\/wp\/v2\/product\/3698","targetHints":{"allow":["GET"]}}],"collection":[{"href":"https:\/\/www.btl.com.pl\/en\/wp-json\/wp\/v2\/product"}],"about":[{"href":"https:\/\/www.btl.com.pl\/en\/wp-json\/wp\/v2\/types\/product"}],"version-history":[{"count":1,"href":"https:\/\/www.btl.com.pl\/en\/wp-json\/wp\/v2\/product\/3698\/revisions"}],"predecessor-version":[{"id":3699,"href":"https:\/\/www.btl.com.pl\/en\/wp-json\/wp\/v2\/product\/3698\/revisions\/3699"}],"wp:attachment":[{"href":"https:\/\/www.btl.com.pl\/en\/wp-json\/wp\/v2\/media?parent=3698"}],"wp:term":[{"taxonomy":"product_brand","embeddable":true,"href":"https:\/\/www.btl.com.pl\/en\/wp-json\/wp\/v2\/product_brand?post=3698"},{"taxonomy":"product_cat","embeddable":true,"href":"https:\/\/www.btl.com.pl\/en\/wp-json\/wp\/v2\/product_cat?post=3698"},{"taxonomy":"product_tag","embeddable":true,"href":"https:\/\/www.btl.com.pl\/en\/wp-json\/wp\/v2\/product_tag?post=3698"}],"curies":[{"name":"wp","href":"https:\/\/api.w.org\/{rel}","templated":true}]}}