{"id":3696,"date":"2022-03-29T08:36:32","date_gmt":"2022-03-29T06:36:32","guid":{"rendered":"https:\/\/btl.com.pl\/?post_type=product&#038;p=3696"},"modified":"2022-03-29T08:36:32","modified_gmt":"2022-03-29T06:36:32","slug":"statyw-laboratoryjny","status":"publish","type":"product","link":"https:\/\/www.btl.com.pl\/en\/produkty\/weterynaria\/sprzet-do-wytrawiania-miesa\/statyw-laboratoryjny\/","title":{"rendered":"STATYW LABORATORYJNY"},"content":{"rendered":"<p>Statyw laboratoryjny z wyposa\u017ceniem lub bez wyposa\u017cenia.<\/p>\n<p>Elementy wyposa\u017cenia:<\/p>\n<ul>\n<li>\u0142\u0105cznik krzy\u017cakowy pe\u0142ny chromowany,<\/li>\n<li>pier\u015bcie\u0144 ma\u0142y \u2205 60 lub \u2205 90 otwarty, chromowany,<\/li>\n<li>pier\u015bcie\u0144 du\u017cy\u00a0\u2205 120 lub\u00a0\u2205 150 otwarty, chromowany.<\/li>\n<\/ul>","protected":false},"excerpt":{"rendered":"<p>Statyw laboratoryjny z wyposa\u017ceniem lub bez wyposa\u017cenia. Elementy wyposa\u017cenia: \u0142\u0105cznik krzy\u017cakowy pe\u0142ny chromowany, pier\u015bcie\u0144 ma\u0142y \u2205 60 lub \u2205 90 otwarty, chromowany, pier\u015bcie\u0144 du\u017cy\u00a0\u2205 120 lub\u00a0\u2205 150 otwarty, chromowany.<\/p>","protected":false},"featured_media":0,"template":"","meta":[],"product_brand":[],"product_cat":[88,80],"product_tag":[],"class_list":{"0":"post-3696","1":"product","2":"type-product","3":"status-publish","5":"product_cat-sprzet-do-wytrawiania-miesa","6":"product_cat-weterynaria","8":"first","9":"instock","10":"shipping-taxable","11":"product-type-simple"},"_links":{"self":[{"href":"https:\/\/www.btl.com.pl\/en\/wp-json\/wp\/v2\/product\/3696","targetHints":{"allow":["GET"]}}],"collection":[{"href":"https:\/\/www.btl.com.pl\/en\/wp-json\/wp\/v2\/product"}],"about":[{"href":"https:\/\/www.btl.com.pl\/en\/wp-json\/wp\/v2\/types\/product"}],"version-history":[{"count":1,"href":"https:\/\/www.btl.com.pl\/en\/wp-json\/wp\/v2\/product\/3696\/revisions"}],"predecessor-version":[{"id":3697,"href":"https:\/\/www.btl.com.pl\/en\/wp-json\/wp\/v2\/product\/3696\/revisions\/3697"}],"wp:attachment":[{"href":"https:\/\/www.btl.com.pl\/en\/wp-json\/wp\/v2\/media?parent=3696"}],"wp:term":[{"taxonomy":"product_brand","embeddable":true,"href":"https:\/\/www.btl.com.pl\/en\/wp-json\/wp\/v2\/product_brand?post=3696"},{"taxonomy":"product_cat","embeddable":true,"href":"https:\/\/www.btl.com.pl\/en\/wp-json\/wp\/v2\/product_cat?post=3696"},{"taxonomy":"product_tag","embeddable":true,"href":"https:\/\/www.btl.com.pl\/en\/wp-json\/wp\/v2\/product_tag?post=3696"}],"curies":[{"name":"wp","href":"https:\/\/api.w.org\/{rel}","templated":true}]}}