{"id":3692,"date":"2022-03-29T08:22:57","date_gmt":"2022-03-29T06:22:57","guid":{"rendered":"https:\/\/btl.com.pl\/?post_type=product&#038;p=3692"},"modified":"2022-03-29T08:22:57","modified_gmt":"2022-03-29T06:22:57","slug":"taca-na-50-probek-miesa-z-pokrywa","status":"publish","type":"product","link":"https:\/\/www.btl.com.pl\/en\/produkty\/weterynaria\/sprzet-do-wytrawiania-miesa\/taca-na-50-probek-miesa-z-pokrywa\/","title":{"rendered":"TACA NA 50 PR\u00d3BEK MI\u0118SA Z POKRYW\u0104"},"content":{"rendered":"<p>Taca na 50 pr\u00f3bek mi\u0119sa z pokryw\u0105.<\/p>\n<p>Taca wykonana ze stali nierdzewnej. Posiada numerowan\u0105 podstaw\u0119. Podstaw\u0119 i pokryw\u0119 mo\u017cna po\u0142\u0105czy\u0107 \u0142\u0105cznikiem na sta\u0142e przytwierdzonym do tacy. Elementy wewn\u0119trzne kratownicy po\u0142\u0105czone w ca\u0142o\u015b\u0107 tworz\u0105 jeden element.<\/p>","protected":false},"excerpt":{"rendered":"<p>Taca na 50 pr\u00f3bek mi\u0119sa z pokryw\u0105. Taca wykonana ze stali nierdzewnej. Posiada numerowan\u0105 podstaw\u0119. Podstaw\u0119 i pokryw\u0119 mo\u017cna po\u0142\u0105czy\u0107 \u0142\u0105cznikiem na sta\u0142e przytwierdzonym do tacy. Elementy wewn\u0119trzne kratownicy po\u0142\u0105czone w ca\u0142o\u015b\u0107 tworz\u0105 jeden element.<\/p>","protected":false},"featured_media":0,"template":"","meta":[],"product_brand":[],"product_cat":[88,80],"product_tag":[],"class_list":{"0":"post-3692","1":"product","2":"type-product","3":"status-publish","5":"product_cat-sprzet-do-wytrawiania-miesa","6":"product_cat-weterynaria","8":"first","9":"instock","10":"shipping-taxable","11":"product-type-simple"},"_links":{"self":[{"href":"https:\/\/www.btl.com.pl\/en\/wp-json\/wp\/v2\/product\/3692","targetHints":{"allow":["GET"]}}],"collection":[{"href":"https:\/\/www.btl.com.pl\/en\/wp-json\/wp\/v2\/product"}],"about":[{"href":"https:\/\/www.btl.com.pl\/en\/wp-json\/wp\/v2\/types\/product"}],"version-history":[{"count":1,"href":"https:\/\/www.btl.com.pl\/en\/wp-json\/wp\/v2\/product\/3692\/revisions"}],"predecessor-version":[{"id":3693,"href":"https:\/\/www.btl.com.pl\/en\/wp-json\/wp\/v2\/product\/3692\/revisions\/3693"}],"wp:attachment":[{"href":"https:\/\/www.btl.com.pl\/en\/wp-json\/wp\/v2\/media?parent=3692"}],"wp:term":[{"taxonomy":"product_brand","embeddable":true,"href":"https:\/\/www.btl.com.pl\/en\/wp-json\/wp\/v2\/product_brand?post=3692"},{"taxonomy":"product_cat","embeddable":true,"href":"https:\/\/www.btl.com.pl\/en\/wp-json\/wp\/v2\/product_cat?post=3692"},{"taxonomy":"product_tag","embeddable":true,"href":"https:\/\/www.btl.com.pl\/en\/wp-json\/wp\/v2\/product_tag?post=3692"}],"curies":[{"name":"wp","href":"https:\/\/api.w.org\/{rel}","templated":true}]}}