{"id":3680,"date":"2022-03-29T08:14:08","date_gmt":"2022-03-29T06:14:08","guid":{"rendered":"https:\/\/btl.com.pl\/?post_type=product&#038;p=3680"},"modified":"2022-03-29T08:14:08","modified_gmt":"2022-03-29T06:14:08","slug":"kwas-solny-25-c-096","status":"publish","type":"product","link":"https:\/\/www.btl.com.pl\/en\/produkty\/weterynaria\/pepsyna-odczynniki-chemiczne\/kwas-solny-25-c-096\/","title":{"rendered":"HYDROCHLORIC ACID 25% CZDA C-096"},"content":{"rendered":"<p><strong>Numer katalogowy:C-096<\/strong><\/p>\n<p>&nbsp;<\/p>\n<p>Kwas solny 25 % dla weterynarii w \u00a0fiksanalkach\u00a016 ml, 8 ml lub w butelkach PE o pojemno\u015bci 1000 ml.<\/p>\n<p><strong>Wielko\u015b\u0107 opakowania:<\/strong><br \/>\n10 fiksanalek po 8ml<\/p>\n<p>10 fiksanalek po 16 ml<\/p>\n<p>1000 ml<\/p>","protected":false},"excerpt":{"rendered":"<p>Numer katalogowy:C-096 &nbsp; Kwas solny 25 % dla weterynarii w \u00a0fiksanalkach\u00a016 ml, 8 ml lub w butelkach PE o pojemno\u015bci 1000 ml. Wielko\u015b\u0107 opakowania: 10 fiksanalek po 8ml 10 fiksanalek po 16 ml 1000 ml<\/p>","protected":false},"featured_media":0,"template":"","meta":[],"product_brand":[],"product_cat":[87,80],"product_tag":[],"class_list":{"0":"post-3680","1":"product","2":"type-product","3":"status-publish","5":"product_cat-pepsyna-odczynniki-chemiczne","6":"product_cat-weterynaria","8":"first","9":"instock","10":"shipping-taxable","11":"product-type-simple"},"_links":{"self":[{"href":"https:\/\/www.btl.com.pl\/en\/wp-json\/wp\/v2\/product\/3680","targetHints":{"allow":["GET"]}}],"collection":[{"href":"https:\/\/www.btl.com.pl\/en\/wp-json\/wp\/v2\/product"}],"about":[{"href":"https:\/\/www.btl.com.pl\/en\/wp-json\/wp\/v2\/types\/product"}],"version-history":[{"count":1,"href":"https:\/\/www.btl.com.pl\/en\/wp-json\/wp\/v2\/product\/3680\/revisions"}],"predecessor-version":[{"id":3681,"href":"https:\/\/www.btl.com.pl\/en\/wp-json\/wp\/v2\/product\/3680\/revisions\/3681"}],"wp:attachment":[{"href":"https:\/\/www.btl.com.pl\/en\/wp-json\/wp\/v2\/media?parent=3680"}],"wp:term":[{"taxonomy":"product_brand","embeddable":true,"href":"https:\/\/www.btl.com.pl\/en\/wp-json\/wp\/v2\/product_brand?post=3680"},{"taxonomy":"product_cat","embeddable":true,"href":"https:\/\/www.btl.com.pl\/en\/wp-json\/wp\/v2\/product_cat?post=3680"},{"taxonomy":"product_tag","embeddable":true,"href":"https:\/\/www.btl.com.pl\/en\/wp-json\/wp\/v2\/product_tag?post=3680"}],"curies":[{"name":"wp","href":"https:\/\/api.w.org\/{rel}","templated":true}]}}