{"id":3678,"date":"2022-03-29T08:12:50","date_gmt":"2022-03-29T06:12:50","guid":{"rendered":"https:\/\/btl.com.pl\/?post_type=product&#038;p=3678"},"modified":"2022-03-29T08:12:51","modified_gmt":"2022-03-29T06:12:51","slug":"pepsyna-2000-fip-e0166","status":"publish","type":"product","link":"https:\/\/www.btl.com.pl\/en\/produkty\/weterynaria\/pepsyna-odczynniki-chemiczne\/pepsyna-2000-fip-e0166\/","title":{"rendered":"PEPSIN 2000 FIP E0166"},"content":{"rendered":"<p><strong>Numer katalogowy: E0166<\/strong><\/p>\n<p><strong>Pepsyna 2000 FIP<\/strong><\/p>\n<p>Preparat przeznaczony do badania mi\u0119sa \u015bwi\u0144, dzik\u00f3w i koni w kierunku w\u0142o\u015bnicy metod\u0105 wytrawiania.<\/p>\n<p>Wyr\u00f3b posiada pozytywn\u0105 opini\u0119 Pa\u0144stwowego Instytutu Weterynarii w Pu\u0142awach i zosta\u0142 wpisany do Wykazu wyrob\u00f3w do diagnostyki in vitro stosowanych w medycynie weterynaryjnej pod numerem: <strong>7204-26\/2017(1)<\/strong><\/p>\n<p>&nbsp;<\/p>\n<p>&nbsp;<\/p>\n<p><strong>Wielko\u015b\u0107 opakowania:<\/strong><\/p>\n<p>500 g<\/p>","protected":false},"excerpt":{"rendered":"<p>Numer katalogowy: E0166 Pepsyna 2000 FIP Preparat przeznaczony do badania mi\u0119sa \u015bwi\u0144, dzik\u00f3w i koni w kierunku w\u0142o\u015bnicy metod\u0105 wytrawiania. Wyr\u00f3b posiada pozytywn\u0105 opini\u0119 Pa\u0144stwowego Instytutu Weterynarii w Pu\u0142awach i zosta\u0142 wpisany do Wykazu wyrob\u00f3w do diagnostyki in vitro stosowanych w medycynie weterynaryjnej pod numerem: 7204-26\/2017(1) &nbsp; &nbsp; Wielko\u015b\u0107 opakowania: 500 g<\/p>","protected":false},"featured_media":0,"template":"","meta":[],"product_brand":[],"product_cat":[87,80],"product_tag":[],"class_list":{"0":"post-3678","1":"product","2":"type-product","3":"status-publish","5":"product_cat-pepsyna-odczynniki-chemiczne","6":"product_cat-weterynaria","8":"first","9":"instock","10":"shipping-taxable","11":"product-type-simple"},"_links":{"self":[{"href":"https:\/\/www.btl.com.pl\/en\/wp-json\/wp\/v2\/product\/3678","targetHints":{"allow":["GET"]}}],"collection":[{"href":"https:\/\/www.btl.com.pl\/en\/wp-json\/wp\/v2\/product"}],"about":[{"href":"https:\/\/www.btl.com.pl\/en\/wp-json\/wp\/v2\/types\/product"}],"version-history":[{"count":1,"href":"https:\/\/www.btl.com.pl\/en\/wp-json\/wp\/v2\/product\/3678\/revisions"}],"predecessor-version":[{"id":3679,"href":"https:\/\/www.btl.com.pl\/en\/wp-json\/wp\/v2\/product\/3678\/revisions\/3679"}],"wp:attachment":[{"href":"https:\/\/www.btl.com.pl\/en\/wp-json\/wp\/v2\/media?parent=3678"}],"wp:term":[{"taxonomy":"product_brand","embeddable":true,"href":"https:\/\/www.btl.com.pl\/en\/wp-json\/wp\/v2\/product_brand?post=3678"},{"taxonomy":"product_cat","embeddable":true,"href":"https:\/\/www.btl.com.pl\/en\/wp-json\/wp\/v2\/product_cat?post=3678"},{"taxonomy":"product_tag","embeddable":true,"href":"https:\/\/www.btl.com.pl\/en\/wp-json\/wp\/v2\/product_tag?post=3678"}],"curies":[{"name":"wp","href":"https:\/\/api.w.org\/{rel}","templated":true}]}}