{"id":3676,"date":"2022-03-29T08:11:19","date_gmt":"2022-03-29T06:11:19","guid":{"rendered":"https:\/\/btl.com.pl\/?post_type=product&#038;p=3676"},"modified":"2022-03-29T08:11:19","modified_gmt":"2022-03-29T06:11:19","slug":"pepsyna-30-000-e-g-2000-fip-g-import-e0162","status":"publish","type":"product","link":"https:\/\/www.btl.com.pl\/en\/produkty\/weterynaria\/pepsyna-odczynniki-chemiczne\/pepsyna-30-000-e-g-2000-fip-g-import-e0162\/","title":{"rendered":"PEPSIN 30.000 E\/G (2000 FIP\/G) IMPORT E0162"},"content":{"rendered":"<p><strong>Numer katalogowy: E0162<\/strong><\/p>\n<p>Preparat ze \u015bluz\u00f3wki wieprzowej.<br \/>\nDo u\u017cytku w weterynarii.<br \/>\nWyr\u00f3b posiada pozytywn\u0105 opini\u0119 PIW w Pu\u0142awach i zosta\u0142 wpisany do Wykazu wyrob\u00f3w do diagnostyki in vitro stosowanych w medycynie weterynaryjnej pod numerem: <strong>7204-8\/2016(1).<\/strong><\/p>\n<p>Firma BTL Sp. z o.o. jest wy\u0142\u0105cznym dystrybutorem pepsyny z firmy\u00a0A\/S Orthana Kemisk Fabrik, 350-356 Englandsvej, DK-2770 Kastrup-Denmark<\/p>\n<p><strong>\u00a0<\/strong><\/p>\n<p><strong>Wielko\u015b\u0107 opakowania:<\/strong><\/p>\n<p>500 g, 250 g, 100 g, 10 g<\/p>","protected":false},"excerpt":{"rendered":"<p>Numer katalogowy: E0162 Preparat ze \u015bluz\u00f3wki wieprzowej. Do u\u017cytku w weterynarii. Wyr\u00f3b posiada pozytywn\u0105 opini\u0119 PIW w Pu\u0142awach i zosta\u0142 wpisany do Wykazu wyrob\u00f3w do diagnostyki in vitro stosowanych w medycynie weterynaryjnej pod numerem: 7204-8\/2016(1). Firma BTL Sp. z o.o. jest wy\u0142\u0105cznym dystrybutorem pepsyny z firmy\u00a0A\/S Orthana Kemisk Fabrik, 350-356 Englandsvej, DK-2770 Kastrup-Denmark \u00a0 Wielko\u015b\u0107 [&hellip;]<\/p>\n","protected":false},"featured_media":0,"template":"","meta":[],"product_brand":[],"product_cat":[87,80],"product_tag":[],"class_list":{"0":"post-3676","1":"product","2":"type-product","3":"status-publish","5":"product_cat-pepsyna-odczynniki-chemiczne","6":"product_cat-weterynaria","8":"first","9":"instock","10":"shipping-taxable","11":"product-type-simple"},"_links":{"self":[{"href":"https:\/\/www.btl.com.pl\/en\/wp-json\/wp\/v2\/product\/3676","targetHints":{"allow":["GET"]}}],"collection":[{"href":"https:\/\/www.btl.com.pl\/en\/wp-json\/wp\/v2\/product"}],"about":[{"href":"https:\/\/www.btl.com.pl\/en\/wp-json\/wp\/v2\/types\/product"}],"version-history":[{"count":1,"href":"https:\/\/www.btl.com.pl\/en\/wp-json\/wp\/v2\/product\/3676\/revisions"}],"predecessor-version":[{"id":3677,"href":"https:\/\/www.btl.com.pl\/en\/wp-json\/wp\/v2\/product\/3676\/revisions\/3677"}],"wp:attachment":[{"href":"https:\/\/www.btl.com.pl\/en\/wp-json\/wp\/v2\/media?parent=3676"}],"wp:term":[{"taxonomy":"product_brand","embeddable":true,"href":"https:\/\/www.btl.com.pl\/en\/wp-json\/wp\/v2\/product_brand?post=3676"},{"taxonomy":"product_cat","embeddable":true,"href":"https:\/\/www.btl.com.pl\/en\/wp-json\/wp\/v2\/product_cat?post=3676"},{"taxonomy":"product_tag","embeddable":true,"href":"https:\/\/www.btl.com.pl\/en\/wp-json\/wp\/v2\/product_tag?post=3676"}],"curies":[{"name":"wp","href":"https:\/\/api.w.org\/{rel}","templated":true}]}}