{"id":3674,"date":"2022-03-29T08:10:13","date_gmt":"2022-03-29T06:10:13","guid":{"rendered":"https:\/\/btl.com.pl\/?post_type=product&#038;p=3674"},"modified":"2022-03-29T08:10:13","modified_gmt":"2022-03-29T06:10:13","slug":"pepsyna-2000-fip-g-30-000-e-g-krajowa-e0161","status":"publish","type":"product","link":"https:\/\/www.btl.com.pl\/en\/produkty\/weterynaria\/pepsyna-odczynniki-chemiczne\/pepsyna-2000-fip-g-30-000-e-g-krajowa-e0161\/","title":{"rendered":"PEPSIN 2000 FIP\/G (30.000 E\/G) E0161"},"content":{"rendered":"<p><strong>Numer katalogowy E0161<\/strong><\/p>\n<p>Preparat wyizolowany z b\u0142ony \u015bluzowej \u017co\u0142\u0105dka \u015bwini.<\/p>\n<p>Pepsyna o aktywno\u015bci 2000 F\/g jest przeznaczona do badania mi\u0119sa \u015bwi\u0144, dzik\u00f3w i koni w kierunku w\u0142o\u015bnicy \u00a0metod\u0105 wytrawiania.<\/p>\n<p>Do u\u017cytku w weterynarii.<br \/>\nWyr\u00f3b posiada pozytywn\u0105 opini\u0119 PIW w Pu\u0142awach i zosta\u0142 wpisany do Wykazu wyrob\u00f3w do diagnostyki in vitro stosowanych w medycynie weterynaryjnej.<\/p>\n<p>&nbsp;<\/p>\n<p><strong>Jako producent pepsyny gwarantujemy w\u0142a\u015bciw\u0105 aktywno\u015b\u0107 \u00a0enzymatyczn\u0105.\u00a0<\/strong><\/p>\n<p>&nbsp;<\/p>\n<p>&nbsp;<\/p>\n<p><strong>Wielko\u015b\u0107 opakowania:<br \/>\n<\/strong>500 g, 250 g, 100 g, 10 g<\/p>","protected":false},"excerpt":{"rendered":"<p>Numer katalogowy E0161 Preparat wyizolowany z b\u0142ony \u015bluzowej \u017co\u0142\u0105dka \u015bwini. Pepsyna o aktywno\u015bci 2000 F\/g jest przeznaczona do badania mi\u0119sa \u015bwi\u0144, dzik\u00f3w i koni w kierunku w\u0142o\u015bnicy \u00a0metod\u0105 wytrawiania. Do u\u017cytku w weterynarii. Wyr\u00f3b posiada pozytywn\u0105 opini\u0119 PIW w Pu\u0142awach i zosta\u0142 wpisany do Wykazu wyrob\u00f3w do diagnostyki in vitro stosowanych w medycynie weterynaryjnej. &nbsp; [&hellip;]<\/p>\n","protected":false},"featured_media":0,"template":"","meta":[],"product_brand":[],"product_cat":[87,80],"product_tag":[],"class_list":{"0":"post-3674","1":"product","2":"type-product","3":"status-publish","5":"product_cat-pepsyna-odczynniki-chemiczne","6":"product_cat-weterynaria","8":"first","9":"instock","10":"shipping-taxable","11":"product-type-simple"},"_links":{"self":[{"href":"https:\/\/www.btl.com.pl\/en\/wp-json\/wp\/v2\/product\/3674","targetHints":{"allow":["GET"]}}],"collection":[{"href":"https:\/\/www.btl.com.pl\/en\/wp-json\/wp\/v2\/product"}],"about":[{"href":"https:\/\/www.btl.com.pl\/en\/wp-json\/wp\/v2\/types\/product"}],"version-history":[{"count":1,"href":"https:\/\/www.btl.com.pl\/en\/wp-json\/wp\/v2\/product\/3674\/revisions"}],"predecessor-version":[{"id":3675,"href":"https:\/\/www.btl.com.pl\/en\/wp-json\/wp\/v2\/product\/3674\/revisions\/3675"}],"wp:attachment":[{"href":"https:\/\/www.btl.com.pl\/en\/wp-json\/wp\/v2\/media?parent=3674"}],"wp:term":[{"taxonomy":"product_brand","embeddable":true,"href":"https:\/\/www.btl.com.pl\/en\/wp-json\/wp\/v2\/product_brand?post=3674"},{"taxonomy":"product_cat","embeddable":true,"href":"https:\/\/www.btl.com.pl\/en\/wp-json\/wp\/v2\/product_cat?post=3674"},{"taxonomy":"product_tag","embeddable":true,"href":"https:\/\/www.btl.com.pl\/en\/wp-json\/wp\/v2\/product_tag?post=3674"}],"curies":[{"name":"wp","href":"https:\/\/api.w.org\/{rel}","templated":true}]}}