{"id":3637,"date":"2022-03-01T11:19:07","date_gmt":"2022-03-01T10:19:07","guid":{"rendered":"https:\/\/btl.com.pl\/?post_type=product&#038;p=3637"},"modified":"2022-03-01T11:19:07","modified_gmt":"2022-03-01T10:19:07","slug":"haemophilus-test-medium-htm-pp-08260","status":"publish","type":"product","link":"https:\/\/www.btl.com.pl\/en\/produkty\/podloza-mikrobiologiczne-gotowe\/plytki-podloza-mikrobiologiczne-gotowe\/haemophilus-test-medium-htm-pp-08260\/","title":{"rendered":"Haemophilus Test Medium (HTM).  PP 08260"},"content":{"rendered":"<div>nr katalogowy: <b>PP 08260<\/b><\/div>\n<p>&nbsp;<\/p>\n<div>\n<p><strong>Zastosowanie:<br \/>\n<\/strong>Pod\u0142o\u017ce do oznaczania lekowra\u017cliwo\u015bci bakterii z rodzaju <em>Haemophilus<\/em> metod\u0105 kr\u0105\u017ckowo &#8211; dyfuzyjn\u0105.<br \/>\n<strong>Wielko\u015b\u0107 opakowania:<br \/>\n<\/strong>20 p\u0142ytek<\/p>\n<\/div>","protected":false},"excerpt":{"rendered":"<p>nr katalogowy: PP 08260 &nbsp; Zastosowanie: Pod\u0142o\u017ce do oznaczania lekowra\u017cliwo\u015bci bakterii z rodzaju Haemophilus metod\u0105 kr\u0105\u017ckowo &#8211; dyfuzyjn\u0105. Wielko\u015b\u0107 opakowania: 20 p\u0142ytek<\/p>","protected":false},"featured_media":0,"template":"","meta":[],"product_brand":[],"product_cat":[104,78],"product_tag":[],"class_list":{"0":"post-3637","1":"product","2":"type-product","3":"status-publish","5":"product_cat-plytki-podloza-mikrobiologiczne-gotowe","6":"product_cat-podloza-mikrobiologiczne-gotowe","8":"first","9":"instock","10":"shipping-taxable","11":"product-type-simple"},"_links":{"self":[{"href":"https:\/\/www.btl.com.pl\/en\/wp-json\/wp\/v2\/product\/3637","targetHints":{"allow":["GET"]}}],"collection":[{"href":"https:\/\/www.btl.com.pl\/en\/wp-json\/wp\/v2\/product"}],"about":[{"href":"https:\/\/www.btl.com.pl\/en\/wp-json\/wp\/v2\/types\/product"}],"version-history":[{"count":1,"href":"https:\/\/www.btl.com.pl\/en\/wp-json\/wp\/v2\/product\/3637\/revisions"}],"predecessor-version":[{"id":3638,"href":"https:\/\/www.btl.com.pl\/en\/wp-json\/wp\/v2\/product\/3637\/revisions\/3638"}],"wp:attachment":[{"href":"https:\/\/www.btl.com.pl\/en\/wp-json\/wp\/v2\/media?parent=3637"}],"wp:term":[{"taxonomy":"product_brand","embeddable":true,"href":"https:\/\/www.btl.com.pl\/en\/wp-json\/wp\/v2\/product_brand?post=3637"},{"taxonomy":"product_cat","embeddable":true,"href":"https:\/\/www.btl.com.pl\/en\/wp-json\/wp\/v2\/product_cat?post=3637"},{"taxonomy":"product_tag","embeddable":true,"href":"https:\/\/www.btl.com.pl\/en\/wp-json\/wp\/v2\/product_tag?post=3637"}],"curies":[{"name":"wp","href":"https:\/\/api.w.org\/{rel}","templated":true}]}}