{"id":3635,"date":"2022-03-01T11:17:59","date_gmt":"2022-03-01T10:17:59","guid":{"rendered":"https:\/\/btl.com.pl\/?post_type=product&#038;p=3635"},"modified":"2022-03-28T20:54:38","modified_gmt":"2022-03-28T18:54:38","slug":"clostridium-difficile-pp-03210","status":"publish","type":"product","link":"https:\/\/www.btl.com.pl\/en\/produkty\/weterynaria\/podloza-gotowe-na-plytkach\/clostridium-difficile-pp-03210\/","title":{"rendered":"Clostridium difficile.  PP 03210"},"content":{"rendered":"<div>nr katalogowy: <b>PP 03210<\/b><\/div>\n<p>&nbsp;<\/p>\n<div>\n<p><strong>Zastosowanie:<br \/>\n<\/strong>Pod\u0142o\u017ce do izolacji i identyfikacji <em>Clostridium difficile<\/em>.<br \/>\n<strong>Wielko\u015b\u0107 opakowania:<br \/>\n<\/strong>20 p\u0142ytek<\/p>\n<\/div>","protected":false},"excerpt":{"rendered":"<p>nr katalogowy: PP 03210 &nbsp; Zastosowanie: Pod\u0142o\u017ce do izolacji i identyfikacji Clostridium difficile. Wielko\u015b\u0107 opakowania: 20 p\u0142ytek<\/p>","protected":false},"featured_media":0,"template":"","meta":[],"product_brand":[],"product_cat":[104,97,78,80],"product_tag":[],"class_list":{"0":"post-3635","1":"product","2":"type-product","3":"status-publish","5":"product_cat-plytki-podloza-mikrobiologiczne-gotowe","6":"product_cat-podloza-gotowe-na-plytkach","7":"product_cat-podloza-mikrobiologiczne-gotowe","8":"product_cat-weterynaria","10":"first","11":"instock","12":"shipping-taxable","13":"product-type-simple"},"_links":{"self":[{"href":"https:\/\/www.btl.com.pl\/en\/wp-json\/wp\/v2\/product\/3635","targetHints":{"allow":["GET"]}}],"collection":[{"href":"https:\/\/www.btl.com.pl\/en\/wp-json\/wp\/v2\/product"}],"about":[{"href":"https:\/\/www.btl.com.pl\/en\/wp-json\/wp\/v2\/types\/product"}],"version-history":[{"count":1,"href":"https:\/\/www.btl.com.pl\/en\/wp-json\/wp\/v2\/product\/3635\/revisions"}],"predecessor-version":[{"id":3636,"href":"https:\/\/www.btl.com.pl\/en\/wp-json\/wp\/v2\/product\/3635\/revisions\/3636"}],"wp:attachment":[{"href":"https:\/\/www.btl.com.pl\/en\/wp-json\/wp\/v2\/media?parent=3635"}],"wp:term":[{"taxonomy":"product_brand","embeddable":true,"href":"https:\/\/www.btl.com.pl\/en\/wp-json\/wp\/v2\/product_brand?post=3635"},{"taxonomy":"product_cat","embeddable":true,"href":"https:\/\/www.btl.com.pl\/en\/wp-json\/wp\/v2\/product_cat?post=3635"},{"taxonomy":"product_tag","embeddable":true,"href":"https:\/\/www.btl.com.pl\/en\/wp-json\/wp\/v2\/product_tag?post=3635"}],"curies":[{"name":"wp","href":"https:\/\/api.w.org\/{rel}","templated":true}]}}