{"id":3633,"date":"2022-03-01T11:17:01","date_gmt":"2022-03-01T10:17:01","guid":{"rendered":"https:\/\/btl.com.pl\/?post_type=product&#038;p=3633"},"modified":"2022-03-01T11:17:02","modified_gmt":"2022-03-01T10:17:02","slug":"agar-schaedler-5-kb-vit-k-3-pp-18200","status":"publish","type":"product","link":"https:\/\/www.btl.com.pl\/en\/produkty\/podloza-mikrobiologiczne-gotowe\/plytki-podloza-mikrobiologiczne-gotowe\/agar-schaedler-5-kb-vit-k-3-pp-18200\/","title":{"rendered":"Agar Schaedler + 5% KB + Vit. K 3.  PP 18200"},"content":{"rendered":"<div>nr katalogowy: <b>PP 18200<\/b><\/div>\n<p>&nbsp;<\/p>\n<div>\n<p><strong>Zastosowanie:<br \/>\n<\/strong>Pod\u0142o\u017ce do hodowli mikroorganizm\u00f3w beztlenowych.<br \/>\n<strong>Wielko\u015b\u0107 opakowania:<br \/>\n<\/strong>20 p\u0142ytek<\/p>\n<\/div>","protected":false},"excerpt":{"rendered":"<p>nr katalogowy: PP 18200 &nbsp; Zastosowanie: Pod\u0142o\u017ce do hodowli mikroorganizm\u00f3w beztlenowych. Wielko\u015b\u0107 opakowania: 20 p\u0142ytek<\/p>","protected":false},"featured_media":0,"template":"","meta":[],"product_brand":[],"product_cat":[104,78],"product_tag":[],"class_list":{"0":"post-3633","1":"product","2":"type-product","3":"status-publish","5":"product_cat-plytki-podloza-mikrobiologiczne-gotowe","6":"product_cat-podloza-mikrobiologiczne-gotowe","8":"first","9":"instock","10":"shipping-taxable","11":"product-type-simple"},"_links":{"self":[{"href":"https:\/\/www.btl.com.pl\/en\/wp-json\/wp\/v2\/product\/3633","targetHints":{"allow":["GET"]}}],"collection":[{"href":"https:\/\/www.btl.com.pl\/en\/wp-json\/wp\/v2\/product"}],"about":[{"href":"https:\/\/www.btl.com.pl\/en\/wp-json\/wp\/v2\/types\/product"}],"version-history":[{"count":1,"href":"https:\/\/www.btl.com.pl\/en\/wp-json\/wp\/v2\/product\/3633\/revisions"}],"predecessor-version":[{"id":3634,"href":"https:\/\/www.btl.com.pl\/en\/wp-json\/wp\/v2\/product\/3633\/revisions\/3634"}],"wp:attachment":[{"href":"https:\/\/www.btl.com.pl\/en\/wp-json\/wp\/v2\/media?parent=3633"}],"wp:term":[{"taxonomy":"product_brand","embeddable":true,"href":"https:\/\/www.btl.com.pl\/en\/wp-json\/wp\/v2\/product_brand?post=3633"},{"taxonomy":"product_cat","embeddable":true,"href":"https:\/\/www.btl.com.pl\/en\/wp-json\/wp\/v2\/product_cat?post=3633"},{"taxonomy":"product_tag","embeddable":true,"href":"https:\/\/www.btl.com.pl\/en\/wp-json\/wp\/v2\/product_tag?post=3633"}],"curies":[{"name":"wp","href":"https:\/\/api.w.org\/{rel}","templated":true}]}}