{"id":3616,"date":"2022-02-21T21:36:51","date_gmt":"2022-02-21T20:36:51","guid":{"rendered":"https:\/\/btl.com.pl\/?post_type=product&#038;p=3616"},"modified":"2022-03-28T20:49:05","modified_gmt":"2022-03-28T18:49:05","slug":"pozywka-agarowa-z-di-chloranem-rozem-bengalskim-i-chloramfenikolem-drbc-pp-0399","status":"publish","type":"product","link":"https:\/\/www.btl.com.pl\/en\/produkty\/weterynaria\/podloza-gotowe-na-plytkach\/pozywka-agarowa-z-di-chloranem-rozem-bengalskim-i-chloramfenikolem-drbc-pp-0399\/","title":{"rendered":"Po\u017cywka agarowa z di chloranem, r\u00f3\u017cem bengalskim i chloramfenikolem DRBC.  PP 0399"},"content":{"rendered":"<div>nr katalogowy: <b>PP 0399<\/b><\/div>\n<p>&nbsp;<\/p>\n<div>\n<p><strong>Zastosowanie:<br \/>\n<\/strong>Pod\u0142o\u017ce selektywne do wykrywania i oznaczania dro\u017cd\u017cy i ple\u015bni w \u017cywno\u015bci.<br \/>\n<strong>Wielko\u015b\u0107 opakowania:<br \/>\n<\/strong>20 p\u0142ytek<\/p>\n<\/div>","protected":false},"excerpt":{"rendered":"<p>nr katalogowy: PP 0399 &nbsp; Zastosowanie: Pod\u0142o\u017ce selektywne do wykrywania i oznaczania dro\u017cd\u017cy i ple\u015bni w \u017cywno\u015bci. Wielko\u015b\u0107 opakowania: 20 p\u0142ytek<\/p>","protected":false},"featured_media":0,"template":"","meta":[],"product_brand":[],"product_cat":[104,97,78,80],"product_tag":[],"class_list":{"0":"post-3616","1":"product","2":"type-product","3":"status-publish","5":"product_cat-plytki-podloza-mikrobiologiczne-gotowe","6":"product_cat-podloza-gotowe-na-plytkach","7":"product_cat-podloza-mikrobiologiczne-gotowe","8":"product_cat-weterynaria","10":"first","11":"instock","12":"shipping-taxable","13":"product-type-simple"},"_links":{"self":[{"href":"https:\/\/www.btl.com.pl\/en\/wp-json\/wp\/v2\/product\/3616","targetHints":{"allow":["GET"]}}],"collection":[{"href":"https:\/\/www.btl.com.pl\/en\/wp-json\/wp\/v2\/product"}],"about":[{"href":"https:\/\/www.btl.com.pl\/en\/wp-json\/wp\/v2\/types\/product"}],"version-history":[{"count":1,"href":"https:\/\/www.btl.com.pl\/en\/wp-json\/wp\/v2\/product\/3616\/revisions"}],"predecessor-version":[{"id":3617,"href":"https:\/\/www.btl.com.pl\/en\/wp-json\/wp\/v2\/product\/3616\/revisions\/3617"}],"wp:attachment":[{"href":"https:\/\/www.btl.com.pl\/en\/wp-json\/wp\/v2\/media?parent=3616"}],"wp:term":[{"taxonomy":"product_brand","embeddable":true,"href":"https:\/\/www.btl.com.pl\/en\/wp-json\/wp\/v2\/product_brand?post=3616"},{"taxonomy":"product_cat","embeddable":true,"href":"https:\/\/www.btl.com.pl\/en\/wp-json\/wp\/v2\/product_cat?post=3616"},{"taxonomy":"product_tag","embeddable":true,"href":"https:\/\/www.btl.com.pl\/en\/wp-json\/wp\/v2\/product_tag?post=3616"}],"curies":[{"name":"wp","href":"https:\/\/api.w.org\/{rel}","templated":true}]}}