{"id":3612,"date":"2022-02-21T21:34:43","date_gmt":"2022-02-21T20:34:43","guid":{"rendered":"https:\/\/btl.com.pl\/?post_type=product&#038;p=3612"},"modified":"2022-03-28T20:02:32","modified_gmt":"2022-03-28T18:02:32","slug":"podloze-mueller-hinton-pp-0030","status":"publish","type":"product","link":"https:\/\/www.btl.com.pl\/en\/produkty\/weterynaria\/podloza-gotowe-na-plytkach\/podloze-mueller-hinton-pp-0030\/","title":{"rendered":"Pod\u0142o\u017ce Mueller-Hinton.  PP 0030"},"content":{"rendered":"<div>nr katalogowy: <b>PP 0030<\/b><\/div>\n<p>&nbsp;<\/p>\n<div>\n<p><strong>Zastosowanie:<\/strong><br \/>\nPod\u0142o\u017ce do badania wra\u017cliwo\u015bci na antybiotyki i sulfonamidy metod\u0105 dyfuzyjn\u0105.<br \/>\n<strong>Wielko\u015b\u0107 opakowania:<\/strong><br \/>\n20 p\u0142ytek<\/p>\n<\/div>","protected":false},"excerpt":{"rendered":"<p>nr katalogowy: PP 0030 &nbsp; Zastosowanie: Pod\u0142o\u017ce do badania wra\u017cliwo\u015bci na antybiotyki i sulfonamidy metod\u0105 dyfuzyjn\u0105. Wielko\u015b\u0107 opakowania: 20 p\u0142ytek<\/p>","protected":false},"featured_media":0,"template":"","meta":[],"product_brand":[],"product_cat":[104,97,78,80],"product_tag":[],"class_list":{"0":"post-3612","1":"product","2":"type-product","3":"status-publish","5":"product_cat-plytki-podloza-mikrobiologiczne-gotowe","6":"product_cat-podloza-gotowe-na-plytkach","7":"product_cat-podloza-mikrobiologiczne-gotowe","8":"product_cat-weterynaria","10":"first","11":"instock","12":"shipping-taxable","13":"product-type-simple"},"_links":{"self":[{"href":"https:\/\/www.btl.com.pl\/en\/wp-json\/wp\/v2\/product\/3612","targetHints":{"allow":["GET"]}}],"collection":[{"href":"https:\/\/www.btl.com.pl\/en\/wp-json\/wp\/v2\/product"}],"about":[{"href":"https:\/\/www.btl.com.pl\/en\/wp-json\/wp\/v2\/types\/product"}],"version-history":[{"count":1,"href":"https:\/\/www.btl.com.pl\/en\/wp-json\/wp\/v2\/product\/3612\/revisions"}],"predecessor-version":[{"id":3613,"href":"https:\/\/www.btl.com.pl\/en\/wp-json\/wp\/v2\/product\/3612\/revisions\/3613"}],"wp:attachment":[{"href":"https:\/\/www.btl.com.pl\/en\/wp-json\/wp\/v2\/media?parent=3612"}],"wp:term":[{"taxonomy":"product_brand","embeddable":true,"href":"https:\/\/www.btl.com.pl\/en\/wp-json\/wp\/v2\/product_brand?post=3612"},{"taxonomy":"product_cat","embeddable":true,"href":"https:\/\/www.btl.com.pl\/en\/wp-json\/wp\/v2\/product_cat?post=3612"},{"taxonomy":"product_tag","embeddable":true,"href":"https:\/\/www.btl.com.pl\/en\/wp-json\/wp\/v2\/product_tag?post=3612"}],"curies":[{"name":"wp","href":"https:\/\/api.w.org\/{rel}","templated":true}]}}