{"id":3607,"date":"2022-02-21T21:32:26","date_gmt":"2022-02-21T20:32:26","guid":{"rendered":"https:\/\/btl.com.pl\/?post_type=product&#038;p=3607"},"modified":"2022-03-28T20:19:57","modified_gmt":"2022-03-28T18:19:57","slug":"podloze-mrs-pp-0131","status":"publish","type":"product","link":"https:\/\/www.btl.com.pl\/en\/produkty\/weterynaria\/podloza-gotowe-na-plytkach\/podloze-mrs-pp-0131\/","title":{"rendered":"Pod\u0142o\u017ce MRS.  PP 0131"},"content":{"rendered":"<div>nr katalogowy: <b>PP 0131<\/b><\/div>\n<p>&nbsp;<\/p>\n<div>\n<p><strong>Zastosowanie:<br \/>\n<\/strong>Pod\u0142o\u017ce wybi\u00f3rcze do namna\u017cania, hodowli, izolacji oraz okre\u015blania liczby bakterii mlekowych, szczeg\u00f3lnie z rodzaju <em>Lactobacillus<\/em> we wszystkich typach materia\u0142\u00f3w.<br \/>\n<strong>Wielko\u015b\u0107 opakowania:<br \/>\n<\/strong>20 p\u0142ytek<\/p>\n<\/div>","protected":false},"excerpt":{"rendered":"<p>nr katalogowy: PP 0131 &nbsp; Zastosowanie: Pod\u0142o\u017ce wybi\u00f3rcze do namna\u017cania, hodowli, izolacji oraz okre\u015blania liczby bakterii mlekowych, szczeg\u00f3lnie z rodzaju Lactobacillus we wszystkich typach materia\u0142\u00f3w. Wielko\u015b\u0107 opakowania: 20 p\u0142ytek<\/p>","protected":false},"featured_media":0,"template":"","meta":[],"product_brand":[],"product_cat":[104,97,78,80],"product_tag":[],"class_list":{"0":"post-3607","1":"product","2":"type-product","3":"status-publish","5":"product_cat-plytki-podloza-mikrobiologiczne-gotowe","6":"product_cat-podloza-gotowe-na-plytkach","7":"product_cat-podloza-mikrobiologiczne-gotowe","8":"product_cat-weterynaria","10":"first","11":"instock","12":"shipping-taxable","13":"product-type-simple"},"_links":{"self":[{"href":"https:\/\/www.btl.com.pl\/en\/wp-json\/wp\/v2\/product\/3607","targetHints":{"allow":["GET"]}}],"collection":[{"href":"https:\/\/www.btl.com.pl\/en\/wp-json\/wp\/v2\/product"}],"about":[{"href":"https:\/\/www.btl.com.pl\/en\/wp-json\/wp\/v2\/types\/product"}],"version-history":[{"count":1,"href":"https:\/\/www.btl.com.pl\/en\/wp-json\/wp\/v2\/product\/3607\/revisions"}],"predecessor-version":[{"id":3608,"href":"https:\/\/www.btl.com.pl\/en\/wp-json\/wp\/v2\/product\/3607\/revisions\/3608"}],"wp:attachment":[{"href":"https:\/\/www.btl.com.pl\/en\/wp-json\/wp\/v2\/media?parent=3607"}],"wp:term":[{"taxonomy":"product_brand","embeddable":true,"href":"https:\/\/www.btl.com.pl\/en\/wp-json\/wp\/v2\/product_brand?post=3607"},{"taxonomy":"product_cat","embeddable":true,"href":"https:\/\/www.btl.com.pl\/en\/wp-json\/wp\/v2\/product_cat?post=3607"},{"taxonomy":"product_tag","embeddable":true,"href":"https:\/\/www.btl.com.pl\/en\/wp-json\/wp\/v2\/product_tag?post=3607"}],"curies":[{"name":"wp","href":"https:\/\/api.w.org\/{rel}","templated":true}]}}