{"id":3603,"date":"2022-02-21T21:30:38","date_gmt":"2022-02-21T20:30:38","guid":{"rendered":"https:\/\/btl.com.pl\/?post_type=product&#038;p=3603"},"modified":"2022-03-28T19:46:37","modified_gmt":"2022-03-28T17:46:37","slug":"podloze-macconkeya-z-fioletem-krystalicznym-pp-0008","status":"publish","type":"product","link":"https:\/\/www.btl.com.pl\/en\/produkty\/weterynaria\/podloza-gotowe-na-plytkach\/podloze-macconkeya-z-fioletem-krystalicznym-pp-0008\/","title":{"rendered":"Pod\u0142o\u017ce MacConkeya (z fioletem krystalicznym).  PP 0008"},"content":{"rendered":"<div>nr katalogowy: <b>PP 0008<\/b><\/div>\n<p>&nbsp;<\/p>\n<div>\n<p><strong>Zastosowanie:<\/strong><br \/>\nPod\u0142o\u017ce wybi\u00f3rcze do wst\u0119pnej kontroli obecno\u015bci <em>Shigella, Salmonella<\/em> i bakterii z grupy coli w produktach spo\u017cywczych, \u015bciekach, kale i moczu. Odpowiednie do wst\u0119pnej izolacji <em>V.comma<\/em> w wodzie i mleku.<br \/>\n<strong>Wielko\u015b\u0107 opakowania:<\/strong><br \/>\n20 p\u0142ytek<\/p>\n<\/div>","protected":false},"excerpt":{"rendered":"<p>nr katalogowy: PP 0008 &nbsp; Zastosowanie: Pod\u0142o\u017ce wybi\u00f3rcze do wst\u0119pnej kontroli obecno\u015bci Shigella, Salmonella i bakterii z grupy coli w produktach spo\u017cywczych, \u015bciekach, kale i moczu. Odpowiednie do wst\u0119pnej izolacji V.comma w wodzie i mleku. Wielko\u015b\u0107 opakowania: 20 p\u0142ytek<\/p>","protected":false},"featured_media":0,"template":"","meta":[],"product_brand":[],"product_cat":[78,104,80,97],"product_tag":[],"class_list":{"0":"post-3603","1":"product","2":"type-product","3":"status-publish","5":"product_cat-podloza-mikrobiologiczne-gotowe","6":"product_cat-plytki-podloza-mikrobiologiczne-gotowe","7":"product_cat-weterynaria","8":"product_cat-podloza-gotowe-na-plytkach","10":"first","11":"instock","12":"shipping-taxable","13":"product-type-simple"},"_links":{"self":[{"href":"https:\/\/www.btl.com.pl\/en\/wp-json\/wp\/v2\/product\/3603","targetHints":{"allow":["GET"]}}],"collection":[{"href":"https:\/\/www.btl.com.pl\/en\/wp-json\/wp\/v2\/product"}],"about":[{"href":"https:\/\/www.btl.com.pl\/en\/wp-json\/wp\/v2\/types\/product"}],"version-history":[{"count":1,"href":"https:\/\/www.btl.com.pl\/en\/wp-json\/wp\/v2\/product\/3603\/revisions"}],"predecessor-version":[{"id":3604,"href":"https:\/\/www.btl.com.pl\/en\/wp-json\/wp\/v2\/product\/3603\/revisions\/3604"}],"wp:attachment":[{"href":"https:\/\/www.btl.com.pl\/en\/wp-json\/wp\/v2\/media?parent=3603"}],"wp:term":[{"taxonomy":"product_brand","embeddable":true,"href":"https:\/\/www.btl.com.pl\/en\/wp-json\/wp\/v2\/product_brand?post=3603"},{"taxonomy":"product_cat","embeddable":true,"href":"https:\/\/www.btl.com.pl\/en\/wp-json\/wp\/v2\/product_cat?post=3603"},{"taxonomy":"product_tag","embeddable":true,"href":"https:\/\/www.btl.com.pl\/en\/wp-json\/wp\/v2\/product_tag?post=3603"}],"curies":[{"name":"wp","href":"https:\/\/api.w.org\/{rel}","templated":true}]}}