{"id":3601,"date":"2022-02-21T21:29:32","date_gmt":"2022-02-21T20:29:32","guid":{"rendered":"https:\/\/btl.com.pl\/?post_type=product&#038;p=3601"},"modified":"2022-03-28T20:05:05","modified_gmt":"2022-03-28T18:05:05","slug":"podloze-do-oznaczania-ogolnej-liczby-drobnoustrojow-pp-0044","status":"publish","type":"product","link":"https:\/\/www.btl.com.pl\/en\/produkty\/weterynaria\/podloza-gotowe-na-plytkach\/podloze-do-oznaczania-ogolnej-liczby-drobnoustrojow-pp-0044\/","title":{"rendered":"Pod\u0142o\u017ce do oznaczania og\u00f3lnej liczby drobnoustroj\u00f3w.  PP 0044"},"content":{"rendered":"<div>nr katalogowy: <b>PP 0044<\/b><\/div>\n<p>&nbsp;<\/p>\n<div>\n<p><strong>Zastosowanie:<\/strong><br \/>\nPod\u0142o\u017ce do okre\u015blania og\u00f3lnej liczby drobnoustroj\u00f3w w mleku i przetworach mleczarskich. <strong>Wielko\u015b\u0107 opakowania:<\/strong><br \/>\n20 p\u0142ytek<\/p>\n<\/div>","protected":false},"excerpt":{"rendered":"<p>nr katalogowy: PP 0044 &nbsp; Zastosowanie: Pod\u0142o\u017ce do okre\u015blania og\u00f3lnej liczby drobnoustroj\u00f3w w mleku i przetworach mleczarskich. Wielko\u015b\u0107 opakowania: 20 p\u0142ytek<\/p>","protected":false},"featured_media":0,"template":"","meta":[],"product_brand":[],"product_cat":[104,97,78,80],"product_tag":[],"class_list":{"0":"post-3601","1":"product","2":"type-product","3":"status-publish","5":"product_cat-plytki-podloza-mikrobiologiczne-gotowe","6":"product_cat-podloza-gotowe-na-plytkach","7":"product_cat-podloza-mikrobiologiczne-gotowe","8":"product_cat-weterynaria","10":"first","11":"instock","12":"shipping-taxable","13":"product-type-simple"},"_links":{"self":[{"href":"https:\/\/www.btl.com.pl\/en\/wp-json\/wp\/v2\/product\/3601","targetHints":{"allow":["GET"]}}],"collection":[{"href":"https:\/\/www.btl.com.pl\/en\/wp-json\/wp\/v2\/product"}],"about":[{"href":"https:\/\/www.btl.com.pl\/en\/wp-json\/wp\/v2\/types\/product"}],"version-history":[{"count":1,"href":"https:\/\/www.btl.com.pl\/en\/wp-json\/wp\/v2\/product\/3601\/revisions"}],"predecessor-version":[{"id":3602,"href":"https:\/\/www.btl.com.pl\/en\/wp-json\/wp\/v2\/product\/3601\/revisions\/3602"}],"wp:attachment":[{"href":"https:\/\/www.btl.com.pl\/en\/wp-json\/wp\/v2\/media?parent=3601"}],"wp:term":[{"taxonomy":"product_brand","embeddable":true,"href":"https:\/\/www.btl.com.pl\/en\/wp-json\/wp\/v2\/product_brand?post=3601"},{"taxonomy":"product_cat","embeddable":true,"href":"https:\/\/www.btl.com.pl\/en\/wp-json\/wp\/v2\/product_cat?post=3601"},{"taxonomy":"product_tag","embeddable":true,"href":"https:\/\/www.btl.com.pl\/en\/wp-json\/wp\/v2\/product_tag?post=3601"}],"curies":[{"name":"wp","href":"https:\/\/api.w.org\/{rel}","templated":true}]}}