{"id":3598,"date":"2022-02-21T21:28:44","date_gmt":"2022-02-21T20:28:44","guid":{"rendered":"https:\/\/btl.com.pl\/?post_type=product&#038;p=3598"},"modified":"2022-03-28T20:12:14","modified_gmt":"2022-03-28T18:12:14","slug":"hektoen-enteric-agar-pp-0082","status":"publish","type":"product","link":"https:\/\/www.btl.com.pl\/en\/produkty\/weterynaria\/podloza-gotowe-na-plytkach\/hektoen-enteric-agar-pp-0082\/","title":{"rendered":"Hektoen Enteric Agar.  PP 0082"},"content":{"rendered":"<div>nr katalogowy: <b>PP 0082<\/b><\/div>\n<p>&nbsp;<\/p>\n<div>\n<p>Zastosowanie:<br \/>\nPod\u0142o\u017ce wybi\u00f3rcze do wykrywania i izolowania drobnoustroj\u00f3w z rodziny <em>Enterobacteriaceae.<\/em>Stosowane do wykrywania pa\u0142eczek <em>Salmonella<\/em> i <em>Shigella<\/em>. Wysiewy na to pod\u0142o\u017ce wykonuje si\u0119 z produkt\u00f3w spo\u017cywczych, ka\u0142u i innych materia\u0142\u00f3w.<br \/>\n<strong>Wielko\u015b\u0107 opakowania:<br \/>\n<\/strong>20 p\u0142ytek<\/p>\n<\/div>","protected":false},"excerpt":{"rendered":"<p>nr katalogowy: PP 0082 &nbsp; Zastosowanie: Pod\u0142o\u017ce wybi\u00f3rcze do wykrywania i izolowania drobnoustroj\u00f3w z rodziny Enterobacteriaceae.Stosowane do wykrywania pa\u0142eczek Salmonella i Shigella. Wysiewy na to pod\u0142o\u017ce wykonuje si\u0119 z produkt\u00f3w spo\u017cywczych, ka\u0142u i innych materia\u0142\u00f3w. Wielko\u015b\u0107 opakowania: 20 p\u0142ytek<\/p>","protected":false},"featured_media":0,"template":"","meta":[],"product_brand":[],"product_cat":[104,97,78,80],"product_tag":[],"class_list":{"0":"post-3598","1":"product","2":"type-product","3":"status-publish","5":"product_cat-plytki-podloza-mikrobiologiczne-gotowe","6":"product_cat-podloza-gotowe-na-plytkach","7":"product_cat-podloza-mikrobiologiczne-gotowe","8":"product_cat-weterynaria","10":"first","11":"instock","12":"shipping-taxable","13":"product-type-simple"},"_links":{"self":[{"href":"https:\/\/www.btl.com.pl\/en\/wp-json\/wp\/v2\/product\/3598","targetHints":{"allow":["GET"]}}],"collection":[{"href":"https:\/\/www.btl.com.pl\/en\/wp-json\/wp\/v2\/product"}],"about":[{"href":"https:\/\/www.btl.com.pl\/en\/wp-json\/wp\/v2\/types\/product"}],"version-history":[{"count":1,"href":"https:\/\/www.btl.com.pl\/en\/wp-json\/wp\/v2\/product\/3598\/revisions"}],"predecessor-version":[{"id":3599,"href":"https:\/\/www.btl.com.pl\/en\/wp-json\/wp\/v2\/product\/3598\/revisions\/3599"}],"wp:attachment":[{"href":"https:\/\/www.btl.com.pl\/en\/wp-json\/wp\/v2\/media?parent=3598"}],"wp:term":[{"taxonomy":"product_brand","embeddable":true,"href":"https:\/\/www.btl.com.pl\/en\/wp-json\/wp\/v2\/product_brand?post=3598"},{"taxonomy":"product_cat","embeddable":true,"href":"https:\/\/www.btl.com.pl\/en\/wp-json\/wp\/v2\/product_cat?post=3598"},{"taxonomy":"product_tag","embeddable":true,"href":"https:\/\/www.btl.com.pl\/en\/wp-json\/wp\/v2\/product_tag?post=3598"}],"curies":[{"name":"wp","href":"https:\/\/api.w.org\/{rel}","templated":true}]}}