{"id":3596,"date":"2022-02-21T17:08:54","date_gmt":"2022-02-21T16:08:54","guid":{"rendered":"https:\/\/btl.com.pl\/?post_type=product&#038;p=3596"},"modified":"2022-03-28T20:59:04","modified_gmt":"2022-03-28T18:59:04","slug":"chromogenic-coliform-agar-cca-pp-0504","status":"publish","type":"product","link":"https:\/\/www.btl.com.pl\/en\/produkty\/weterynaria\/podloza-gotowe-na-plytkach\/chromogenic-coliform-agar-cca-pp-0504\/","title":{"rendered":"Chromogenic Coliform Agar CCA.  PP 0504"},"content":{"rendered":"<div>nr katalogowy: <b>PP 0504<\/b><\/div>\n<p>&nbsp;<\/p>\n<div>\n<p><strong>Zastosowanie:<\/strong><\/p>\n<p>Sta\u0142a, r\u00f3\u017cnicuj\u0105ca i selektywna po\u017cywka do wykrywania i oznaczania wszystkich form <em>Escherichia coli <\/em>w pr\u00f3bkach wody<em>\u00a0<\/em>metod\u0105 filtracji membranowej.<\/p>\n<p><strong>Wielko\u015b\u0107 opakowania:<\/strong><\/p>\n<p>20 p\u0142ytek<\/p>\n<\/div>","protected":false},"excerpt":{"rendered":"<p>nr katalogowy: PP 0504 &nbsp; Zastosowanie: Sta\u0142a, r\u00f3\u017cnicuj\u0105ca i selektywna po\u017cywka do wykrywania i oznaczania wszystkich form Escherichia coli w pr\u00f3bkach wody\u00a0metod\u0105 filtracji membranowej. Wielko\u015b\u0107 opakowania: 20 p\u0142ytek<\/p>","protected":false},"featured_media":0,"template":"","meta":[],"product_brand":[],"product_cat":[104,97,78,80],"product_tag":[],"class_list":{"0":"post-3596","1":"product","2":"type-product","3":"status-publish","5":"product_cat-plytki-podloza-mikrobiologiczne-gotowe","6":"product_cat-podloza-gotowe-na-plytkach","7":"product_cat-podloza-mikrobiologiczne-gotowe","8":"product_cat-weterynaria","10":"first","11":"instock","12":"shipping-taxable","13":"product-type-simple"},"_links":{"self":[{"href":"https:\/\/www.btl.com.pl\/en\/wp-json\/wp\/v2\/product\/3596","targetHints":{"allow":["GET"]}}],"collection":[{"href":"https:\/\/www.btl.com.pl\/en\/wp-json\/wp\/v2\/product"}],"about":[{"href":"https:\/\/www.btl.com.pl\/en\/wp-json\/wp\/v2\/types\/product"}],"version-history":[{"count":1,"href":"https:\/\/www.btl.com.pl\/en\/wp-json\/wp\/v2\/product\/3596\/revisions"}],"predecessor-version":[{"id":3597,"href":"https:\/\/www.btl.com.pl\/en\/wp-json\/wp\/v2\/product\/3596\/revisions\/3597"}],"wp:attachment":[{"href":"https:\/\/www.btl.com.pl\/en\/wp-json\/wp\/v2\/media?parent=3596"}],"wp:term":[{"taxonomy":"product_brand","embeddable":true,"href":"https:\/\/www.btl.com.pl\/en\/wp-json\/wp\/v2\/product_brand?post=3596"},{"taxonomy":"product_cat","embeddable":true,"href":"https:\/\/www.btl.com.pl\/en\/wp-json\/wp\/v2\/product_cat?post=3596"},{"taxonomy":"product_tag","embeddable":true,"href":"https:\/\/www.btl.com.pl\/en\/wp-json\/wp\/v2\/product_tag?post=3596"}],"curies":[{"name":"wp","href":"https:\/\/api.w.org\/{rel}","templated":true}]}}