{"id":3587,"date":"2022-02-21T16:52:25","date_gmt":"2022-02-21T15:52:25","guid":{"rendered":"https:\/\/btl.com.pl\/?post_type=product&#038;p=3587"},"modified":"2022-03-28T19:59:23","modified_gmt":"2022-03-28T17:59:23","slug":"agar-z-wyciagiem-mozgowo-sercowym-pp-0016","status":"publish","type":"product","link":"https:\/\/www.btl.com.pl\/en\/produkty\/weterynaria\/podloza-gotowe-na-plytkach\/agar-z-wyciagiem-mozgowo-sercowym-pp-0016\/","title":{"rendered":"Agar z wyci\u0105giem m\u00f3zgowo &#8211; sercowym.  PP 0016"},"content":{"rendered":"<div>nr katalogowy: <b>PP 0016<\/b><\/div>\n<p>&nbsp;<\/p>\n<div>\n<p><strong>Zastosowanie:<\/strong><br \/>\nPod\u0142o\u017ce do hodowli drobnoustroj\u00f3w o wysokich wymaganiach pokarmowych, szczeg\u00f3lnie drobnoustroj\u00f3w chorobotw\u00f3rczych, np. streptokok\u00f3w, pneumokok\u00f3w, meningokok\u00f3w.<br \/>\n<strong>Wielko\u015b\u0107 opakowania:<\/strong><br \/>\n20 p\u0142ytek<\/p>\n<\/div>","protected":false},"excerpt":{"rendered":"<p>nr katalogowy: PP 0016 &nbsp; Zastosowanie: Pod\u0142o\u017ce do hodowli drobnoustroj\u00f3w o wysokich wymaganiach pokarmowych, szczeg\u00f3lnie drobnoustroj\u00f3w chorobotw\u00f3rczych, np. streptokok\u00f3w, pneumokok\u00f3w, meningokok\u00f3w. Wielko\u015b\u0107 opakowania: 20 p\u0142ytek<\/p>","protected":false},"featured_media":0,"template":"","meta":[],"product_brand":[],"product_cat":[104,97,78,80],"product_tag":[],"class_list":{"0":"post-3587","1":"product","2":"type-product","3":"status-publish","5":"product_cat-plytki-podloza-mikrobiologiczne-gotowe","6":"product_cat-podloza-gotowe-na-plytkach","7":"product_cat-podloza-mikrobiologiczne-gotowe","8":"product_cat-weterynaria","10":"first","11":"instock","12":"shipping-taxable","13":"product-type-simple"},"_links":{"self":[{"href":"https:\/\/www.btl.com.pl\/en\/wp-json\/wp\/v2\/product\/3587","targetHints":{"allow":["GET"]}}],"collection":[{"href":"https:\/\/www.btl.com.pl\/en\/wp-json\/wp\/v2\/product"}],"about":[{"href":"https:\/\/www.btl.com.pl\/en\/wp-json\/wp\/v2\/types\/product"}],"version-history":[{"count":1,"href":"https:\/\/www.btl.com.pl\/en\/wp-json\/wp\/v2\/product\/3587\/revisions"}],"predecessor-version":[{"id":3588,"href":"https:\/\/www.btl.com.pl\/en\/wp-json\/wp\/v2\/product\/3587\/revisions\/3588"}],"wp:attachment":[{"href":"https:\/\/www.btl.com.pl\/en\/wp-json\/wp\/v2\/media?parent=3587"}],"wp:term":[{"taxonomy":"product_brand","embeddable":true,"href":"https:\/\/www.btl.com.pl\/en\/wp-json\/wp\/v2\/product_brand?post=3587"},{"taxonomy":"product_cat","embeddable":true,"href":"https:\/\/www.btl.com.pl\/en\/wp-json\/wp\/v2\/product_cat?post=3587"},{"taxonomy":"product_tag","embeddable":true,"href":"https:\/\/www.btl.com.pl\/en\/wp-json\/wp\/v2\/product_tag?post=3587"}],"curies":[{"name":"wp","href":"https:\/\/api.w.org\/{rel}","templated":true}]}}