{"id":3585,"date":"2022-02-21T16:49:41","date_gmt":"2022-02-21T15:49:41","guid":{"rendered":"https:\/\/btl.com.pl\/?post_type=product&#038;p=3585"},"modified":"2022-03-28T19:47:31","modified_gmt":"2022-03-28T17:47:31","slug":"agar-z-mannitolem-podloze-chapmana-pp-0011","status":"publish","type":"product","link":"https:\/\/www.btl.com.pl\/en\/produkty\/weterynaria\/podloza-gotowe-na-plytkach\/agar-z-mannitolem-podloze-chapmana-pp-0011\/","title":{"rendered":"Agar z mannitolem (Pod\u0142o\u017ce Chapmana).  PP 0011"},"content":{"rendered":"<div>nr katalogowy: <b>PP 0011<\/b><\/div>\n<p>&nbsp;<\/p>\n<div>\n<p><strong>Zastosowanie:<\/strong><br \/>\nPod\u0142o\u017ce wybi\u00f3rcze do izolowania i wykrywania gronkowc\u00f3w chorobotw\u00f3rczych w artyku\u0142ach spo\u017cywczych i innych materia\u0142ach.<br \/>\n<strong>Wielko\u015b\u0107 opakowania:<\/strong><br \/>\n20 p\u0142ytek<\/p>\n<\/div>","protected":false},"excerpt":{"rendered":"<p>nr katalogowy: PP 0011 &nbsp; Zastosowanie: Pod\u0142o\u017ce wybi\u00f3rcze do izolowania i wykrywania gronkowc\u00f3w chorobotw\u00f3rczych w artyku\u0142ach spo\u017cywczych i innych materia\u0142ach. Wielko\u015b\u0107 opakowania: 20 p\u0142ytek<\/p>","protected":false},"featured_media":0,"template":"","meta":[],"product_brand":[],"product_cat":[104,97,78,80],"product_tag":[],"class_list":{"0":"post-3585","1":"product","2":"type-product","3":"status-publish","5":"product_cat-plytki-podloza-mikrobiologiczne-gotowe","6":"product_cat-podloza-gotowe-na-plytkach","7":"product_cat-podloza-mikrobiologiczne-gotowe","8":"product_cat-weterynaria","10":"first","11":"instock","12":"shipping-taxable","13":"product-type-simple"},"_links":{"self":[{"href":"https:\/\/www.btl.com.pl\/en\/wp-json\/wp\/v2\/product\/3585","targetHints":{"allow":["GET"]}}],"collection":[{"href":"https:\/\/www.btl.com.pl\/en\/wp-json\/wp\/v2\/product"}],"about":[{"href":"https:\/\/www.btl.com.pl\/en\/wp-json\/wp\/v2\/types\/product"}],"version-history":[{"count":1,"href":"https:\/\/www.btl.com.pl\/en\/wp-json\/wp\/v2\/product\/3585\/revisions"}],"predecessor-version":[{"id":3586,"href":"https:\/\/www.btl.com.pl\/en\/wp-json\/wp\/v2\/product\/3585\/revisions\/3586"}],"wp:attachment":[{"href":"https:\/\/www.btl.com.pl\/en\/wp-json\/wp\/v2\/media?parent=3585"}],"wp:term":[{"taxonomy":"product_brand","embeddable":true,"href":"https:\/\/www.btl.com.pl\/en\/wp-json\/wp\/v2\/product_brand?post=3585"},{"taxonomy":"product_cat","embeddable":true,"href":"https:\/\/www.btl.com.pl\/en\/wp-json\/wp\/v2\/product_cat?post=3585"},{"taxonomy":"product_tag","embeddable":true,"href":"https:\/\/www.btl.com.pl\/en\/wp-json\/wp\/v2\/product_tag?post=3585"}],"curies":[{"name":"wp","href":"https:\/\/api.w.org\/{rel}","templated":true}]}}