{"id":3583,"date":"2022-02-21T15:18:57","date_gmt":"2022-02-21T14:18:57","guid":{"rendered":"https:\/\/btl.com.pl\/?post_type=product&#038;p=3583"},"modified":"2022-03-28T20:40:48","modified_gmt":"2022-03-28T18:40:48","slug":"agar-z-eskulina-zolcia-azydkiem-sodu-i-cytrynianem-enterococcosel-agar-pp-0284","status":"publish","type":"product","link":"https:\/\/www.btl.com.pl\/en\/produkty\/weterynaria\/podloza-gotowe-na-plytkach\/agar-z-eskulina-zolcia-azydkiem-sodu-i-cytrynianem-enterococcosel-agar-pp-0284\/","title":{"rendered":"Agar z eskulin\u0105, \u017c\u00f3\u0142ci\u0105, azydkiem sodu i cytrynianem (Enterococcosel Agar).  PP 0284"},"content":{"rendered":"<div>nr katalogowy: <b>PP 0284<\/b><\/div>\n<p>&nbsp;<\/p>\n<div>\n<p><strong>Zastosowanie:<\/strong><br \/>\nPod\u0142o\u017ce wybi\u00f3rcze do izolacji, r\u00f3\u017cnicowania i potwierdzania obecno\u015bci paciorkowc\u00f3w fekalnych w wodzie i innych materia\u0142ach. Pod\u0142o\u017ce to zalecane jest przy izolacji paciorkowc\u00f3w z materia\u0142\u00f3w o mieszanej mikroflorze.<br \/>\n<strong>Wielko\u015b\u0107 opakowania:<br \/>\n<\/strong>20 p\u0142ytek<\/p>\n<\/div>","protected":false},"excerpt":{"rendered":"<p>nr katalogowy: PP 0284 &nbsp; Zastosowanie: Pod\u0142o\u017ce wybi\u00f3rcze do izolacji, r\u00f3\u017cnicowania i potwierdzania obecno\u015bci paciorkowc\u00f3w fekalnych w wodzie i innych materia\u0142ach. Pod\u0142o\u017ce to zalecane jest przy izolacji paciorkowc\u00f3w z materia\u0142\u00f3w o mieszanej mikroflorze. Wielko\u015b\u0107 opakowania: 20 p\u0142ytek<\/p>","protected":false},"featured_media":0,"template":"","meta":[],"product_brand":[],"product_cat":[104,97,78,80],"product_tag":[],"class_list":{"0":"post-3583","1":"product","2":"type-product","3":"status-publish","5":"product_cat-plytki-podloza-mikrobiologiczne-gotowe","6":"product_cat-podloza-gotowe-na-plytkach","7":"product_cat-podloza-mikrobiologiczne-gotowe","8":"product_cat-weterynaria","10":"first","11":"instock","12":"shipping-taxable","13":"product-type-simple"},"_links":{"self":[{"href":"https:\/\/www.btl.com.pl\/en\/wp-json\/wp\/v2\/product\/3583","targetHints":{"allow":["GET"]}}],"collection":[{"href":"https:\/\/www.btl.com.pl\/en\/wp-json\/wp\/v2\/product"}],"about":[{"href":"https:\/\/www.btl.com.pl\/en\/wp-json\/wp\/v2\/types\/product"}],"version-history":[{"count":1,"href":"https:\/\/www.btl.com.pl\/en\/wp-json\/wp\/v2\/product\/3583\/revisions"}],"predecessor-version":[{"id":3584,"href":"https:\/\/www.btl.com.pl\/en\/wp-json\/wp\/v2\/product\/3583\/revisions\/3584"}],"wp:attachment":[{"href":"https:\/\/www.btl.com.pl\/en\/wp-json\/wp\/v2\/media?parent=3583"}],"wp:term":[{"taxonomy":"product_brand","embeddable":true,"href":"https:\/\/www.btl.com.pl\/en\/wp-json\/wp\/v2\/product_brand?post=3583"},{"taxonomy":"product_cat","embeddable":true,"href":"https:\/\/www.btl.com.pl\/en\/wp-json\/wp\/v2\/product_cat?post=3583"},{"taxonomy":"product_tag","embeddable":true,"href":"https:\/\/www.btl.com.pl\/en\/wp-json\/wp\/v2\/product_tag?post=3583"}],"curies":[{"name":"wp","href":"https:\/\/api.w.org\/{rel}","templated":true}]}}