{"id":3571,"date":"2022-02-21T15:05:22","date_gmt":"2022-02-21T14:05:22","guid":{"rendered":"https:\/\/btl.com.pl\/?post_type=product&#038;p=3571"},"modified":"2022-03-28T20:04:36","modified_gmt":"2022-03-28T18:04:36","slug":"agar-standardowy-do-liczenia-drobnoustrojow-pca-pp-0037","status":"publish","type":"product","link":"https:\/\/www.btl.com.pl\/en\/produkty\/weterynaria\/podloza-gotowe-na-plytkach\/agar-standardowy-do-liczenia-drobnoustrojow-pca-pp-0037\/","title":{"rendered":"Agar standardowy do liczenia drobnoustroj\u00f3w (PCA).   PP 0037"},"content":{"rendered":"<div>nr katalogowy: <b>PP 0037<\/b><\/div>\n<p>&nbsp;<\/p>\n<div>\n<p><strong>Zastosowanie:<\/strong><br \/>\nPod\u0142o\u017ce do oznaczania og\u00f3lnej liczby drobnoustroj\u00f3w w produktach \u017cywno\u015bciowych, mleku, wodzie i innych materia\u0142ach<br \/>\n<strong>Wielko\u015b\u0107 opakowania:<br \/>\n<\/strong>20 p\u0142ytek<\/p>\n<\/div>","protected":false},"excerpt":{"rendered":"<p>nr katalogowy: PP 0037 &nbsp; Zastosowanie: Pod\u0142o\u017ce do oznaczania og\u00f3lnej liczby drobnoustroj\u00f3w w produktach \u017cywno\u015bciowych, mleku, wodzie i innych materia\u0142ach Wielko\u015b\u0107 opakowania: 20 p\u0142ytek<\/p>","protected":false},"featured_media":0,"template":"","meta":[],"product_brand":[],"product_cat":[104,97,78,80],"product_tag":[],"class_list":{"0":"post-3571","1":"product","2":"type-product","3":"status-publish","5":"product_cat-plytki-podloza-mikrobiologiczne-gotowe","6":"product_cat-podloza-gotowe-na-plytkach","7":"product_cat-podloza-mikrobiologiczne-gotowe","8":"product_cat-weterynaria","10":"first","11":"instock","12":"shipping-taxable","13":"product-type-simple"},"_links":{"self":[{"href":"https:\/\/www.btl.com.pl\/en\/wp-json\/wp\/v2\/product\/3571","targetHints":{"allow":["GET"]}}],"collection":[{"href":"https:\/\/www.btl.com.pl\/en\/wp-json\/wp\/v2\/product"}],"about":[{"href":"https:\/\/www.btl.com.pl\/en\/wp-json\/wp\/v2\/types\/product"}],"version-history":[{"count":1,"href":"https:\/\/www.btl.com.pl\/en\/wp-json\/wp\/v2\/product\/3571\/revisions"}],"predecessor-version":[{"id":3572,"href":"https:\/\/www.btl.com.pl\/en\/wp-json\/wp\/v2\/product\/3571\/revisions\/3572"}],"wp:attachment":[{"href":"https:\/\/www.btl.com.pl\/en\/wp-json\/wp\/v2\/media?parent=3571"}],"wp:term":[{"taxonomy":"product_brand","embeddable":true,"href":"https:\/\/www.btl.com.pl\/en\/wp-json\/wp\/v2\/product_brand?post=3571"},{"taxonomy":"product_cat","embeddable":true,"href":"https:\/\/www.btl.com.pl\/en\/wp-json\/wp\/v2\/product_cat?post=3571"},{"taxonomy":"product_tag","embeddable":true,"href":"https:\/\/www.btl.com.pl\/en\/wp-json\/wp\/v2\/product_tag?post=3571"}],"curies":[{"name":"wp","href":"https:\/\/api.w.org\/{rel}","templated":true}]}}