{"id":3567,"date":"2022-02-21T15:01:53","date_gmt":"2022-02-21T14:01:53","guid":{"rendered":"https:\/\/btl.com.pl\/?post_type=product&#038;p=3567"},"modified":"2022-03-28T19:58:04","modified_gmt":"2022-03-28T17:58:04","slug":"agar-salmonella-shigella-ss-pp-0015","status":"publish","type":"product","link":"https:\/\/www.btl.com.pl\/en\/produkty\/weterynaria\/podloza-gotowe-na-plytkach\/agar-salmonella-shigella-ss-pp-0015\/","title":{"rendered":"Agar Salmonella Shigella (SS).  PP 0015"},"content":{"rendered":"<div>nr katalogowy: <b>PP 0015<\/b><\/div>\n<p>&nbsp;<\/p>\n<div>\n<p><strong>Zastosowanie:<\/strong><br \/>\nPod\u0142o\u017ce wybi\u00f3rcze do izolacji <em>Salmonella sp.<\/em> i <em>Shigella<\/em> sp. z produkt\u00f3w spo\u017cywczych, ka\u0142u i innego materia\u0142u podejrzanego o wyst\u0119powanie powy\u017cszych mikroorganizm\u00f3w.<br \/>\n<strong>Wielko\u015b\u0107 opakowania:<\/strong><br \/>\n20 p\u0142ytek<\/p>\n<\/div>","protected":false},"excerpt":{"rendered":"<p>nr katalogowy: PP 0015 &nbsp; Zastosowanie: Pod\u0142o\u017ce wybi\u00f3rcze do izolacji Salmonella sp. i Shigella sp. z produkt\u00f3w spo\u017cywczych, ka\u0142u i innego materia\u0142u podejrzanego o wyst\u0119powanie powy\u017cszych mikroorganizm\u00f3w. Wielko\u015b\u0107 opakowania: 20 p\u0142ytek<\/p>","protected":false},"featured_media":0,"template":"","meta":[],"product_brand":[],"product_cat":[104,97,78,80],"product_tag":[],"class_list":{"0":"post-3567","1":"product","2":"type-product","3":"status-publish","5":"product_cat-plytki-podloza-mikrobiologiczne-gotowe","6":"product_cat-podloza-gotowe-na-plytkach","7":"product_cat-podloza-mikrobiologiczne-gotowe","8":"product_cat-weterynaria","10":"first","11":"instock","12":"shipping-taxable","13":"product-type-simple"},"_links":{"self":[{"href":"https:\/\/www.btl.com.pl\/en\/wp-json\/wp\/v2\/product\/3567","targetHints":{"allow":["GET"]}}],"collection":[{"href":"https:\/\/www.btl.com.pl\/en\/wp-json\/wp\/v2\/product"}],"about":[{"href":"https:\/\/www.btl.com.pl\/en\/wp-json\/wp\/v2\/types\/product"}],"version-history":[{"count":1,"href":"https:\/\/www.btl.com.pl\/en\/wp-json\/wp\/v2\/product\/3567\/revisions"}],"predecessor-version":[{"id":3568,"href":"https:\/\/www.btl.com.pl\/en\/wp-json\/wp\/v2\/product\/3567\/revisions\/3568"}],"wp:attachment":[{"href":"https:\/\/www.btl.com.pl\/en\/wp-json\/wp\/v2\/media?parent=3567"}],"wp:term":[{"taxonomy":"product_brand","embeddable":true,"href":"https:\/\/www.btl.com.pl\/en\/wp-json\/wp\/v2\/product_brand?post=3567"},{"taxonomy":"product_cat","embeddable":true,"href":"https:\/\/www.btl.com.pl\/en\/wp-json\/wp\/v2\/product_cat?post=3567"},{"taxonomy":"product_tag","embeddable":true,"href":"https:\/\/www.btl.com.pl\/en\/wp-json\/wp\/v2\/product_tag?post=3567"}],"curies":[{"name":"wp","href":"https:\/\/api.w.org\/{rel}","templated":true}]}}