{"id":3563,"date":"2022-02-21T14:50:50","date_gmt":"2022-02-21T13:50:50","guid":{"rendered":"https:\/\/btl.com.pl\/?post_type=product&#038;p=3563"},"modified":"2022-03-28T19:57:21","modified_gmt":"2022-03-28T17:57:21","slug":"agar-sabourauda-z-4-dodatkiem-glukozy-pp-0014","status":"publish","type":"product","link":"https:\/\/www.btl.com.pl\/en\/produkty\/weterynaria\/podloza-gotowe-na-plytkach\/agar-sabourauda-z-4-dodatkiem-glukozy-pp-0014\/","title":{"rendered":"Agar Sabourauda z 4% dodatkiem glukozy.  PP 0014"},"content":{"rendered":"<div>nr katalogowy: <b>PP 0014<\/b><\/div>\n<p>&nbsp;<\/p>\n<div>\n<p><strong>Zastosowanie:<\/strong><br \/>\nPod\u0142o\u017ce do hodowli, izolacji i identyfikacji grzyb\u00f3w w tym grzyb\u00f3w chorobotw\u00f3rczych.<br \/>\n<strong>Wielko\u015b\u0107 opakowania:<br \/>\n<\/strong>20 p\u0142ytek<\/p>\n<\/div>","protected":false},"excerpt":{"rendered":"<p>nr katalogowy: PP 0014 &nbsp; Zastosowanie: Pod\u0142o\u017ce do hodowli, izolacji i identyfikacji grzyb\u00f3w w tym grzyb\u00f3w chorobotw\u00f3rczych. Wielko\u015b\u0107 opakowania: 20 p\u0142ytek<\/p>","protected":false},"featured_media":0,"template":"","meta":[],"product_brand":[],"product_cat":[104,97,78,80],"product_tag":[],"class_list":{"0":"post-3563","1":"product","2":"type-product","3":"status-publish","5":"product_cat-plytki-podloza-mikrobiologiczne-gotowe","6":"product_cat-podloza-gotowe-na-plytkach","7":"product_cat-podloza-mikrobiologiczne-gotowe","8":"product_cat-weterynaria","10":"first","11":"instock","12":"shipping-taxable","13":"product-type-simple"},"_links":{"self":[{"href":"https:\/\/www.btl.com.pl\/en\/wp-json\/wp\/v2\/product\/3563","targetHints":{"allow":["GET"]}}],"collection":[{"href":"https:\/\/www.btl.com.pl\/en\/wp-json\/wp\/v2\/product"}],"about":[{"href":"https:\/\/www.btl.com.pl\/en\/wp-json\/wp\/v2\/types\/product"}],"version-history":[{"count":1,"href":"https:\/\/www.btl.com.pl\/en\/wp-json\/wp\/v2\/product\/3563\/revisions"}],"predecessor-version":[{"id":3564,"href":"https:\/\/www.btl.com.pl\/en\/wp-json\/wp\/v2\/product\/3563\/revisions\/3564"}],"wp:attachment":[{"href":"https:\/\/www.btl.com.pl\/en\/wp-json\/wp\/v2\/media?parent=3563"}],"wp:term":[{"taxonomy":"product_brand","embeddable":true,"href":"https:\/\/www.btl.com.pl\/en\/wp-json\/wp\/v2\/product_brand?post=3563"},{"taxonomy":"product_cat","embeddable":true,"href":"https:\/\/www.btl.com.pl\/en\/wp-json\/wp\/v2\/product_cat?post=3563"},{"taxonomy":"product_tag","embeddable":true,"href":"https:\/\/www.btl.com.pl\/en\/wp-json\/wp\/v2\/product_tag?post=3563"}],"curies":[{"name":"wp","href":"https:\/\/api.w.org\/{rel}","templated":true}]}}