{"id":3561,"date":"2022-02-21T14:49:29","date_gmt":"2022-02-21T13:49:29","guid":{"rendered":"https:\/\/btl.com.pl\/?post_type=product&#038;p=3561"},"modified":"2022-03-28T20:29:52","modified_gmt":"2022-03-28T18:29:52","slug":"agar-palcam-pp-0212","status":"publish","type":"product","link":"https:\/\/www.btl.com.pl\/en\/produkty\/weterynaria\/podloza-gotowe-na-plytkach\/agar-palcam-pp-0212\/","title":{"rendered":"Agar Palcam.  PP 0212"},"content":{"rendered":"<div>nr katalogowy: <b>PP 0212<\/b><\/div>\n<p>&nbsp;<\/p>\n<div>\n<p><strong>Zastosowanie:<\/strong><br \/>\nPod\u0142o\u017ce wybi\u00f3rczo-r\u00f3\u017cnicuj\u0105ce do wykrywania i izolacji <em>Listeria monocytogenes<\/em> z produkt\u00f3w spo\u017cywczych, ka\u0142u i innych silnie zanieczyszczonych materia\u0142\u00f3w mikroflor\u0105 towarzysz\u0105c\u0105. Agar Palcam zawiera odpowiedni\u0105 ilo\u015b\u0107 sk\u0142adnik\u00f3w od\u017cywczych gwarantuj\u0105cych wzrost i rozmna\u017canie bakterii z rodzaju <em>Listeria.<br \/>\n<\/em><strong>Wielko\u015b\u0107 opakowania:<\/strong><br \/>\n20 p\u0142ytek<\/p>\n<\/div>","protected":false},"excerpt":{"rendered":"<p>nr katalogowy: PP 0212 &nbsp; Zastosowanie: Pod\u0142o\u017ce wybi\u00f3rczo-r\u00f3\u017cnicuj\u0105ce do wykrywania i izolacji Listeria monocytogenes z produkt\u00f3w spo\u017cywczych, ka\u0142u i innych silnie zanieczyszczonych materia\u0142\u00f3w mikroflor\u0105 towarzysz\u0105c\u0105. Agar Palcam zawiera odpowiedni\u0105 ilo\u015b\u0107 sk\u0142adnik\u00f3w od\u017cywczych gwarantuj\u0105cych wzrost i rozmna\u017canie bakterii z rodzaju Listeria. Wielko\u015b\u0107 opakowania: 20 p\u0142ytek<\/p>","protected":false},"featured_media":0,"template":"","meta":[],"product_brand":[],"product_cat":[104,97,78,80],"product_tag":[],"class_list":{"0":"post-3561","1":"product","2":"type-product","3":"status-publish","5":"product_cat-plytki-podloza-mikrobiologiczne-gotowe","6":"product_cat-podloza-gotowe-na-plytkach","7":"product_cat-podloza-mikrobiologiczne-gotowe","8":"product_cat-weterynaria","10":"first","11":"instock","12":"shipping-taxable","13":"product-type-simple"},"_links":{"self":[{"href":"https:\/\/www.btl.com.pl\/en\/wp-json\/wp\/v2\/product\/3561","targetHints":{"allow":["GET"]}}],"collection":[{"href":"https:\/\/www.btl.com.pl\/en\/wp-json\/wp\/v2\/product"}],"about":[{"href":"https:\/\/www.btl.com.pl\/en\/wp-json\/wp\/v2\/types\/product"}],"version-history":[{"count":1,"href":"https:\/\/www.btl.com.pl\/en\/wp-json\/wp\/v2\/product\/3561\/revisions"}],"predecessor-version":[{"id":3562,"href":"https:\/\/www.btl.com.pl\/en\/wp-json\/wp\/v2\/product\/3561\/revisions\/3562"}],"wp:attachment":[{"href":"https:\/\/www.btl.com.pl\/en\/wp-json\/wp\/v2\/media?parent=3561"}],"wp:term":[{"taxonomy":"product_brand","embeddable":true,"href":"https:\/\/www.btl.com.pl\/en\/wp-json\/wp\/v2\/product_brand?post=3561"},{"taxonomy":"product_cat","embeddable":true,"href":"https:\/\/www.btl.com.pl\/en\/wp-json\/wp\/v2\/product_cat?post=3561"},{"taxonomy":"product_tag","embeddable":true,"href":"https:\/\/www.btl.com.pl\/en\/wp-json\/wp\/v2\/product_tag?post=3561"}],"curies":[{"name":"wp","href":"https:\/\/api.w.org\/{rel}","templated":true}]}}